{"id":2305,"date":"2022-08-18T12:02:50","date_gmt":"2022-08-18T12:02:50","guid":{"rendered":"https:\/\/www.phoneaccessories.top\/politica-de-privacidad\/"},"modified":"2023-09-02T03:24:54","modified_gmt":"2023-09-02T03:24:54","slug":"politica-de-privacidad","status":"publish","type":"page","link":"https:\/\/www.phoneaccessories.top\/es\/politica-de-privacidad\/","title":{"rendered":"pol\u00edtica de privacidad"},"content":{"rendered":"<div class=\"wpb-content-wrapper\"><p>[vc_row full_width=\u00bbstretch_row\u00bb css=\u00bb.vc_custom_1632839216632{margin-top: -40px !important;margin-bottom: 80px !important;padding-top: 80px !important;padding-bottom: 80px !important;background-color: #f8f8f8 !important;}\u00bb woodmart_box_shadow=\u00bbno\u00bb wd_z_index=\u00bbno\u00bb woodmart_css_id=\u00bb61532621076cc\u00bb responsive_spacing=\u00bbeyJwYXJhbV90eXBlIjoid29vZG1hcnRfcmVzcG9uc2l2ZV9zcGFjaW5nIiwic2VsZWN0b3JfaWQiOiI2MTUzMjYyMTA3NmNjIiwic2hvcnRjb2RlIjoidmNfcm93IiwiZGF0YSI6eyJ0YWJsZXQiOnsibWFyZ2luLWJvdHRvbSI6IjYwIiwicGFkZGluZy10b3AiOiI2MCIsInBhZGRpbmctYm90dG9tIjoiNjAifSwibW9iaWxlIjp7fX19&#8243; mobile_bg_img_hidden=\u00bbno\u00bb tablet_bg_img_hidden=\u00bbno\u00bb woodmart_parallax=\u00bb0&#8243; woodmart_gradient_switch=\u00bbno\u00bb row_reverse_mobile=\u00bb0&#8243; row_reverse_tablet=\u00bb0&#8243; woodmart_disable_overflow=\u00bb0&#8243;][vc_column width=\u00bb1\/2&#8243; offset=\u00bbvc_col-sm-offset-3&#8243; css=\u00bb.vc_custom_1527239539599{padding-top: 0px !important;}\u00bb]\t\t<div id=\"wd-6329d86e476e8\" class=\"wd-image wd-wpb wd-rs-6329d86e476e8 text-center vc_custom_1663686772227\">\n\t\t\t\n\t\t\t<img loading=\"lazy\" decoding=\"async\"  src=\"https:\/\/www.phoneaccessories.top\/wp-content\/uploads\/2022\/09\/privacy-policy-xtemos-logo.svg\" title=\"privacy-policy-xtemos-logo\" width=\"80\" height=\"80\">\n\t\t\t\t\t<\/div>\n\t\t\n\t\t<div id=\"wd-63189c88af226\" class=\"title-wrapper wd-wpb set-mb-s reset-last-child  wd-rs-63189c88af226 wd-title-color-default wd-title-style-default text-center vc_custom_1662557326671 wd-underline-colored\">\n\t\t\t\n\t\t\t<div class=\"liner-continer\">\n\t\t\t\t<h3 class=\"woodmart-title-container title  wd-font-weight- wd-fontsize-xxl\" >Quienes somos<\/h3>\n\t\t\t\t\t\t\t<\/div>\n\t\t\t\n\t\t\t\n\t\t\t\n\t\t<\/div>\n\t\t\n\t\t\t\t<div id=\"wd-64ed4f36c3e83\" class=\"wd-text-block wd-wpb reset-last-child wd-rs-64ed4f36c3e83 text-center wd-fontsize-custom vc_custom_1693273968368\">\n\t\t\t<p>Como empresa de f\u00e1brica y marketing directo en Yiwu China, el fabricante de accesorios para tel\u00e9fonos m\u00f3viles Yiwu Xuanying se compromete a respetar los deseos de sus clientes en lo que respecta a la privacidad. Manejamos toda la informaci\u00f3n del cliente en t\u00e9rminos de cuentas, transacciones y correspondencia con discreci\u00f3n. Las pol\u00edticas enumeradas en la declaraci\u00f3n a continuaci\u00f3n se refieren a pedidos en l\u00ednea.<\/p>\n\t\t<\/div>\n\t\t[\/vc_column][\/vc_row][vc_row css=\u00bb.vc_custom_1661351908031{margin-right: 0px !important;margin-left: 0px !important;border-top-width: 1px !important;border-right-width: 1px !important;border-bottom-width: 1px !important;border-left-width: 1px !important;padding-top: 30px !important;padding-right: 15px !important;padding-bottom: 30px !important;padding-left: 15px !important;background-color: #ffffff !important;border-left-color: #e7e7e7 !important;border-left-style: solid !important;border-right-color: #e7e7e7 !important;border-right-style: solid !important;border-top-color: #e7e7e7 !important;border-top-style: solid !important;border-bottom-color: #e7e7e7 !important;border-bottom-style: solid !important;border-radius: 10px !important;}\u00bb woodmart_css_id=\u00bb630637e02ab39&#8243; responsive_spacing=\u00bbeyJwYXJhbV90eXBlIjoid29vZG1hcnRfcmVzcG9uc2l2ZV9zcGFjaW5nIiwic2VsZWN0b3JfaWQiOiI2MzA2MzdlMDJhYjM5Iiwic2hvcnRjb2RlIjoidmNfcm93IiwiZGF0YSI6eyJ0YWJsZXQiOnt9LCJtb2JpbGUiOnt9fX0=\u00bb mobile_bg_img_hidden=\u00bbno\u00bb tablet_bg_img_hidden=\u00bbno\u00bb woodmart_parallax=\u00bb0&#8243; woodmart_gradient_switch=\u00bbno\u00bb woodmart_box_shadow=\u00bbno\u00bb wd_z_index=\u00bbno\u00bb woodmart_disable_overflow=\u00bb0&#8243; row_reverse_mobile=\u00bb0&#8243; row_reverse_tablet=\u00bb0&#8243;][vc_column css=\u00bb.vc_custom_1527238251732{padding-top: 0px !important;}\u00bb]\t\t<div id=\"wd-64ed4faadb68f\" class=\"wd-text-block wd-wpb reset-last-child wd-rs-64ed4faadb68f text-left wd-font-weight-600 color-title wd-fontsize-m font-primary vc_custom_1693274034119\">\n\t\t\t<h4>Recopilaci\u00f3n de informaci\u00f3n personal<\/h4>\n<p>La \u00fanica informaci\u00f3n personal que recopilamos a trav\u00e9s de nuestro sitio web es la informaci\u00f3n que nuestros clientes nos env\u00edan voluntariamente. No se obtiene informaci\u00f3n personal por la simple navegaci\u00f3n en el sitio. Recopilamos informaci\u00f3n de uso del sitio web, como la cantidad de p\u00e1ginas visitadas, informaci\u00f3n de navegaci\u00f3n, duraci\u00f3n de la estad\u00eda, nombres de los navegadores utilizados y otra informaci\u00f3n de identificaci\u00f3n no personal. Informaci\u00f3n sobre mousegluetrap a trav\u00e9s de ofertas por correo electr\u00f3nico Unirse a nuestra lista de correo electr\u00f3nico le da derecho a recibir ofertas especiales para ahorrar dinero, lanzamientos de nuevas variedades, consejos de cultivo y otra informaci\u00f3n. Su informaci\u00f3n puede combinarse con otra informaci\u00f3n de identificaci\u00f3n personal, como datos demogr\u00e1ficos e informaci\u00f3n de compras anteriores, para que nuestros futuros esfuerzos de marketing sean m\u00e1s eficientes. Cuando usted nos proporciona voluntariamente informaci\u00f3n personal, tiene la posibilidad de optar por no recibir correos electr\u00f3nicos. Tambi\u00e9n puede cambiar de opini\u00f3n y darse de baja en una fecha posterior, ya que cada correo electr\u00f3nico que le enviemos incluir\u00e1 una descripci\u00f3n del proceso simple para permitirle dejar de recibir futuros correos electr\u00f3nicos nuestros. Si decide cancelar la suscripci\u00f3n al programa de correo electr\u00f3nico de GardenTrends, solo recibir\u00e1 comunicaciones nuestras por correo, tel\u00e9fono o correo electr\u00f3nico en lo que respecta a su pedido.<\/p>\n\t\t<\/div>\n\t\t\t\t<div id=\"wd-64ed4fc761e9c\" class=\"wd-text-block wd-wpb reset-last-child wd-rs-64ed4fc761e9c text-left wd-fontsize-custom vc_custom_1693274068327\">\n\t\t\t<h4>Seguridad<\/h4>\n<p>Nuestra tienda ha sido validada y es segura para transacciones en l\u00ednea. La informaci\u00f3n de la tarjeta de cr\u00e9dito que usted proporciona en l\u00ednea est\u00e1 cifrada y se utiliza \u00fanicamente dentro del alcance de las transacciones normales entre usted, mousegluetrap y nuestras instituciones bancarias.<\/p>\n\t\t<\/div>\n\t\t[\/vc_column][\/vc_row]<\/p>\n<\/div>","protected":false},"excerpt":{"rendered":"<p>[vc_row full_width=\u00bbstretch_row\u00bb css=\u00bb.vc_custom_1632839216632{margin-top: -40px !important;margin-bottom: 80px !important;padding-top: 80px !important;padding-bottom: 80px !important;background-color: #f8f8f8 !important;}\u00bb woodmart_box_shadow=\u00bbno\u00bb wd_z_index=\u00bbno\u00bb woodmart_css_id=\u00bb61532621076cc\u00bb responsive_spacing=\u00bbeyJwYXJhbV90eXBlIjoid29vZG1hcnRfcmVzcG9uc2l2ZV9zcGFjaW5nIiwic2VsZWN0b3JfaWQiOiI2MTUzMjYyMTA3NmNjIiwic2hvcnRjb2RlIjoidmNfcm93IiwiZGF0YSI6eyJ0YWJsZXQiOnsibWFyZ2luLWJvdHRvbSI6IjYwIiwicGFkZGluZy10b3AiOiI2MCIsInBhZGRpbmctYm90dG9tIjoiNjAifSwibW9iaWxlIjp7fX19&#8243; mobile_bg_img_hidden=\u00bbno\u00bb tablet_bg_img_hidden=\u00bbno\u00bb woodmart_parallax=\u00bb0&#8243;<\/p>\n","protected":false},"author":1,"featured_media":0,"parent":0,"menu_order":0,"comment_status":"closed","ping_status":"closed","template":"","meta":{"_seopress_robots_primary_cat":"","_seopress_titles_title":"","_seopress_titles_desc":"","_seopress_robots_index":"","footnotes":""},"class_list":["post-2305","page","type-page","status-publish","hentry"],"_links":{"self":[{"href":"https:\/\/www.phoneaccessories.top\/es\/wp-json\/wp\/v2\/pages\/2305","targetHints":{"allow":["GET"]}}],"collection":[{"href":"https:\/\/www.phoneaccessories.top\/es\/wp-json\/wp\/v2\/pages"}],"about":[{"href":"https:\/\/www.phoneaccessories.top\/es\/wp-json\/wp\/v2\/types\/page"}],"author":[{"embeddable":true,"href":"https:\/\/www.phoneaccessories.top\/es\/wp-json\/wp\/v2\/users\/1"}],"replies":[{"embeddable":true,"href":"https:\/\/www.phoneaccessories.top\/es\/wp-json\/wp\/v2\/comments?post=2305"}],"version-history":[{"count":2,"href":"https:\/\/www.phoneaccessories.top\/es\/wp-json\/wp\/v2\/pages\/2305\/revisions"}],"predecessor-version":[{"id":2307,"href":"https:\/\/www.phoneaccessories.top\/es\/wp-json\/wp\/v2\/pages\/2305\/revisions\/2307"}],"wp:attachment":[{"href":"https:\/\/www.phoneaccessories.top\/es\/wp-json\/wp\/v2\/media?parent=2305"}],"curies":[{"name":"wp","href":"https:\/\/api.w.org\/{rel}","templated":true}]}}