{"id":2127,"date":"2023-08-14T09:15:06","date_gmt":"2023-08-14T09:15:06","guid":{"rendered":"https:\/\/www.phoneaccessories.top\/p\/reloj-inteligente-i7-pro-max-serie-7-8-reloj-inteligente\/"},"modified":"2023-08-23T04:18:36","modified_gmt":"2023-08-23T04:18:36","slug":"reloj-inteligente-i7-pro-max-serie-7-8-reloj-inteligente","status":"publish","type":"product","link":"https:\/\/www.phoneaccessories.top\/es\/p\/reloj-inteligente-i7-pro-max-serie-7-8-reloj-inteligente\/","title":{"rendered":"Reloj inteligente I7 Pro Max Serie 7 8 Reloj inteligente"},"content":{"rendered":"<div class=\"wpb-content-wrapper\"><p>[vc_row content_placement=\u00bbmiddle\u00bb css=\u00bb.vc_custom_1661859699693{margin-bottom: 30px !important;}\u00bb woodmart_css_id=\u00bb630df76a36754&#8243; responsive_spacing=\u00bbeyJwYXJhbV90eXBlIjoid29vZG1hcnRfcmVzcG9uc2l2ZV9zcGFjaW5nIiwic2VsZWN0b3JfaWQiOiI2MzBkZjc2YTM2NzU0Iiwic2hvcnRjb2RlIjoidmNfcm93IiwiZGF0YSI6eyJ0YWJsZXQiOnsibWFyZ2luLWJvdHRvbSI6IjEwIn0sIm1vYmlsZSI6e319fQ==\u00bb mobile_bg_img_hidden=\u00bbno\u00bb tablet_bg_img_hidden=\u00bbno\u00bb woodmart_parallax=\u00bb0&#8243; woodmart_gradient_switch=\u00bbno\u00bb woodmart_box_shadow=\u00bbno\u00bb wd_z_index=\u00bbno\u00bb woodmart_disable_overflow=\u00bb0&#8243; row_reverse_mobile=\u00bb0&#8243; row_reverse_tablet=\u00bb0&#8243;][vc_column offset=\u00bbvc_col-lg-6&#8243; woodmart_css_id=\u00bb630df61cde26b\u00bb parallax_scroll=\u00bbno\u00bb woodmart_sticky_column=\u00bbfalse\u00bb wd_collapsible_content_switcher=\u00bbno\u00bb wd_column_role_offcanvas_desktop=\u00bbno\u00bb wd_column_role_offcanvas_tablet=\u00bbno\u00bb wd_column_role_offcanvas_mobile=\u00bbno\u00bb wd_column_role_content_desktop=\u00bbno\u00bb wd_column_role_content_tablet=\u00bbno\u00bb wd_column_role_content_mobile=\u00bbno\u00bb mobile_bg_img_hidden=\u00bbno\u00bb tablet_bg_img_hidden=\u00bbno\u00bb woodmart_parallax=\u00bb0&#8243; woodmart_box_shadow=\u00bbno\u00bb responsive_spacing=\u00bbeyJwYXJhbV90eXBlIjoid29vZG1hcnRfcmVzcG9uc2l2ZV9zcGFjaW5nIiwic2VsZWN0b3JfaWQiOiI2MzBkZjYxY2RlMjZiIiwic2hvcnRjb2RlIjoidmNfY29sdW1uIiwiZGF0YSI6eyJ0YWJsZXQiOnt9LCJtb2JpbGUiOnt9fX0=\u00bb mobile_reset_margin=\u00bbno\u00bb tablet_reset_margin=\u00bbno\u00bb wd_z_index=\u00bbno\u00bb]\t\t<div id=\"gallery_552\" class=\"wd-images-gallery wd-wpb wd-rs-64d9eeb21fb39 vc_custom_1692004053265\" style=\"--wd-justify-content:center;--wd-align-items:center;\">\n\t\t\t\n\t\t\t<div class=\" wd-grid-g\" style=\"--wd-col-lg:2;--wd-col-md:2;--wd-col-sm:1;--wd-gap-lg:20px;--wd-gap-sm:10px;\">\n\t\t\t\t\n\t\t\t\t\t\t\t\t\t\t\t\t\t\t\t<div class=\"wd-gallery-item wd-col\">\n\t\t\t\t\t\t\t\n\t\t\t\t\t\t\t\t<img loading=\"lazy\" decoding=\"async\" width=\"1600\" height=\"1600\" src=\"https:\/\/www.phoneaccessories.top\/wp-content\/uploads\/2023\/08\/I7-Pro-Max-Smart-Watch-Series-7-8-Smartwatch_sport.jpg\" class=\"wd-gallery-image image-1\" alt=\"I7 Pro Max Smart Watch Series 7 8 Smartwatch\" srcset=\"https:\/\/www.phoneaccessories.top\/wp-content\/uploads\/2023\/08\/I7-Pro-Max-Smart-Watch-Series-7-8-Smartwatch_sport.jpg 1600w, https:\/\/www.phoneaccessories.top\/wp-content\/uploads\/2023\/08\/I7-Pro-Max-Smart-Watch-Series-7-8-Smartwatch_sport-300x300.jpg 300w, https:\/\/www.phoneaccessories.top\/wp-content\/uploads\/2023\/08\/I7-Pro-Max-Smart-Watch-Series-7-8-Smartwatch_sport-1024x1024.jpg 1024w, https:\/\/www.phoneaccessories.top\/wp-content\/uploads\/2023\/08\/I7-Pro-Max-Smart-Watch-Series-7-8-Smartwatch_sport-150x150.jpg 150w, https:\/\/www.phoneaccessories.top\/wp-content\/uploads\/2023\/08\/I7-Pro-Max-Smart-Watch-Series-7-8-Smartwatch_sport-768x768.jpg 768w, https:\/\/www.phoneaccessories.top\/wp-content\/uploads\/2023\/08\/I7-Pro-Max-Smart-Watch-Series-7-8-Smartwatch_sport-1536x1536.jpg 1536w, https:\/\/www.phoneaccessories.top\/wp-content\/uploads\/2023\/08\/I7-Pro-Max-Smart-Watch-Series-7-8-Smartwatch_sport-1200x1200.jpg 1200w, https:\/\/www.phoneaccessories.top\/wp-content\/uploads\/2023\/08\/I7-Pro-Max-Smart-Watch-Series-7-8-Smartwatch_sport-600x600.jpg 600w, https:\/\/www.phoneaccessories.top\/wp-content\/uploads\/2023\/08\/I7-Pro-Max-Smart-Watch-Series-7-8-Smartwatch_sport-148x148.jpg 148w\" sizes=\"auto, (max-width: 1600px) 100vw, 1600px\" \/>\n\t\t\t\t\t\t\t\t\t\t\t\t\t\t<\/div>\n\t\t\t\t\t\t\t\t\t\n\t\t\t\t\t\t\t<\/div>\n\n\t\t\t\t\t<\/div>\n\t\t[\/vc_column][vc_column offset=\u00bbvc_col-lg-6&#8243; woodmart_css_id=\u00bb630df6239bd04&#8243; parallax_scroll=\u00bbno\u00bb woodmart_sticky_column=\u00bbfalse\u00bb wd_collapsible_content_switcher=\u00bbno\u00bb wd_column_role_offcanvas_desktop=\u00bbno\u00bb wd_column_role_offcanvas_tablet=\u00bbno\u00bb wd_column_role_offcanvas_mobile=\u00bbno\u00bb wd_column_role_content_desktop=\u00bbno\u00bb wd_column_role_content_tablet=\u00bbno\u00bb wd_column_role_content_mobile=\u00bbno\u00bb mobile_bg_img_hidden=\u00bbno\u00bb tablet_bg_img_hidden=\u00bbno\u00bb woodmart_parallax=\u00bb0&#8243; woodmart_box_shadow=\u00bbno\u00bb responsive_spacing=\u00bbeyJwYXJhbV90eXBlIjoid29vZG1hcnRfcmVzcG9uc2l2ZV9zcGFjaW5nIiwic2VsZWN0b3JfaWQiOiI2MzBkZjYyMzliZDA0Iiwic2hvcnRjb2RlIjoidmNfY29sdW1uIiwiZGF0YSI6eyJ0YWJsZXQiOnt9LCJtb2JpbGUiOnt9fX0=\u00bb mobile_reset_margin=\u00bbno\u00bb tablet_reset_margin=\u00bbno\u00bb wd_z_index=\u00bbno\u00bb]\n\t\t<div id=\"wd-630cbe63d8566\" class=\"title-wrapper wd-wpb set-mb-s reset-last-child  wd-rs-630cbe63d8566 wd-title-color-default wd-title-style-default text-left vc_custom_1661779559595 wd-underline-colored\">\n\t\t\t\n\t\t\t<div class=\"liner-continer\">\n\t\t\t\t<h4 class=\"woodmart-title-container title  wd-font-weight- wd-fontsize-l\" >Caracter\u00edsticas<\/h4>\n\t\t\t\t\t\t\t<\/div>\n\t\t\t\n\t\t\t\n\t\t\t\n\t\t<\/div>\n\t\t\n\t\t\t\t<div id=\"wd-64d9eeea4df5a\" class=\"wd-text-block wd-wpb reset-last-child wd-rs-64d9eeea4df5a text-left \">\n\t\t\t<p>Tama\u00f1o del reloj: 44 mm<\/p>\n<p>Color del reloj: negro, blanco, rosa, verde, rojo, azul<\/p>\n<p>Tama\u00f1o de pantalla: 1,77 pulgadas<\/p>\n<p>Pantalla: HD IPS, 240*285 p\u00edxeles 2.5D pantalla t\u00e1ctil curva completa, resoluci\u00f3n de 320&#215;385<\/p>\n<p>UPC: MTK2502<\/p>\n<p>Memoria: 256 MB<\/p>\n<p>Bater\u00eda: bater\u00eda de iones de litio de 120-180 mAh, mayor duraci\u00f3n de la bater\u00eda<\/p>\n<p>Tama\u00f1o de la correa: 42\/44 mm<\/p>\n<p>Sistema: compatible con Android5.0 e IOS9.0 y superior.<\/p>\n<p>Idiomas: Ingl\u00e9s Holand\u00e9s Ruso Franc\u00e9s Portugu\u00e9s Alem\u00e1n Espa\u00f1a Turqu\u00eda Polonia Malayo Checoslovaquia \u00c1rabe Tailand\u00e9s Italia<\/p>\n<p>IP67 vida a prueba de agua, \u00a1no lleve su reloj a nadar, bucear, ba\u00f1arse y sauna!<\/p>\n<p>Material de apariencia: aleaci\u00f3n<\/p>\n\t\t<\/div>\n\t\t[vc_row_inner][vc_column_inner width=\u00bb1\/3&#8243;]\n\t\t<ul class=\" wd-rs-6329ddeed2dbc wd-list wd-wpb color-scheme-custom wd-fontsize-s wd-list-type-icon wd-list-style-default wd-justify-left \" id=\"wd-6329ddeed2dbc\">\n\t\t\t\t\t\t\t\t\t\t\t<li>\n\t\t\t\t\t<img loading=\"lazy\" decoding=\"async\"  src=\"https:\/\/www.phoneaccessories.top\/wp-content\/uploads\/2022\/09\/ecology.svg\" title=\"ecology\" width=\"25\" height=\"25\">\n\t\t\t\t\t<span class=\"list-content\">Ecology<\/span>\n\t\t\t\t\t\t\t\t\t<\/li>\n\t\t\t\t\t\t\t\t\t\t\t<li>\n\t\t\t\t\t<img loading=\"lazy\" decoding=\"async\"  src=\"https:\/\/www.phoneaccessories.top\/wp-content\/uploads\/2022\/09\/chargers.svg\" title=\"chargers\" width=\"25\" height=\"25\">\n\t\t\t\t\t<span class=\"list-content\">Chargers<\/span>\n\t\t\t\t\t\t\t\t\t<\/li>\n\t\t\t\t\t<\/ul>\n\t\t[\/vc_column_inner][vc_column_inner width=\u00bb1\/3&#8243;]\n\t\t<ul class=\" wd-rs-6329de09c6490 wd-list wd-wpb color-scheme-custom wd-fontsize-s wd-list-type-icon wd-list-style-default wd-justify-left vc_custom_1663688215487\" id=\"wd-6329de09c6490\">\n\t\t\t\t\t\t\t\t\t\t\t<li>\n\t\t\t\t\t<img loading=\"lazy\" decoding=\"async\"  src=\"https:\/\/www.phoneaccessories.top\/wp-content\/uploads\/2022\/09\/creativity.svg\" title=\"creativity\" width=\"25\" height=\"25\">\n\t\t\t\t\t<span class=\"list-content\">Creativity<\/span>\n\t\t\t\t\t\t\t\t\t<\/li>\n\t\t\t\t\t\t\t\t\t\t\t<li>\n\t\t\t\t\t<img loading=\"lazy\" decoding=\"async\"  src=\"https:\/\/www.phoneaccessories.top\/wp-content\/uploads\/2022\/09\/mag-safe.svg\" title=\"mag-safe\" width=\"25\" height=\"25\">\n\t\t\t\t\t<span class=\"list-content\">MagSafe<\/span>\n\t\t\t\t\t\t\t\t\t<\/li>\n\t\t\t\t\t<\/ul>\n\t\t[\/vc_column_inner][vc_column_inner width=\u00bb1\/3&#8243;]\n\t\t<ul class=\" wd-rs-6329de1889ca0 wd-list wd-wpb color-scheme-custom wd-fontsize-s wd-list-type-icon wd-list-style-default wd-justify-left \" id=\"wd-6329de1889ca0\">\n\t\t\t\t\t\t\t\t\t\t\t<li>\n\t\t\t\t\t<img loading=\"lazy\" decoding=\"async\"  src=\"https:\/\/www.phoneaccessories.top\/wp-content\/uploads\/2022\/09\/materials.svg\" title=\"materials\" width=\"25\" height=\"25\">\n\t\t\t\t\t<span class=\"list-content\">Materials<\/span>\n\t\t\t\t\t\t\t\t\t<\/li>\n\t\t\t\t\t\t\t\t\t\t\t<li>\n\t\t\t\t\t<img loading=\"lazy\" decoding=\"async\"  src=\"https:\/\/www.phoneaccessories.top\/wp-content\/uploads\/2022\/09\/power-cables.svg\" title=\"power-cables\" width=\"25\" height=\"25\">\n\t\t\t\t\t<span class=\"list-content\">Power & Cables<\/span>\n\t\t\t\t\t\t\t\t\t<\/li>\n\t\t\t\t\t<\/ul>\n\t\t[\/vc_column_inner][\/vc_row_inner][\/vc_column][\/vc_row][vc_row content_placement=\u00bbmiddle\u00bb css=\u00bb.vc_custom_1661859720606{margin-bottom: 30px !important;}\u00bb woodmart_css_id=\u00bb630df782efede\u00bb responsive_spacing=\u00bbeyJwYXJhbV90eXBlIjoid29vZG1hcnRfcmVzcG9uc2l2ZV9zcGFjaW5nIiwic2VsZWN0b3JfaWQiOiI2MzBkZjc4MmVmZWRlIiwic2hvcnRjb2RlIjoidmNfcm93IiwiZGF0YSI6eyJ0YWJsZXQiOnsibWFyZ2luLWJvdHRvbSI6IjEwIn0sIm1vYmlsZSI6e319fQ==\u00bb mobile_bg_img_hidden=\u00bbno\u00bb tablet_bg_img_hidden=\u00bbno\u00bb woodmart_parallax=\u00bb0&#8243; woodmart_gradient_switch=\u00bbno\u00bb woodmart_box_shadow=\u00bbno\u00bb wd_z_index=\u00bbno\u00bb woodmart_disable_overflow=\u00bb0&#8243; row_reverse_mobile=\u00bb0&#8243; row_reverse_tablet=\u00bb1&#8243;][vc_column offset=\u00bbvc_col-lg-6&#8243; woodmart_css_id=\u00bb630df69a597f9&#8243; parallax_scroll=\u00bbno\u00bb woodmart_sticky_column=\u00bbfalse\u00bb wd_collapsible_content_switcher=\u00bbno\u00bb wd_column_role_offcanvas_desktop=\u00bbno\u00bb wd_column_role_offcanvas_tablet=\u00bbno\u00bb wd_column_role_offcanvas_mobile=\u00bbno\u00bb wd_column_role_content_desktop=\u00bbno\u00bb wd_column_role_content_tablet=\u00bbno\u00bb wd_column_role_content_mobile=\u00bbno\u00bb mobile_bg_img_hidden=\u00bbno\u00bb tablet_bg_img_hidden=\u00bbno\u00bb woodmart_parallax=\u00bb0&#8243; woodmart_box_shadow=\u00bbno\u00bb responsive_spacing=\u00bbeyJwYXJhbV90eXBlIjoid29vZG1hcnRfcmVzcG9uc2l2ZV9zcGFjaW5nIiwic2VsZWN0b3JfaWQiOiI2MzBkZjY5YTU5N2Y5Iiwic2hvcnRjb2RlIjoidmNfY29sdW1uIiwiZGF0YSI6eyJ0YWJsZXQiOnt9LCJtb2JpbGUiOnt9fX0=\u00bb mobile_reset_margin=\u00bbno\u00bb tablet_reset_margin=\u00bbno\u00bb wd_z_index=\u00bbno\u00bb]\n\t\t<div id=\"wd-64d2fdbd0b283\" class=\"title-wrapper wd-wpb set-mb-s reset-last-child  wd-rs-64d2fdbd0b283 wd-title-color-default wd-title-style-default text-left vc_custom_1691549124766 wd-underline-colored\">\n\t\t\t\n\t\t\t<div class=\"liner-continer\">\n\t\t\t\t<h4 class=\"woodmart-title-container title  wd-font-weight- wd-fontsize-l\" >Descripci\u00f3n<\/h4>\n\t\t\t\t\t\t\t<\/div>\n\t\t\t\n\t\t\t\n\t\t\t\n\t\t<\/div>\n\t\t\n\t\t\t\t<div id=\"wd-64d9ef60d5525\" class=\"wd-text-block wd-wpb reset-last-child wd-rs-64d9ef60d5525 text-left \">\n\t\t\t<div class=\"detailmodule_text\" align=\"start\">\n<p>Funciones:<\/p>\n<p>Notificaci\u00f3n: notificaci\u00f3n de mensajes entrantes sincronizados desde el Centro de notificaciones en su tel\u00e9fono (SMS, Facebook, INSTA, Twitter, Whatsapp, etc.), recordatorio de llamada entrante.<\/p>\n<p>Llamadas: Realice y responda llamadas, despu\u00e9s de conectar Bluetooth con el tel\u00e9fono inteligente<\/p>\n<p>Detecci\u00f3n de frecuencia card\u00edaca\/detecci\u00f3n de presi\u00f3n arterial\/detecci\u00f3n de ox\u00edgeno en sangre<\/p>\n<p>Monitoreo del sue\u00f1o: para registrar y analizar su estado de sue\u00f1o de manera objetiva y cient\u00edfica<\/p>\n<p>Pasos: contador de pasos, calor\u00edas, monitor de distancia<\/p>\n<p>SportModes.(correr, escalar, f\u00fatbol)<\/p>\n<p>Reproductor de m\u00fasica Bluetooth: reproductor de m\u00fasica del tel\u00e9fono con control remoto<\/p>\n<p>C\u00e1mara Bluetooth: tel\u00e9fono m\u00f3vil con control remoto para tomar fotos<\/p>\n<p>Buscar tel\u00e9fono: antip\u00e9rdida, llame a su tel\u00e9fono o reloj<\/p>\n<p>Esfera de reloj personalizada: puede cargar sus propias fotos en el reloj como las esferas del reloj.<\/p>\n<p>Admite diferentes tipos de intercambio de correas 42\/44<\/p>\n<p>Recordatorio sedentario: Establezca un tiempo para recordarle que haga deporte, cambiando el estilo de vida poco saludable<\/p>\n<p>Otras funciones: alarma, calculadora, parada, voz inteligente, gu\u00eda telef\u00f3nica, clima.<\/p>\n<\/div>\n\t\t<\/div>\n\t\t<div id=\"wd-630df814ba690\" class=\" wd-rs-630df814ba690 vc_custom_1661859865387 wd-button-wrapper text-left\"><a href=\"http:\/\/www.phoneaccessories.top\/accessories\/faqs\/\" title=\"preguntas frecuentes\" class=\"btn btn-color-primary btn-style-default btn-style-semi-round btn-size-default\">preguntas y respuestas<\/a><\/div>[\/vc_column][vc_column offset=\u00bbvc_col-lg-6&#8243; woodmart_css_id=\u00bb630df69f514f6&#8243; parallax_scroll=\u00bbno\u00bb woodmart_sticky_column=\u00bbfalse\u00bb wd_collapsible_content_switcher=\u00bbno\u00bb wd_column_role_offcanvas_desktop=\u00bbno\u00bb wd_column_role_offcanvas_tablet=\u00bbno\u00bb wd_column_role_offcanvas_mobile=\u00bbno\u00bb wd_column_role_content_desktop=\u00bbno\u00bb wd_column_role_content_tablet=\u00bbno\u00bb wd_column_role_content_mobile=\u00bbno\u00bb mobile_bg_img_hidden=\u00bbno\u00bb tablet_bg_img_hidden=\u00bbno\u00bb woodmart_parallax=\u00bb0&#8243; woodmart_box_shadow=\u00bbno\u00bb responsive_spacing=\u00bbeyJwYXJhbV90eXBlIjoid29vZG1hcnRfcmVzcG9uc2l2ZV9zcGFjaW5nIiwic2VsZWN0b3JfaWQiOiI2MzBkZjY5ZjUxNGY2Iiwic2hvcnRjb2RlIjoidmNfY29sdW1uIiwiZGF0YSI6eyJ0YWJsZXQiOnt9LCJtb2JpbGUiOnt9fX0=\u00bb mobile_reset_margin=\u00bbno\u00bb tablet_reset_margin=\u00bbno\u00bb wd_z_index=\u00bbno\u00bb]\t\t<div id=\"wd-64d9f06387711\" class=\"wd-image wd-wpb wd-rs-64d9f06387711 text-left \">\n\t\t\t\n\t\t\t<img loading=\"lazy\" decoding=\"async\" width=\"800\" height=\"800\" src=\"https:\/\/www.phoneaccessories.top\/wp-content\/uploads\/2023\/08\/I7-Pro-Max-Smart-Watch-Series-7-8-Smartwatch_des.jpg\" class=\"attachment-full size-full\" alt=\"I7 Pro Max Smart Watch Series 7 8 Smartwatch\" srcset=\"https:\/\/www.phoneaccessories.top\/wp-content\/uploads\/2023\/08\/I7-Pro-Max-Smart-Watch-Series-7-8-Smartwatch_des.jpg 800w, https:\/\/www.phoneaccessories.top\/wp-content\/uploads\/2023\/08\/I7-Pro-Max-Smart-Watch-Series-7-8-Smartwatch_des-300x300.jpg 300w, https:\/\/www.phoneaccessories.top\/wp-content\/uploads\/2023\/08\/I7-Pro-Max-Smart-Watch-Series-7-8-Smartwatch_des-150x150.jpg 150w, https:\/\/www.phoneaccessories.top\/wp-content\/uploads\/2023\/08\/I7-Pro-Max-Smart-Watch-Series-7-8-Smartwatch_des-768x768.jpg 768w, https:\/\/www.phoneaccessories.top\/wp-content\/uploads\/2023\/08\/I7-Pro-Max-Smart-Watch-Series-7-8-Smartwatch_des-600x600.jpg 600w, https:\/\/www.phoneaccessories.top\/wp-content\/uploads\/2023\/08\/I7-Pro-Max-Smart-Watch-Series-7-8-Smartwatch_des-148x148.jpg 148w\" sizes=\"auto, (max-width: 800px) 100vw, 800px\" \/>\n\t\t\t\t\t<\/div>\n\t\t[\/vc_column][\/vc_row][vc_row content_placement=\u00bbmiddle\u00bb css=\u00bb.vc_custom_1661859749753{margin-bottom: 5px !important;}\u00bb woodmart_css_id=\u00bb630df7a1901c8&#8243; responsive_spacing=\u00bbeyJwYXJhbV90eXBlIjoid29vZG1hcnRfcmVzcG9uc2l2ZV9zcGFjaW5nIiwic2VsZWN0b3JfaWQiOiI2MzBkZjdhMTkwMWM4Iiwic2hvcnRjb2RlIjoidmNfcm93IiwiZGF0YSI6eyJ0YWJsZXQiOnt9LCJtb2JpbGUiOnt9fX0=\u00bb mobile_bg_img_hidden=\u00bbno\u00bb tablet_bg_img_hidden=\u00bbno\u00bb woodmart_parallax=\u00bb0&#8243; woodmart_gradient_switch=\u00bbno\u00bb woodmart_box_shadow=\u00bbno\u00bb wd_z_index=\u00bbno\u00bb woodmart_disable_overflow=\u00bb0&#8243; row_reverse_mobile=\u00bb0&#8243; row_reverse_tablet=\u00bb0&#8243;][vc_column offset=\u00bbvc_col-lg-6&#8243; woodmart_css_id=\u00bb630df6ac333b1&#8243; parallax_scroll=\u00bbno\u00bb woodmart_sticky_column=\u00bbfalse\u00bb wd_collapsible_content_switcher=\u00bbno\u00bb wd_column_role_offcanvas_desktop=\u00bbno\u00bb wd_column_role_offcanvas_tablet=\u00bbno\u00bb wd_column_role_offcanvas_mobile=\u00bbno\u00bb wd_column_role_content_desktop=\u00bbno\u00bb wd_column_role_content_tablet=\u00bbno\u00bb wd_column_role_content_mobile=\u00bbno\u00bb mobile_bg_img_hidden=\u00bbno\u00bb tablet_bg_img_hidden=\u00bbno\u00bb woodmart_parallax=\u00bb0&#8243; woodmart_box_shadow=\u00bbno\u00bb responsive_spacing=\u00bbeyJwYXJhbV90eXBlIjoid29vZG1hcnRfcmVzcG9uc2l2ZV9zcGFjaW5nIiwic2VsZWN0b3JfaWQiOiI2MzBkZjZhYzMzM2IxIiwic2hvcnRjb2RlIjoidmNfY29sdW1uIiwiZGF0YSI6eyJ0YWJsZXQiOnt9LCJtb2JpbGUiOnt9fX0=\u00bb mobile_reset_margin=\u00bbno\u00bb tablet_reset_margin=\u00bbno\u00bb wd_z_index=\u00bbno\u00bb]\n\t\t<div id=\"wd-64d2fde515c47\" class=\"title-wrapper wd-wpb set-mb-s reset-last-child  wd-rs-64d2fde515c47 wd-title-color-default wd-title-style-default text-left vc_custom_1691549161013 wd-underline-colored\">\n\t\t\t\n\t\t\t<div class=\"liner-continer\">\n\t\t\t\t<h4 class=\"woodmart-title-container title  wd-font-weight- wd-fontsize-l\" >embalaje<\/h4>\n\t\t\t\t\t\t\t<\/div>\n\t\t\t\n\t\t\t\n\t\t\t\n\t\t<\/div>\n\t\t\n\t\t\t\t<div id=\"wd-64d9ef8869adc\" class=\"wd-text-block wd-wpb reset-last-child wd-rs-64d9ef8869adc text-left \">\n\t\t\t<dl class=\"do-entry-item\" data-spm-anchor-id=\"a2700.wholesale.0.i60.fb353ddcruPHmI\">\n<dt class=\"do-entry-item-key\">\n<\/dt>\n<dl class=\"do-entry-item\">\n<dt class=\"do-entry-item-key\">reloj inteligente * 1 cable de carga * 1<\/p>\n<p>manual de usuario * 1<\/p>\n<p>Caja de embalaje * 1<\/dt>\n<\/dl>\n<\/dl>\n\t\t<\/div>\n\t\t\t\t\t<div class=\"info-box-wrapper\">\n\t\t\t\t<div id=\"wd-64d9ef9837775\" class=\" wd-rs-64d9ef9837775 wd-info-box wd-wpb text-left box-icon-align-left box-style- color-scheme- wd-bg-none wd-items-top \">\n\t\t\t\t\t\t\t\t\t\t\t<div class=\"box-icon-wrapper  box-with-icon box-icon-simple\">\n\t\t\t\t\t\t\t<div class=\"info-box-icon\">\n\n\t\t\t\t\t\t\t\n\t\t\t\t\t\t\t\t\t\t\t\t\t\t\t\t\t<br \/>\n<b>Warning<\/b>:  Trying to access array offset on value of type bool in <b>\/www\/wwwroot\/wwphoneaccessoriestop\/wp-includes\/media.php<\/b> on line <b>800<\/b><br \/>\n<br \/>\n<b>Warning<\/b>:  Trying to access array offset on value of type bool in <b>\/www\/wwwroot\/wwphoneaccessoriestop\/wp-includes\/media.php<\/b> on line <b>806<\/b><br \/>\n<img loading=\"lazy\" decoding=\"async\" width=\"65\" height=\"65\" src=\"https:\/\/www.phoneaccessories.top\/wp-content\/uploads\/2023\/08\/AllenLee.jpg\" class=\"attachment-65x65 size-65x65\" alt=\"AllenLee\" \/>\t\t\t\t\t\t\t\t\t\t\t\t\t\t\t\n\t\t\t\t\t\t\t<\/div>\n\t\t\t\t\t\t<\/div>\n\t\t\t\t\t\t\t\t\t\t<div class=\"info-box-content\">\n\t\t\t\t\t\t<h4 class=\"info-box-title title box-title-style-default wd-fontsize-m\">Allen Lee<\/h4>\t\t\t\t\t\t<div class=\"info-box-inner set-cont-mb-s reset-last-child\"><p>Yiwu XuanYing<\/p>\n<\/div>\n\n\t\t\t\t\t\t\t\t\t\t\t<\/div>\n\n\t\t\t\t\t\n\t\t\t\t\t\t\t\t\t<\/div>\n\t\t\t<\/div>\n\t\t[\/vc_column][\/vc_row]<\/p>\n<\/div>","protected":false},"excerpt":{"rendered":"<p>[vc_row content_placement=\u00bbmiddle\u00bb css=\u00bb.vc_custom_1661859699693{margin-bottom: 30px !important;}\u00bb woodmart_css_id=\u00bb630df76a36754&#8243; responsive_spacing=\u00bbeyJwYXJhbV90eXBlIjoid29vZG1hcnRfcmVzcG9uc2l2ZV9zcGFjaW5nIiwic2VsZWN0b3JfaWQiOiI2MzBkZjc2YTM2NzU0Iiwic2hvcnRjb2RlIjoidmNfcm93IiwiZGF0YSI6eyJ0YWJsZXQiOnsibWFyZ2luLWJvdHRvbSI6IjEwIn0sIm1vYmlsZSI6e319fQ==\u00bb mobile_bg_img_hidden=\u00bbno\u00bb tablet_bg_img_hidden=\u00bbno\u00bb woodmart_parallax=\u00bb0&#8243; woodmart_gradient_switch=\u00bbno\u00bb woodmart_box_shadow=\u00bbno\u00bb wd_z_index=\u00bbno\u00bb woodmart_disable_overflow=\u00bb0&#8243; row_reverse_mobile=\u00bb0&#8243; row_reverse_tablet=\u00bb0&#8243;][vc_column offset=\u00bbvc_col-lg-6&#8243; woodmart_css_id=\u00bb630df61cde26b\u00bb parallax_scroll=\u00bbno\u00bb woodmart_sticky_column=\u00bbfalse\u00bb<\/p>\n","protected":false},"featured_media":2090,"template":"","meta":{"_seopress_robots_primary_cat":"","_seopress_titles_title":"Reloj inteligente I7 Pro Max Serie 7 8 Reloj inteligente deportivo T900 T800","_seopress_titles_desc":"I7 Pro Max Smartwatch Hombre Mujer Llamada telef\u00f3nica Reloj personalizado Cara Deporte Reloj inteligente a prueba de agua Serie 7 PK T900 T800 Accesorios para tel\u00e9fono al por mayor","_seopress_robots_index":""},"product_brand":[],"product_cat":[113],"product_tag":[],"class_list":{"0":"post-2127","1":"product","2":"type-product","3":"status-publish","4":"has-post-thumbnail","6":"product_cat-reloj-inteligente","8":"first","9":"instock","10":"shipping-taxable","11":"product-type-simple"},"_links":{"self":[{"href":"https:\/\/www.phoneaccessories.top\/es\/wp-json\/wp\/v2\/product\/2127","targetHints":{"allow":["GET"]}}],"collection":[{"href":"https:\/\/www.phoneaccessories.top\/es\/wp-json\/wp\/v2\/product"}],"about":[{"href":"https:\/\/www.phoneaccessories.top\/es\/wp-json\/wp\/v2\/types\/product"}],"wp:featuredmedia":[{"embeddable":true,"href":"https:\/\/www.phoneaccessories.top\/es\/wp-json\/wp\/v2\/media\/2090"}],"wp:attachment":[{"href":"https:\/\/www.phoneaccessories.top\/es\/wp-json\/wp\/v2\/media?parent=2127"}],"wp:term":[{"taxonomy":"product_brand","embeddable":true,"href":"https:\/\/www.phoneaccessories.top\/es\/wp-json\/wp\/v2\/product_brand?post=2127"},{"taxonomy":"product_cat","embeddable":true,"href":"https:\/\/www.phoneaccessories.top\/es\/wp-json\/wp\/v2\/product_cat?post=2127"},{"taxonomy":"product_tag","embeddable":true,"href":"https:\/\/www.phoneaccessories.top\/es\/wp-json\/wp\/v2\/product_tag?post=2127"}],"curies":[{"name":"wp","href":"https:\/\/api.w.org\/{rel}","templated":true}]}}