{"id":2192,"date":"2022-09-20T15:49:29","date_gmt":"2022-09-20T15:49:29","guid":{"rendered":"https:\/\/www.phoneaccessories.top\/p\/cargador-de-coche-de-carga-rapida-qc3-0-20w-35w\/"},"modified":"2023-08-31T02:53:27","modified_gmt":"2023-08-31T02:53:27","slug":"cargador-de-coche-de-carga-rapida-qc3-0-20w-35w","status":"publish","type":"product","link":"https:\/\/www.phoneaccessories.top\/es\/p\/cargador-de-coche-de-carga-rapida-qc3-0-20w-35w\/","title":{"rendered":"Cargador de coche de carga r\u00e1pida QC3.0 20W 35W"},"content":{"rendered":"<div class=\"wpb-content-wrapper\"><p>[vc_row content_placement=\u00bbmiddle\u00bb css=\u00bb.vc_custom_1661859699693{margin-bottom: 30px !important;}\u00bb woodmart_css_id=\u00bb630df76a36754&#8243; responsive_spacing=\u00bbeyJwYXJhbV90eXBlIjoid29vZG1hcnRfcmVzcG9uc2l2ZV9zcGFjaW5nIiwic2VsZWN0b3JfaWQiOiI2MzBkZjc2YTM2NzU0Iiwic2hvcnRjb2RlIjoidmNfcm93IiwiZGF0YSI6eyJ0YWJsZXQiOnsibWFyZ2luLWJvdHRvbSI6IjEwIn0sIm1vYmlsZSI6e319fQ==\u00bb mobile_bg_img_hidden=\u00bbno\u00bb tablet_bg_img_hidden=\u00bbno\u00bb woodmart_parallax=\u00bb0&#8243; woodmart_gradient_switch=\u00bbno\u00bb woodmart_box_shadow=\u00bbno\u00bb wd_z_index=\u00bbno\u00bb woodmart_disable_overflow=\u00bb0&#8243; row_reverse_mobile=\u00bb0&#8243; row_reverse_tablet=\u00bb0&#8243;][vc_column offset=\u00bbvc_col-lg-6&#8243; woodmart_css_id=\u00bb630df61cde26b\u00bb parallax_scroll=\u00bbno\u00bb woodmart_sticky_column=\u00bbfalse\u00bb wd_collapsible_content_switcher=\u00bbno\u00bb wd_column_role_offcanvas_desktop=\u00bbno\u00bb wd_column_role_offcanvas_tablet=\u00bbno\u00bb wd_column_role_offcanvas_mobile=\u00bbno\u00bb wd_column_role_content_desktop=\u00bbno\u00bb wd_column_role_content_tablet=\u00bbno\u00bb wd_column_role_content_mobile=\u00bbno\u00bb mobile_bg_img_hidden=\u00bbno\u00bb tablet_bg_img_hidden=\u00bbno\u00bb woodmart_parallax=\u00bb0&#8243; woodmart_box_shadow=\u00bbno\u00bb responsive_spacing=\u00bbeyJwYXJhbV90eXBlIjoid29vZG1hcnRfcmVzcG9uc2l2ZV9zcGFjaW5nIiwic2VsZWN0b3JfaWQiOiI2MzBkZjYxY2RlMjZiIiwic2hvcnRjb2RlIjoidmNfY29sdW1uIiwiZGF0YSI6eyJ0YWJsZXQiOnt9LCJtb2JpbGUiOnt9fX0=\u00bb mobile_reset_margin=\u00bbno\u00bb tablet_reset_margin=\u00bbno\u00bb wd_z_index=\u00bbno\u00bb]\t\t<div id=\"gallery_554\" class=\"wd-images-gallery wd-wpb wd-rs-64d0f598ea34b vc_custom_1691415997119\" style=\"--wd-justify-content:center;--wd-align-items:center;\">\n\t\t\t\n\t\t\t<div class=\" wd-grid-g\" style=\"--wd-col-lg:2;--wd-col-md:2;--wd-col-sm:1;--wd-gap-lg:20px;--wd-gap-sm:10px;\">\n\t\t\t\t\n\t\t\t\t\t\t\t\t\t\t\t\t\t\t\t<div class=\"wd-gallery-item wd-col\">\n\t\t\t\t\t\t\t\n\t\t\t\t\t\t\t\t<img loading=\"lazy\" decoding=\"async\" width=\"1000\" height=\"1000\" src=\"https:\/\/www.phoneaccessories.top\/wp-content\/uploads\/2022\/09\/QC3.0-20W-35W-Fast-Charging-Car-Charger-Adapter_function.jpg\" class=\"wd-gallery-image image-1\" alt=\"QC3.0 20W 35W Fast Charging Car Charger Power Adapter\" srcset=\"https:\/\/www.phoneaccessories.top\/wp-content\/uploads\/2022\/09\/QC3.0-20W-35W-Fast-Charging-Car-Charger-Adapter_function.jpg 1000w, https:\/\/www.phoneaccessories.top\/wp-content\/uploads\/2022\/09\/QC3.0-20W-35W-Fast-Charging-Car-Charger-Adapter_function-300x300.jpg 300w, https:\/\/www.phoneaccessories.top\/wp-content\/uploads\/2022\/09\/QC3.0-20W-35W-Fast-Charging-Car-Charger-Adapter_function-150x150.jpg 150w, https:\/\/www.phoneaccessories.top\/wp-content\/uploads\/2022\/09\/QC3.0-20W-35W-Fast-Charging-Car-Charger-Adapter_function-768x768.jpg 768w, https:\/\/www.phoneaccessories.top\/wp-content\/uploads\/2022\/09\/QC3.0-20W-35W-Fast-Charging-Car-Charger-Adapter_function-600x600.jpg 600w, https:\/\/www.phoneaccessories.top\/wp-content\/uploads\/2022\/09\/QC3.0-20W-35W-Fast-Charging-Car-Charger-Adapter_function-148x148.jpg 148w\" sizes=\"auto, (max-width: 1000px) 100vw, 1000px\" \/>\n\t\t\t\t\t\t\t\t\t\t\t\t\t\t<\/div>\n\t\t\t\t\t\t\t\t\t\n\t\t\t\t\t\t\t<\/div>\n\n\t\t\t\t\t<\/div>\n\t\t[\/vc_column][vc_column offset=\u00bbvc_col-lg-6&#8243; woodmart_css_id=\u00bb630df6239bd04&#8243; parallax_scroll=\u00bbno\u00bb woodmart_sticky_column=\u00bbfalse\u00bb wd_collapsible_content_switcher=\u00bbno\u00bb wd_column_role_offcanvas_desktop=\u00bbno\u00bb wd_column_role_offcanvas_tablet=\u00bbno\u00bb wd_column_role_offcanvas_mobile=\u00bbno\u00bb wd_column_role_content_desktop=\u00bbno\u00bb wd_column_role_content_tablet=\u00bbno\u00bb wd_column_role_content_mobile=\u00bbno\u00bb mobile_bg_img_hidden=\u00bbno\u00bb tablet_bg_img_hidden=\u00bbno\u00bb woodmart_parallax=\u00bb0&#8243; woodmart_box_shadow=\u00bbno\u00bb responsive_spacing=\u00bbeyJwYXJhbV90eXBlIjoid29vZG1hcnRfcmVzcG9uc2l2ZV9zcGFjaW5nIiwic2VsZWN0b3JfaWQiOiI2MzBkZjYyMzliZDA0Iiwic2hvcnRjb2RlIjoidmNfY29sdW1uIiwiZGF0YSI6eyJ0YWJsZXQiOnt9LCJtb2JpbGUiOnt9fX0=\u00bb mobile_reset_margin=\u00bbno\u00bb tablet_reset_margin=\u00bbno\u00bb wd_z_index=\u00bbno\u00bb]\n\t\t<div id=\"wd-630cbe63d8566\" class=\"title-wrapper wd-wpb set-mb-s reset-last-child  wd-rs-630cbe63d8566 wd-title-color-default wd-title-style-default text-left vc_custom_1661779559595 wd-underline-colored\">\n\t\t\t\n\t\t\t<div class=\"liner-continer\">\n\t\t\t\t<h4 class=\"woodmart-title-container title  wd-font-weight- wd-fontsize-l\" >Caracter\u00edsticas<\/h4>\n\t\t\t\t\t\t\t<\/div>\n\t\t\t\n\t\t\t\n\t\t\t\n\t\t<\/div>\n\t\t\n\t\t\t\t<div id=\"wd-64d0f5d818a1b\" class=\"wd-text-block wd-wpb reset-last-child wd-rs-64d0f5d818a1b text-left \">\n\t\t\t<dl class=\"do-entry-item\">\n<dt class=\"do-entry-item\"><span class=\"attr-name J-attr-name\" title=\"Tipo\">Tipo: Adaptador universal, CARGADOR DE COCHE, Cargador r\u00e1pido<\/span><\/dt>\n<\/dl>\n<dl class=\"do-entry-item\">\n<dt class=\"do-entry-item\"><span class=\"attr-name J-attr-name\" title=\"Uso\">Uso: tel\u00e9fono m\u00f3vil<\/span><\/dt>\n<\/dl>\n<dl class=\"do-entry-item\">\n<dt class=\"do-entry-item\"><span class=\"attr-name J-attr-name\" title=\"Material\">Material: material ign\u00edfugo de PC, material ign\u00edfugo de PC<\/span><\/dt>\n<\/dl>\n<dl class=\"do-entry-item\">\n<dt class=\"do-entry-item\"><span class=\"attr-name J-attr-name\" title=\"Proteccion\">Protecci\u00f3n: protecci\u00f3n contra cortocircuitos, sobrecarga, sobrecorriente, sobretensi\u00f3n<\/span><\/dt>\n<\/dl>\n<dl class=\"do-entry-item\">\n<dt class=\"do-entry-item\"><span class=\"attr-name J-attr-name\" title=\"Funci\u00f3n\">Funci\u00f3n: QC3.0, PD, cargador de coche 4 USB<\/span><\/dt>\n<\/dl>\n<dl class=\"do-entry-item\">\n<dt class=\"do-entry-item\"><span class=\"attr-name J-attr-name\" title=\"Puerto\">Puerto: <\/span>4 X USB<\/dt>\n<\/dl>\n<dl class=\"do-entry-item\">\n<dt class=\"do-entry-item\"><span class=\"attr-name J-attr-name\" title=\"Tensi\u00f3n y corriente de entrada\">Tensi\u00f3n y corriente de entrada: <\/span>12-32V<\/dt>\n<\/dl>\n<dl class=\"do-entry-item\">\n<dt class=\"do-entry-item\"><span class=\"attr-name J-attr-name\" title=\"voltaje y corriente de salida\">voltaje y corriente de salida: <\/span>9V\/2A, 5V\/3A, 12V\/1.67A, 5V\/7A<\/dt>\n<\/dl>\n<dl class=\"do-entry-item\">\n<dt class=\"do-entry-item\"><span class=\"attr-name J-attr-name\" title=\"Potencia de salida\">Potencia de salida: <\/span>20W, 35W<\/dt>\n<\/dl>\n<dl class=\"do-entry-item\">\n<dt class=\"do-entry-item\"><span class=\"attr-name J-attr-name\" title=\"Nombre del \u00e1rticulo\">Nombre del art\u00edculo: cargador de coche r\u00e1pido<\/span><\/dt>\n<\/dl>\n<dl class=\"do-entry-item\">\n<dt class=\"do-entry-item\"><span class=\"attr-name J-attr-name\" title=\"Tama\u00f1o\">Tama\u00f1o: <\/span>70x40cm<\/dt>\n<\/dl>\n<dl class=\"do-entry-item\">\n<dt class=\"do-entry-item\"><span class=\"attr-name J-attr-name\" title=\"Voltaje\">Voltaje: <\/span>12-32V<\/dt>\n<\/dl>\n<dl class=\"do-entry-item\">\n<dt class=\"do-entry-item\"><span class=\"attr-name J-attr-name\" title=\"Cantidad\">Cantidad: 1 unidad en una bolsa<\/span><\/dt>\n<\/dl>\n<dl class=\"do-entry-item\">\n<dt class=\"do-entry-item\"><span class=\"attr-name J-attr-name\" title=\"Color\">Color: negro, blanco<\/span><\/dt>\n<\/dl>\n<dl class=\"do-entry-item\">\n<dt class=\"do-entry-item\"><span class=\"attr-name J-attr-name\" title=\"Caracter\u00edstica\">Caracter\u00edstica: 5 protectores<\/span><\/dt>\n<\/dl>\n<dl class=\"do-entry-item\">\n<dt class=\"do-entry-item\"><span class=\"attr-name J-attr-name\" title=\"Orden de prueba\">Orden de prueba:aceptable<\/span><\/dt>\n<\/dl>\n<dl class=\"do-entry-item\" data-spm-anchor-id=\"a2700.wholesale.0.i61.6f3d7827f7wrAn\">\n<dt class=\"do-entry-item\"><span class=\"attr-name J-attr-name\" title=\"Logo\">Logotipo:aceptable<\/span><\/dt>\n<\/dl>\n\t\t<\/div>\n\t\t[vc_row_inner][vc_column_inner width=\u00bb1\/3&#8243;]\n\t\t<ul class=\" wd-rs-6329ddeed2dbc wd-list wd-wpb color-scheme-custom wd-fontsize-s wd-list-type-icon wd-list-style-default wd-justify-left \" id=\"wd-6329ddeed2dbc\">\n\t\t\t\t\t\t\t\t\t\t\t<li>\n\t\t\t\t\t<img loading=\"lazy\" decoding=\"async\"  src=\"https:\/\/www.phoneaccessories.top\/wp-content\/uploads\/2022\/09\/ecology.svg\" title=\"ecology\" width=\"25\" height=\"25\">\n\t\t\t\t\t<span class=\"list-content\">Ecology<\/span>\n\t\t\t\t\t\t\t\t\t<\/li>\n\t\t\t\t\t\t\t\t\t\t\t<li>\n\t\t\t\t\t<img loading=\"lazy\" decoding=\"async\"  src=\"https:\/\/www.phoneaccessories.top\/wp-content\/uploads\/2022\/09\/chargers.svg\" title=\"chargers\" width=\"25\" height=\"25\">\n\t\t\t\t\t<span class=\"list-content\">Chargers<\/span>\n\t\t\t\t\t\t\t\t\t<\/li>\n\t\t\t\t\t<\/ul>\n\t\t[\/vc_column_inner][vc_column_inner width=\u00bb1\/3&#8243;]\n\t\t<ul class=\" wd-rs-6329de09c6490 wd-list wd-wpb color-scheme-custom wd-fontsize-s wd-list-type-icon wd-list-style-default wd-justify-left vc_custom_1663688215487\" id=\"wd-6329de09c6490\">\n\t\t\t\t\t\t\t\t\t\t\t<li>\n\t\t\t\t\t<img loading=\"lazy\" decoding=\"async\"  src=\"https:\/\/www.phoneaccessories.top\/wp-content\/uploads\/2022\/09\/creativity.svg\" title=\"creativity\" width=\"25\" height=\"25\">\n\t\t\t\t\t<span class=\"list-content\">Creativity<\/span>\n\t\t\t\t\t\t\t\t\t<\/li>\n\t\t\t\t\t\t\t\t\t\t\t<li>\n\t\t\t\t\t<img loading=\"lazy\" decoding=\"async\"  src=\"https:\/\/www.phoneaccessories.top\/wp-content\/uploads\/2022\/09\/mag-safe.svg\" title=\"mag-safe\" width=\"25\" height=\"25\">\n\t\t\t\t\t<span class=\"list-content\">MagSafe<\/span>\n\t\t\t\t\t\t\t\t\t<\/li>\n\t\t\t\t\t<\/ul>\n\t\t[\/vc_column_inner][vc_column_inner width=\u00bb1\/3&#8243;]\n\t\t<ul class=\" wd-rs-6329de1889ca0 wd-list wd-wpb color-scheme-custom wd-fontsize-s wd-list-type-icon wd-list-style-default wd-justify-left \" id=\"wd-6329de1889ca0\">\n\t\t\t\t\t\t\t\t\t\t\t<li>\n\t\t\t\t\t<img loading=\"lazy\" decoding=\"async\"  src=\"https:\/\/www.phoneaccessories.top\/wp-content\/uploads\/2022\/09\/materials.svg\" title=\"materials\" width=\"25\" height=\"25\">\n\t\t\t\t\t<span class=\"list-content\">Materials<\/span>\n\t\t\t\t\t\t\t\t\t<\/li>\n\t\t\t\t\t\t\t\t\t\t\t<li>\n\t\t\t\t\t<img loading=\"lazy\" decoding=\"async\"  src=\"https:\/\/www.phoneaccessories.top\/wp-content\/uploads\/2022\/09\/power-cables.svg\" title=\"power-cables\" width=\"25\" height=\"25\">\n\t\t\t\t\t<span class=\"list-content\">Power & Cables<\/span>\n\t\t\t\t\t\t\t\t\t<\/li>\n\t\t\t\t\t<\/ul>\n\t\t[\/vc_column_inner][\/vc_row_inner][\/vc_column][\/vc_row][vc_row content_placement=\u00bbmiddle\u00bb css=\u00bb.vc_custom_1661859720606{margin-bottom: 30px !important;}\u00bb woodmart_css_id=\u00bb630df782efede\u00bb responsive_spacing=\u00bbeyJwYXJhbV90eXBlIjoid29vZG1hcnRfcmVzcG9uc2l2ZV9zcGFjaW5nIiwic2VsZWN0b3JfaWQiOiI2MzBkZjc4MmVmZWRlIiwic2hvcnRjb2RlIjoidmNfcm93IiwiZGF0YSI6eyJ0YWJsZXQiOnsibWFyZ2luLWJvdHRvbSI6IjEwIn0sIm1vYmlsZSI6e319fQ==\u00bb mobile_bg_img_hidden=\u00bbno\u00bb tablet_bg_img_hidden=\u00bbno\u00bb woodmart_parallax=\u00bb0&#8243; woodmart_gradient_switch=\u00bbno\u00bb woodmart_box_shadow=\u00bbno\u00bb wd_z_index=\u00bbno\u00bb woodmart_disable_overflow=\u00bb0&#8243; row_reverse_mobile=\u00bb0&#8243; row_reverse_tablet=\u00bb1&#8243;][vc_column offset=\u00bbvc_col-lg-6&#8243; woodmart_css_id=\u00bb630df69a597f9&#8243; parallax_scroll=\u00bbno\u00bb woodmart_sticky_column=\u00bbfalse\u00bb wd_collapsible_content_switcher=\u00bbno\u00bb wd_column_role_offcanvas_desktop=\u00bbno\u00bb wd_column_role_offcanvas_tablet=\u00bbno\u00bb wd_column_role_offcanvas_mobile=\u00bbno\u00bb wd_column_role_content_desktop=\u00bbno\u00bb wd_column_role_content_tablet=\u00bbno\u00bb wd_column_role_content_mobile=\u00bbno\u00bb mobile_bg_img_hidden=\u00bbno\u00bb tablet_bg_img_hidden=\u00bbno\u00bb woodmart_parallax=\u00bb0&#8243; woodmart_box_shadow=\u00bbno\u00bb responsive_spacing=\u00bbeyJwYXJhbV90eXBlIjoid29vZG1hcnRfcmVzcG9uc2l2ZV9zcGFjaW5nIiwic2VsZWN0b3JfaWQiOiI2MzBkZjY5YTU5N2Y5Iiwic2hvcnRjb2RlIjoidmNfY29sdW1uIiwiZGF0YSI6eyJ0YWJsZXQiOnt9LCJtb2JpbGUiOnt9fX0=\u00bb mobile_reset_margin=\u00bbno\u00bb tablet_reset_margin=\u00bbno\u00bb wd_z_index=\u00bbno\u00bb]\n\t\t<div id=\"wd-630cbee1e3620\" class=\"title-wrapper wd-wpb set-mb-s reset-last-child  wd-rs-630cbee1e3620 wd-title-color-default wd-title-style-default text-left vc_custom_1661779687280 wd-underline-colored\">\n\t\t\t\n\t\t\t<div class=\"liner-continer\">\n\t\t\t\t<h4 class=\"woodmart-title-container title  wd-font-weight- wd-fontsize-l\" >Descripci\u00f3n<\/h4>\n\t\t\t\t\t\t\t<\/div>\n\t\t\t\n\t\t\t\n\t\t\t\n\t\t<\/div>\n\t\t\n\t\t\t\t<div id=\"wd-64d0f62fb8bc8\" class=\"wd-text-block wd-wpb reset-last-child wd-rs-64d0f62fb8bc8 text-left \">\n\t\t\t<table class=\"has-title all magic-1\">\n<tbody>\n<tr>\n<td colspan=\"1\" rowspan=\"1\">\n<div class=\"magic-2\"><b data-spm-anchor-id=\"a2700.pc-decorate.0.i56.5c9d3333KIEXs6\">Nombre del \u00e1rticulo<\/b><\/div>\n<\/td>\n<td colspan=\"1\" rowspan=\"1\">\n<div class=\"magic-3\">Cargador de coche universal para tel\u00e9fono Quick Charge 3.0<\/div>\n<\/td>\n<\/tr>\n<tr>\n<td colspan=\"1\" rowspan=\"1\">\n<div class=\"magic-2\"><b>Fuerza<\/b><\/div>\n<\/td>\n<td colspan=\"1\" rowspan=\"1\">\n<div class=\"magic-3\">La potencia de los puertos USB duales de hasta 36 W satisface las demandas de carga r\u00e1pida<\/div>\n<\/td>\n<\/tr>\n<tr>\n<td colspan=\"1\" rowspan=\"1\">\n<div class=\"magic-2\"><b>Cinco protecciones<\/b><\/div>\n<\/td>\n<td colspan=\"1\" rowspan=\"1\">\n<div class=\"magic-3\">protecci\u00f3n contra sobrecorriente, protecci\u00f3n contra sobretensi\u00f3n, protecci\u00f3n contra sobretemperatura, protecci\u00f3n contra cortocircuitos, anti electromagn\u00e9tico<br \/>\ndisturbio<\/div>\n<\/td>\n<\/tr>\n<tr>\n<td colspan=\"1\" rowspan=\"1\">\n<div class=\"magic-2\"><b>Luces LED puras<\/b><\/div>\n<\/td>\n<td colspan=\"1\" rowspan=\"1\">\n<div class=\"magic-3\" data-spm-anchor-id=\"a2700.wholesale.0.i63.6f3d7827f7wrAn\">combinado con iris de PC transl\u00facido, elegante y sin visi\u00f3n ciega por la noche<\/div>\n<\/td>\n<\/tr>\n<\/tbody>\n<\/table>\n\t\t<\/div>\n\t\t<div id=\"wd-630df814ba690\" class=\" wd-rs-630df814ba690 vc_custom_1661859865387 wd-button-wrapper text-left\"><a href=\"http:\/\/www.phoneaccessories.top\/accessories\/faqs\/\" title=\"preguntas frecuentes\" class=\"btn btn-color-primary btn-style-default btn-style-semi-round btn-size-default\">preguntas y respuestas<\/a><\/div>[\/vc_column][vc_column offset=\u00bbvc_col-lg-6&#8243; woodmart_css_id=\u00bb630df69f514f6&#8243; parallax_scroll=\u00bbno\u00bb woodmart_sticky_column=\u00bbfalse\u00bb wd_collapsible_content_switcher=\u00bbno\u00bb wd_column_role_offcanvas_desktop=\u00bbno\u00bb wd_column_role_offcanvas_tablet=\u00bbno\u00bb wd_column_role_offcanvas_mobile=\u00bbno\u00bb wd_column_role_content_desktop=\u00bbno\u00bb wd_column_role_content_tablet=\u00bbno\u00bb wd_column_role_content_mobile=\u00bbno\u00bb mobile_bg_img_hidden=\u00bbno\u00bb tablet_bg_img_hidden=\u00bbno\u00bb woodmart_parallax=\u00bb0&#8243; woodmart_box_shadow=\u00bbno\u00bb responsive_spacing=\u00bbeyJwYXJhbV90eXBlIjoid29vZG1hcnRfcmVzcG9uc2l2ZV9zcGFjaW5nIiwic2VsZWN0b3JfaWQiOiI2MzBkZjY5ZjUxNGY2Iiwic2hvcnRjb2RlIjoidmNfY29sdW1uIiwiZGF0YSI6eyJ0YWJsZXQiOnt9LCJtb2JpbGUiOnt9fX0=\u00bb mobile_reset_margin=\u00bbno\u00bb tablet_reset_margin=\u00bbno\u00bb wd_z_index=\u00bbno\u00bb]\t\t<div id=\"wd-64d0f6fa1ce7c\" class=\"wd-image wd-wpb wd-rs-64d0f6fa1ce7c text-left \">\n\t\t\t\n\t\t\t<img loading=\"lazy\" decoding=\"async\" width=\"800\" height=\"1444\" src=\"https:\/\/www.phoneaccessories.top\/wp-content\/uploads\/2022\/09\/QC3.0-20W-35W-Fast-Charging-Car-Charger-Adapter_details.jpg\" class=\"attachment-full size-full\" alt=\"QC3.0 20W 35W Fast Charging Car Charger Adapter_details\" srcset=\"https:\/\/www.phoneaccessories.top\/wp-content\/uploads\/2022\/09\/QC3.0-20W-35W-Fast-Charging-Car-Charger-Adapter_details.jpg 800w, https:\/\/www.phoneaccessories.top\/wp-content\/uploads\/2022\/09\/QC3.0-20W-35W-Fast-Charging-Car-Charger-Adapter_details-166x300.jpg 166w, https:\/\/www.phoneaccessories.top\/wp-content\/uploads\/2022\/09\/QC3.0-20W-35W-Fast-Charging-Car-Charger-Adapter_details-567x1024.jpg 567w, https:\/\/www.phoneaccessories.top\/wp-content\/uploads\/2022\/09\/QC3.0-20W-35W-Fast-Charging-Car-Charger-Adapter_details-768x1386.jpg 768w, https:\/\/www.phoneaccessories.top\/wp-content\/uploads\/2022\/09\/QC3.0-20W-35W-Fast-Charging-Car-Charger-Adapter_details-148x267.jpg 148w\" sizes=\"auto, (max-width: 800px) 100vw, 800px\" \/>\n\t\t\t\t\t<\/div>\n\t\t[\/vc_column][\/vc_row][vc_row content_placement=\u00bbmiddle\u00bb css=\u00bb.vc_custom_1661859749753{margin-bottom: 5px !important;}\u00bb woodmart_css_id=\u00bb630df7a1901c8&#8243; responsive_spacing=\u00bbeyJwYXJhbV90eXBlIjoid29vZG1hcnRfcmVzcG9uc2l2ZV9zcGFjaW5nIiwic2VsZWN0b3JfaWQiOiI2MzBkZjdhMTkwMWM4Iiwic2hvcnRjb2RlIjoidmNfcm93IiwiZGF0YSI6eyJ0YWJsZXQiOnt9LCJtb2JpbGUiOnt9fX0=\u00bb mobile_bg_img_hidden=\u00bbno\u00bb tablet_bg_img_hidden=\u00bbno\u00bb woodmart_parallax=\u00bb0&#8243; woodmart_gradient_switch=\u00bbno\u00bb woodmart_box_shadow=\u00bbno\u00bb wd_z_index=\u00bbno\u00bb woodmart_disable_overflow=\u00bb0&#8243; row_reverse_mobile=\u00bb0&#8243; row_reverse_tablet=\u00bb0&#8243;][vc_column offset=\u00bbvc_col-lg-6&#8243; woodmart_css_id=\u00bb630df6ac333b1&#8243; parallax_scroll=\u00bbno\u00bb woodmart_sticky_column=\u00bbfalse\u00bb wd_collapsible_content_switcher=\u00bbno\u00bb wd_column_role_offcanvas_desktop=\u00bbno\u00bb wd_column_role_offcanvas_tablet=\u00bbno\u00bb wd_column_role_offcanvas_mobile=\u00bbno\u00bb wd_column_role_content_desktop=\u00bbno\u00bb wd_column_role_content_tablet=\u00bbno\u00bb wd_column_role_content_mobile=\u00bbno\u00bb mobile_bg_img_hidden=\u00bbno\u00bb tablet_bg_img_hidden=\u00bbno\u00bb woodmart_parallax=\u00bb0&#8243; woodmart_box_shadow=\u00bbno\u00bb responsive_spacing=\u00bbeyJwYXJhbV90eXBlIjoid29vZG1hcnRfcmVzcG9uc2l2ZV9zcGFjaW5nIiwic2VsZWN0b3JfaWQiOiI2MzBkZjZhYzMzM2IxIiwic2hvcnRjb2RlIjoidmNfY29sdW1uIiwiZGF0YSI6eyJ0YWJsZXQiOnt9LCJtb2JpbGUiOnt9fX0=\u00bb mobile_reset_margin=\u00bbno\u00bb tablet_reset_margin=\u00bbno\u00bb wd_z_index=\u00bbno\u00bb]\n\t\t<div id=\"wd-64d0f64a240f0\" class=\"title-wrapper wd-wpb set-mb-s reset-last-child  wd-rs-64d0f64a240f0 wd-title-color-default wd-title-style-default text-left vc_custom_1691416142630 wd-underline-colored\">\n\t\t\t\n\t\t\t<div class=\"liner-continer\">\n\t\t\t\t<h4 class=\"woodmart-title-container title  wd-font-weight- wd-fontsize-l\" >embalaje<\/h4>\n\t\t\t\t\t\t\t<\/div>\n\t\t\t\n\t\t\t\n\t\t\t\n\t\t<\/div>\n\t\t\n\t\t\t\t<div id=\"wd-64d0f65d9634b\" class=\"wd-text-block wd-wpb reset-last-child wd-rs-64d0f65d9634b text-left \">\n\t\t\t<dl class=\"do-entry-item\" data-spm-anchor-id=\"a2700.wholesale.0.i65.6f3d7827f7wrAn\">\n<dt class=\"do-entry-item-key\">Unidades de venta: art\u00edculo \u00fanico<\/dt>\n<\/dl>\n<dl class=\"do-entry-item\">\n<dt class=\"do-entry-item-key\" title=\"Tama\u00f1o de paquete individual:\">Tama\u00f1o de paquete individual: 8X6X4 cm<\/dt>\n<\/dl>\n<dl class=\"do-entry-item\">\n<dt class=\"do-entry-item-key\" title=\"Peso bruto \u00fanico:\">Peso bruto \u00fanico: 0.060 kg<\/dt>\n<\/dl>\n<dl class=\"do-entry-item\" data-spm-anchor-id=\"a2700.wholesale.0.i67.6f3d7827f7wrAn\">\n<dt class=\"do-entry-item-key\">Tipo de paquete: Paquete tipo bl\u00edster, con caja expositora si es necesario<span style=\"font-family: Consolas, Monaco, monospace;\"><\/span><\/dt>\n<\/dl>\n\t\t<\/div>\n\t\t\t\t\t<div class=\"info-box-wrapper\">\n\t\t\t\t<div id=\"wd-6329de41e0faf\" class=\" wd-rs-6329de41e0faf wd-info-box wd-wpb text-left box-icon-align-left box-style- color-scheme- wd-bg-none wd-items-top \">\n\t\t\t\t\t\t\t\t\t\t\t<div class=\"box-icon-wrapper  box-with-icon box-icon-simple\">\n\t\t\t\t\t\t\t<div class=\"info-box-icon\">\n\n\t\t\t\t\t\t\t\n\t\t\t\t\t\t\t\t\t\t\t\t\t\t\t\t\t<img loading=\"lazy\" decoding=\"async\" width=\"65\" height=\"65\" src=\"https:\/\/www.phoneaccessories.top\/wp-content\/uploads\/2022\/09\/acs-ab-us-img-avatar.png\" class=\"attachment-65x65 size-65x65\" alt=\"\" \/>\t\t\t\t\t\t\t\t\t\t\t\t\t\t\t\n\t\t\t\t\t\t\t<\/div>\n\t\t\t\t\t\t<\/div>\n\t\t\t\t\t\t\t\t\t\t<div class=\"info-box-content\">\n\t\t\t\t\t\t<h4 class=\"info-box-title title box-title-style-default wd-fontsize-m\">Allen Lee<\/h4>\t\t\t\t\t\t<div class=\"info-box-inner set-cont-mb-s reset-last-child\"><p>Yiwu XuanYing<\/p>\n<\/div>\n\n\t\t\t\t\t\t\t\t\t\t\t<\/div>\n\n\t\t\t\t\t\n\t\t\t\t\t\t\t\t\t<\/div>\n\t\t\t<\/div>\n\t\t[\/vc_column][\/vc_row]<\/p>\n<\/div>","protected":false},"excerpt":{"rendered":"<p>[vc_row content_placement=\u00bbmiddle\u00bb css=\u00bb.vc_custom_1661859699693{margin-bottom: 30px !important;}\u00bb woodmart_css_id=\u00bb630df76a36754&#8243; responsive_spacing=\u00bbeyJwYXJhbV90eXBlIjoid29vZG1hcnRfcmVzcG9uc2l2ZV9zcGFjaW5nIiwic2VsZWN0b3JfaWQiOiI2MzBkZjc2YTM2NzU0Iiwic2hvcnRjb2RlIjoidmNfcm93IiwiZGF0YSI6eyJ0YWJsZXQiOnsibWFyZ2luLWJvdHRvbSI6IjEwIn0sIm1vYmlsZSI6e319fQ==\u00bb mobile_bg_img_hidden=\u00bbno\u00bb tablet_bg_img_hidden=\u00bbno\u00bb woodmart_parallax=\u00bb0&#8243; woodmart_gradient_switch=\u00bbno\u00bb woodmart_box_shadow=\u00bbno\u00bb wd_z_index=\u00bbno\u00bb woodmart_disable_overflow=\u00bb0&#8243; row_reverse_mobile=\u00bb0&#8243; row_reverse_tablet=\u00bb0&#8243;][vc_column offset=\u00bbvc_col-lg-6&#8243; woodmart_css_id=\u00bb630df61cde26b\u00bb parallax_scroll=\u00bbno\u00bb woodmart_sticky_column=\u00bbfalse\u00bb<\/p>\n","protected":false},"featured_media":1631,"template":"","meta":{"_seopress_robots_primary_cat":"none","_seopress_titles_title":"Adaptador de corriente de carga r\u00e1pida para cargador de coche QC3.0 20W 35W","_seopress_titles_desc":"Venta al por mayor Universal QC3.0 20W 35W Cargador de coche Tel\u00e9fono Carga r\u00e1pida 3.0 Carga r\u00e1pida Coche 4 puertos Cargador USB Adaptador de corriente para iPhone Samsung","_seopress_robots_index":""},"product_brand":[],"product_cat":[104],"product_tag":[259],"class_list":{"0":"post-2192","1":"product","2":"type-product","3":"status-publish","4":"has-post-thumbnail","6":"product_cat-cargador","7":"product_tag-cargador-de-coche","9":"first","10":"instock","11":"shipping-taxable","12":"product-type-simple"},"_links":{"self":[{"href":"https:\/\/www.phoneaccessories.top\/es\/wp-json\/wp\/v2\/product\/2192","targetHints":{"allow":["GET"]}}],"collection":[{"href":"https:\/\/www.phoneaccessories.top\/es\/wp-json\/wp\/v2\/product"}],"about":[{"href":"https:\/\/www.phoneaccessories.top\/es\/wp-json\/wp\/v2\/types\/product"}],"wp:featuredmedia":[{"embeddable":true,"href":"https:\/\/www.phoneaccessories.top\/es\/wp-json\/wp\/v2\/media\/1631"}],"wp:attachment":[{"href":"https:\/\/www.phoneaccessories.top\/es\/wp-json\/wp\/v2\/media?parent=2192"}],"wp:term":[{"taxonomy":"product_brand","embeddable":true,"href":"https:\/\/www.phoneaccessories.top\/es\/wp-json\/wp\/v2\/product_brand?post=2192"},{"taxonomy":"product_cat","embeddable":true,"href":"https:\/\/www.phoneaccessories.top\/es\/wp-json\/wp\/v2\/product_cat?post=2192"},{"taxonomy":"product_tag","embeddable":true,"href":"https:\/\/www.phoneaccessories.top\/es\/wp-json\/wp\/v2\/product_tag?post=2192"}],"curies":[{"name":"wp","href":"https:\/\/api.w.org\/{rel}","templated":true}]}}