{"id":2512,"date":"2023-10-20T02:52:20","date_gmt":"2023-10-20T02:52:20","guid":{"rendered":"https:\/\/www.phoneaccessories.top\/p\/auriculares-inalambricos-gamer-x15-tws-earbuds\/"},"modified":"2023-10-20T03:06:16","modified_gmt":"2023-10-20T03:06:16","slug":"auriculares-inalambricos-gamer-x15-tws-earbuds","status":"publish","type":"product","link":"https:\/\/www.phoneaccessories.top\/es\/p\/auriculares-inalambricos-gamer-x15-tws-earbuds\/","title":{"rendered":"Auriculares inal\u00e1mbricos Gamer x15 Tws Earbuds"},"content":{"rendered":"<div class=\"wpb-content-wrapper\"><p>[vc_row content_placement=\u00bbmiddle\u00bb css=\u00bb.vc_custom_1661859699693{margin-bottom: 30px !important;}\u00bb woodmart_css_id=\u00bb630df76a36754&#8243; responsive_spacing=\u00bbeyJwYXJhbV90eXBlIjoid29vZG1hcnRfcmVzcG9uc2l2ZV9zcGFjaW5nIiwic2VsZWN0b3JfaWQiOiI2MzBkZjc2YTM2NzU0Iiwic2hvcnRjb2RlIjoidmNfcm93IiwiZGF0YSI6eyJ0YWJsZXQiOnsibWFyZ2luLWJvdHRvbSI6IjEwIn0sIm1vYmlsZSI6e319fQ==\u00bb mobile_bg_img_hidden=\u00bbno\u00bb tablet_bg_img_hidden=\u00bbno\u00bb woodmart_parallax=\u00bb0&#8243; woodmart_gradient_switch=\u00bbno\u00bb woodmart_box_shadow=\u00bbno\u00bb wd_z_index=\u00bbno\u00bb woodmart_disable_overflow=\u00bb0&#8243; row_reverse_mobile=\u00bb0&#8243; row_reverse_tablet=\u00bb0&#8243;][vc_column offset=\u00bbvc_col-lg-6&#8243; woodmart_css_id=\u00bb630df61cde26b\u00bb parallax_scroll=\u00bbno\u00bb woodmart_sticky_column=\u00bbfalse\u00bb wd_collapsible_content_switcher=\u00bbno\u00bb wd_column_role_offcanvas_desktop=\u00bbno\u00bb wd_column_role_offcanvas_tablet=\u00bbno\u00bb wd_column_role_offcanvas_mobile=\u00bbno\u00bb wd_column_role_content_desktop=\u00bbno\u00bb wd_column_role_content_tablet=\u00bbno\u00bb wd_column_role_content_mobile=\u00bbno\u00bb mobile_bg_img_hidden=\u00bbno\u00bb tablet_bg_img_hidden=\u00bbno\u00bb woodmart_parallax=\u00bb0&#8243; woodmart_box_shadow=\u00bbno\u00bb responsive_spacing=\u00bbeyJwYXJhbV90eXBlIjoid29vZG1hcnRfcmVzcG9uc2l2ZV9zcGFjaW5nIiwic2VsZWN0b3JfaWQiOiI2MzBkZjYxY2RlMjZiIiwic2hvcnRjb2RlIjoidmNfY29sdW1uIiwiZGF0YSI6eyJ0YWJsZXQiOnt9LCJtb2JpbGUiOnt9fX0=\u00bb mobile_reset_margin=\u00bbno\u00bb tablet_reset_margin=\u00bbno\u00bb wd_z_index=\u00bbno\u00bb]\t\t<div id=\"gallery_142\" class=\"wd-images-gallery wd-wpb wd-rs-6531e98e2c22a vc_custom_1697769888920\" style=\"--wd-justify-content:center;--wd-align-items:center;\">\n\t\t\t\n\t\t\t<div class=\" wd-grid-g\" style=\"--wd-col-lg:2;--wd-col-md:2;--wd-col-sm:1;--wd-gap-lg:20px;--wd-gap-sm:10px;\">\n\t\t\t\t\n\t\t\t\t\t\t\t\t\t\t\t\t\t\t\t<div class=\"wd-gallery-item wd-col\">\n\t\t\t\t\t\t\t\n\t\t\t\t\t\t\t\t<img loading=\"lazy\" decoding=\"async\" width=\"800\" height=\"800\" src=\"https:\/\/www.phoneaccessories.top\/wp-content\/uploads\/2023\/10\/Gamer-x15-Tws-Earbuds-Wireless-Headphone-Headset_des.webp\" class=\"wd-gallery-image image-1\" alt=\"Gamer x15 Tws Earbuds Wireless Headphone Headset\" srcset=\"https:\/\/www.phoneaccessories.top\/wp-content\/uploads\/2023\/10\/Gamer-x15-Tws-Earbuds-Wireless-Headphone-Headset_des.webp 800w, https:\/\/www.phoneaccessories.top\/wp-content\/uploads\/2023\/10\/Gamer-x15-Tws-Earbuds-Wireless-Headphone-Headset_des-300x300.webp 300w, https:\/\/www.phoneaccessories.top\/wp-content\/uploads\/2023\/10\/Gamer-x15-Tws-Earbuds-Wireless-Headphone-Headset_des-150x150.webp 150w, https:\/\/www.phoneaccessories.top\/wp-content\/uploads\/2023\/10\/Gamer-x15-Tws-Earbuds-Wireless-Headphone-Headset_des-768x768.webp 768w, https:\/\/www.phoneaccessories.top\/wp-content\/uploads\/2023\/10\/Gamer-x15-Tws-Earbuds-Wireless-Headphone-Headset_des-600x600.webp 600w, https:\/\/www.phoneaccessories.top\/wp-content\/uploads\/2023\/10\/Gamer-x15-Tws-Earbuds-Wireless-Headphone-Headset_des-148x148.webp 148w\" sizes=\"auto, (max-width: 800px) 100vw, 800px\" \/>\n\t\t\t\t\t\t\t\t\t\t\t\t\t\t<\/div>\n\t\t\t\t\t\t\t\t\t\n\t\t\t\t\t\t\t<\/div>\n\n\t\t\t\t\t<\/div>\n\t\t[\/vc_column][vc_column offset=\u00bbvc_col-lg-6&#8243; woodmart_css_id=\u00bb630df6239bd04&#8243; parallax_scroll=\u00bbno\u00bb woodmart_sticky_column=\u00bbfalse\u00bb wd_collapsible_content_switcher=\u00bbno\u00bb wd_column_role_offcanvas_desktop=\u00bbno\u00bb wd_column_role_offcanvas_tablet=\u00bbno\u00bb wd_column_role_offcanvas_mobile=\u00bbno\u00bb wd_column_role_content_desktop=\u00bbno\u00bb wd_column_role_content_tablet=\u00bbno\u00bb wd_column_role_content_mobile=\u00bbno\u00bb mobile_bg_img_hidden=\u00bbno\u00bb tablet_bg_img_hidden=\u00bbno\u00bb woodmart_parallax=\u00bb0&#8243; woodmart_box_shadow=\u00bbno\u00bb responsive_spacing=\u00bbeyJwYXJhbV90eXBlIjoid29vZG1hcnRfcmVzcG9uc2l2ZV9zcGFjaW5nIiwic2VsZWN0b3JfaWQiOiI2MzBkZjYyMzliZDA0Iiwic2hvcnRjb2RlIjoidmNfY29sdW1uIiwiZGF0YSI6eyJ0YWJsZXQiOnt9LCJtb2JpbGUiOnt9fX0=\u00bb mobile_reset_margin=\u00bbno\u00bb tablet_reset_margin=\u00bbno\u00bb wd_z_index=\u00bbno\u00bb]\n\t\t<div id=\"wd-630cbe63d8566\" class=\"title-wrapper wd-wpb set-mb-s reset-last-child  wd-rs-630cbe63d8566 wd-title-color-default wd-title-style-default text-left vc_custom_1661779559595 wd-underline-colored\">\n\t\t\t\n\t\t\t<div class=\"liner-continer\">\n\t\t\t\t<h4 class=\"woodmart-title-container title  wd-font-weight- wd-fontsize-l\" >Caracter\u00edsticas<\/h4>\n\t\t\t\t\t\t\t<\/div>\n\t\t\t\n\t\t\t\n\t\t\t\n\t\t<\/div>\n\t\t\n\t\t\t\t<div id=\"wd-6531e90a65451\" class=\"wd-text-block wd-wpb reset-last-child wd-rs-6531e90a65451 text-left \">\n\t\t\t<div class=\"structure-row\">\n<div class=\"col-left\" data-spm-anchor-id=\"a2700.wholesale.0.i33.a4111a67wZUX4Q\">Comunicaci\u00f3n: Inal\u00e1mbrica<\/div>\n<\/div>\n<div class=\"structure-row\">\n<div class=\"col-left\">Estilo: En la oreja<\/div>\n<\/div>\n<div class=\"structure-row\">\n<div class=\"col-left\">Funci\u00f3n: Resistente al agua, Cancelaci\u00f3n de ruido, Micr\u00f3fono, Pantalla LED<\/div>\n<\/div>\n<div class=\"structure-row\">\n<div class=\"col-left\">Utilice reproductor multimedia port\u00e1til, tel\u00e9fono m\u00f3vil, deportes, viajes<\/div>\n<\/div>\n<div class=\"structure-row\">\n<div class=\"col-left\">Est\u00e1ndar impermeable: IPX 0<\/div>\n<\/div>\n<div class=\"structure-row\">\n<div class=\"col-left\">Principio de vocalismo: tecnolog\u00eda h\u00edbrida<\/div>\n<\/div>\n<div class=\"structure-row\">\n<div class=\"col-left\">Control de volumen: S\u00ed<\/div>\n<\/div>\n<div class=\"structure-row\">\n<div class=\"col-left\">Tiempo de retardo inal\u00e1mbrico: menos de 30 ms<\/div>\n<\/div>\n<div class=\"structure-row\">\n<div class=\"col-left\">Indicador de bater\u00eda: LED<\/div>\n<\/div>\n<div class=\"structure-row\"><\/div>\n<div class=\"structure-row\">\n<div class=\"col-right\">Longitud del cable: inal\u00e1mbrico<\/div>\n<\/div>\n<div class=\"structure-row\">\n<div class=\"col-left\">C\u00f3decs: APT-X<\/div>\n<\/div>\n<div class=\"structure-row\">\n<div class=\"col-left\">Conjunto de chips: JL<\/div>\n<\/div>\n<div class=\"structure-row\">\n<div class=\"col-left\">Material: ABS+Metal<\/div>\n<\/div>\n<div class=\"structure-row\">\n<div class=\"col-left\">Versi\u00f3n Bluetooth: V5.0+EDR<\/div>\n<\/div>\n<div class=\"structure-row\">\n<div class=\"col-left\">conjunto de chips: JULI -High End<\/div>\n<\/div>\n<div class=\"structure-row\">\n<div class=\"col-left\">Perfil de soporte: A2DPV1.3,AVCTPV1.4,AVDTPV1.3,AVRCPV1.6,GAVDPV1.3,HFPV1.7,<\/div>\n<\/div>\n<div class=\"structure-row\">\n<div class=\"col-left\">Frecuencia de trabajo: 2.402GHz-2.480GHz<\/div>\n<\/div>\n<div class=\"structure-row\">\n<div class=\"col-left\">Tiempo de juego: 4 horas<\/div>\n<\/div>\n<div class=\"structure-row\">\n<div class=\"col-left\">Tiempo de llamada: 4 horas<\/div>\n<\/div>\n<div class=\"structure-row\">\n<div class=\"col-left\">Tiempo de carga: 1,5 horas<\/div>\n<\/div>\n<div class=\"structure-row\">\n<div class=\"col-left\">Palabra clave: Auriculares para juegos<\/div>\n<\/div>\n<div class=\"structure-row\">\n<div class=\"col-left\">Soporte de perfil: HSP\/HFP\/A2DP\/AVRCP<\/div>\n<\/div>\n\t\t<\/div>\n\t\t[vc_row_inner][vc_column_inner width=\u00bb1\/3&#8243;]\n\t\t<ul class=\" wd-rs-6329ddeed2dbc wd-list wd-wpb color-scheme-custom wd-fontsize-s wd-list-type-icon wd-list-style-default wd-justify-left \" id=\"wd-6329ddeed2dbc\">\n\t\t\t\t\t\t\t\t\t\t\t<li>\n\t\t\t\t\t<img loading=\"lazy\" decoding=\"async\"  src=\"https:\/\/www.phoneaccessories.top\/wp-content\/uploads\/2022\/09\/ecology.svg\" title=\"ecology\" width=\"25\" height=\"25\">\n\t\t\t\t\t<span class=\"list-content\">Ecology<\/span>\n\t\t\t\t\t\t\t\t\t<\/li>\n\t\t\t\t\t\t\t\t\t\t\t<li>\n\t\t\t\t\t<img loading=\"lazy\" decoding=\"async\"  src=\"https:\/\/www.phoneaccessories.top\/wp-content\/uploads\/2022\/09\/chargers.svg\" title=\"chargers\" width=\"25\" height=\"25\">\n\t\t\t\t\t<span class=\"list-content\">Chargers<\/span>\n\t\t\t\t\t\t\t\t\t<\/li>\n\t\t\t\t\t<\/ul>\n\t\t[\/vc_column_inner][vc_column_inner width=\u00bb1\/3&#8243;]\n\t\t<ul class=\" wd-rs-6329de09c6490 wd-list wd-wpb color-scheme-custom wd-fontsize-s wd-list-type-icon wd-list-style-default wd-justify-left vc_custom_1663688215487\" id=\"wd-6329de09c6490\">\n\t\t\t\t\t\t\t\t\t\t\t<li>\n\t\t\t\t\t<img loading=\"lazy\" decoding=\"async\"  src=\"https:\/\/www.phoneaccessories.top\/wp-content\/uploads\/2022\/09\/creativity.svg\" title=\"creativity\" width=\"25\" height=\"25\">\n\t\t\t\t\t<span class=\"list-content\">Creativity<\/span>\n\t\t\t\t\t\t\t\t\t<\/li>\n\t\t\t\t\t\t\t\t\t\t\t<li>\n\t\t\t\t\t<img loading=\"lazy\" decoding=\"async\"  src=\"https:\/\/www.phoneaccessories.top\/wp-content\/uploads\/2022\/09\/mag-safe.svg\" title=\"mag-safe\" width=\"25\" height=\"25\">\n\t\t\t\t\t<span class=\"list-content\">MagSafe<\/span>\n\t\t\t\t\t\t\t\t\t<\/li>\n\t\t\t\t\t<\/ul>\n\t\t[\/vc_column_inner][vc_column_inner width=\u00bb1\/3&#8243;]\n\t\t<ul class=\" wd-rs-6329de1889ca0 wd-list wd-wpb color-scheme-custom wd-fontsize-s wd-list-type-icon wd-list-style-default wd-justify-left \" id=\"wd-6329de1889ca0\">\n\t\t\t\t\t\t\t\t\t\t\t<li>\n\t\t\t\t\t<img loading=\"lazy\" decoding=\"async\"  src=\"https:\/\/www.phoneaccessories.top\/wp-content\/uploads\/2022\/09\/materials.svg\" title=\"materials\" width=\"25\" height=\"25\">\n\t\t\t\t\t<span class=\"list-content\">Materials<\/span>\n\t\t\t\t\t\t\t\t\t<\/li>\n\t\t\t\t\t\t\t\t\t\t\t<li>\n\t\t\t\t\t<img loading=\"lazy\" decoding=\"async\"  src=\"https:\/\/www.phoneaccessories.top\/wp-content\/uploads\/2022\/09\/power-cables.svg\" title=\"power-cables\" width=\"25\" height=\"25\">\n\t\t\t\t\t<span class=\"list-content\">Power & Cables<\/span>\n\t\t\t\t\t\t\t\t\t<\/li>\n\t\t\t\t\t<\/ul>\n\t\t[\/vc_column_inner][\/vc_row_inner][\/vc_column][\/vc_row][vc_row content_placement=\u00bbmiddle\u00bb css=\u00bb.vc_custom_1661859720606{margin-bottom: 30px !important;}\u00bb woodmart_css_id=\u00bb630df782efede\u00bb responsive_spacing=\u00bbeyJwYXJhbV90eXBlIjoid29vZG1hcnRfcmVzcG9uc2l2ZV9zcGFjaW5nIiwic2VsZWN0b3JfaWQiOiI2MzBkZjc4MmVmZWRlIiwic2hvcnRjb2RlIjoidmNfcm93IiwiZGF0YSI6eyJ0YWJsZXQiOnsibWFyZ2luLWJvdHRvbSI6IjEwIn0sIm1vYmlsZSI6e319fQ==\u00bb mobile_bg_img_hidden=\u00bbno\u00bb tablet_bg_img_hidden=\u00bbno\u00bb woodmart_parallax=\u00bb0&#8243; woodmart_gradient_switch=\u00bbno\u00bb woodmart_box_shadow=\u00bbno\u00bb wd_z_index=\u00bbno\u00bb woodmart_disable_overflow=\u00bb0&#8243; row_reverse_mobile=\u00bb0&#8243; row_reverse_tablet=\u00bb1&#8243;][vc_column offset=\u00bbvc_col-lg-6&#8243; woodmart_css_id=\u00bb630df69a597f9&#8243; parallax_scroll=\u00bbno\u00bb woodmart_sticky_column=\u00bbfalse\u00bb wd_collapsible_content_switcher=\u00bbno\u00bb wd_column_role_offcanvas_desktop=\u00bbno\u00bb wd_column_role_offcanvas_tablet=\u00bbno\u00bb wd_column_role_offcanvas_mobile=\u00bbno\u00bb wd_column_role_content_desktop=\u00bbno\u00bb wd_column_role_content_tablet=\u00bbno\u00bb wd_column_role_content_mobile=\u00bbno\u00bb mobile_bg_img_hidden=\u00bbno\u00bb tablet_bg_img_hidden=\u00bbno\u00bb woodmart_parallax=\u00bb0&#8243; woodmart_box_shadow=\u00bbno\u00bb responsive_spacing=\u00bbeyJwYXJhbV90eXBlIjoid29vZG1hcnRfcmVzcG9uc2l2ZV9zcGFjaW5nIiwic2VsZWN0b3JfaWQiOiI2MzBkZjY5YTU5N2Y5Iiwic2hvcnRjb2RlIjoidmNfY29sdW1uIiwiZGF0YSI6eyJ0YWJsZXQiOnt9LCJtb2JpbGUiOnt9fX0=\u00bb mobile_reset_margin=\u00bbno\u00bb tablet_reset_margin=\u00bbno\u00bb wd_z_index=\u00bbno\u00bb]\n\t\t<div id=\"wd-64d2fdbd0b283\" class=\"title-wrapper wd-wpb set-mb-s reset-last-child  wd-rs-64d2fdbd0b283 wd-title-color-default wd-title-style-default text-left vc_custom_1691549124766 wd-underline-colored\">\n\t\t\t\n\t\t\t<div class=\"liner-continer\">\n\t\t\t\t<h4 class=\"woodmart-title-container title  wd-font-weight- wd-fontsize-l\" >Descripci\u00f3n<\/h4>\n\t\t\t\t\t\t\t<\/div>\n\t\t\t\n\t\t\t\n\t\t\t\n\t\t<\/div>\n\t\t\n\t\t\t\t<div id=\"wd-6531e9cf2462c\" class=\"wd-text-block wd-wpb reset-last-child wd-rs-6531e9cf2462c text-left \">\n\t\t\t<div class=\"detailmodule_text\" align=\"start\">\n<p align=\"left\"><span style=\"font-family: Verdana; color: #000000;\">1. Versi\u00f3n BT: 5.0<\/span><\/p>\n<div>\n<div>\n<div data-spm-anchor-id=\"a2700.wholesale.0.i34.a4111a67wZUX4Q\"><span class=\"magic-7\" style=\"color: #000000;\"><span class=\"magic-7\"><span class=\"magic-7\" style=\"font-family: Verdana;\"><span class=\"magic-14\">2. Distancia de transmisi\u00f3n: 10 m<br \/>\n3. Capacidad de la bater\u00eda de los auriculares:30mAh<br \/>\n4. Capacidad de la bater\u00eda de la caja de carga:200mAh<br \/>\n5. M\u00e9todo de carga: caja de carga, carga por enchufe USB, carga magn\u00e9tica de auriculares<br \/>\n6. Tiempo de carga de los auriculares: unos 30 minutos<br \/>\n7. Tiempo de carga de la caja de carga: aproximadamente 2 horas<br \/>\n8. Duraci\u00f3n de los auriculares: aproximadamente 2,5 horas<br \/>\n9. Frecuencia de carga de la caja de carga: aproximadamente 3 veces;<\/span><\/span><\/span><\/span><\/div>\n<\/div>\n<\/div>\n<\/div>\n\t\t<\/div>\n\t\t[\/vc_column][vc_column offset=\u00bbvc_col-lg-6&#8243; woodmart_css_id=\u00bb630df69f514f6&#8243; parallax_scroll=\u00bbno\u00bb woodmart_sticky_column=\u00bbfalse\u00bb wd_collapsible_content_switcher=\u00bbno\u00bb wd_column_role_offcanvas_desktop=\u00bbno\u00bb wd_column_role_offcanvas_tablet=\u00bbno\u00bb wd_column_role_offcanvas_mobile=\u00bbno\u00bb wd_column_role_content_desktop=\u00bbno\u00bb wd_column_role_content_tablet=\u00bbno\u00bb wd_column_role_content_mobile=\u00bbno\u00bb mobile_bg_img_hidden=\u00bbno\u00bb tablet_bg_img_hidden=\u00bbno\u00bb woodmart_parallax=\u00bb0&#8243; woodmart_box_shadow=\u00bbno\u00bb responsive_spacing=\u00bbeyJwYXJhbV90eXBlIjoid29vZG1hcnRfcmVzcG9uc2l2ZV9zcGFjaW5nIiwic2VsZWN0b3JfaWQiOiI2MzBkZjY5ZjUxNGY2Iiwic2hvcnRjb2RlIjoidmNfY29sdW1uIiwiZGF0YSI6eyJ0YWJsZXQiOnt9LCJtb2JpbGUiOnt9fX0=\u00bb mobile_reset_margin=\u00bbno\u00bb tablet_reset_margin=\u00bbno\u00bb wd_z_index=\u00bbno\u00bb]\t\t<div id=\"wd-6531ea7ab6128\" class=\"wd-image wd-wpb wd-rs-6531ea7ab6128 text-left \">\n\t\t\t\n\t\t\t<img loading=\"lazy\" decoding=\"async\" width=\"800\" height=\"800\" src=\"https:\/\/www.phoneaccessories.top\/wp-content\/uploads\/2023\/10\/Gamer-x15-Tws-Earbuds-Wireless-Headphone-Headset_function.webp\" class=\"attachment-full size-full\" alt=\"Gamer x15 Tws Earbuds Wireless Headphone Headset\" srcset=\"https:\/\/www.phoneaccessories.top\/wp-content\/uploads\/2023\/10\/Gamer-x15-Tws-Earbuds-Wireless-Headphone-Headset_function.webp 800w, https:\/\/www.phoneaccessories.top\/wp-content\/uploads\/2023\/10\/Gamer-x15-Tws-Earbuds-Wireless-Headphone-Headset_function-300x300.webp 300w, https:\/\/www.phoneaccessories.top\/wp-content\/uploads\/2023\/10\/Gamer-x15-Tws-Earbuds-Wireless-Headphone-Headset_function-150x150.webp 150w, https:\/\/www.phoneaccessories.top\/wp-content\/uploads\/2023\/10\/Gamer-x15-Tws-Earbuds-Wireless-Headphone-Headset_function-768x768.webp 768w, https:\/\/www.phoneaccessories.top\/wp-content\/uploads\/2023\/10\/Gamer-x15-Tws-Earbuds-Wireless-Headphone-Headset_function-600x600.webp 600w, https:\/\/www.phoneaccessories.top\/wp-content\/uploads\/2023\/10\/Gamer-x15-Tws-Earbuds-Wireless-Headphone-Headset_function-148x148.webp 148w\" sizes=\"auto, (max-width: 800px) 100vw, 800px\" \/>\n\t\t\t\t\t<\/div>\n\t\t[\/vc_column][\/vc_row]<\/p>\n<\/div>","protected":false},"excerpt":{"rendered":"<p>[vc_row content_placement=\u00bbmiddle\u00bb css=\u00bb.vc_custom_1661859699693{margin-bottom: 30px !important;}\u00bb woodmart_css_id=\u00bb630df76a36754&#8243; responsive_spacing=\u00bbeyJwYXJhbV90eXBlIjoid29vZG1hcnRfcmVzcG9uc2l2ZV9zcGFjaW5nIiwic2VsZWN0b3JfaWQiOiI2MzBkZjc2YTM2NzU0Iiwic2hvcnRjb2RlIjoidmNfcm93IiwiZGF0YSI6eyJ0YWJsZXQiOnsibWFyZ2luLWJvdHRvbSI6IjEwIn0sIm1vYmlsZSI6e319fQ==\u00bb mobile_bg_img_hidden=\u00bbno\u00bb tablet_bg_img_hidden=\u00bbno\u00bb woodmart_parallax=\u00bb0&#8243; woodmart_gradient_switch=\u00bbno\u00bb woodmart_box_shadow=\u00bbno\u00bb wd_z_index=\u00bbno\u00bb woodmart_disable_overflow=\u00bb0&#8243; row_reverse_mobile=\u00bb0&#8243; row_reverse_tablet=\u00bb0&#8243;][vc_column offset=\u00bbvc_col-lg-6&#8243; woodmart_css_id=\u00bb630df61cde26b\u00bb parallax_scroll=\u00bbno\u00bb woodmart_sticky_column=\u00bbfalse\u00bb<\/p>\n","protected":false},"featured_media":2491,"template":"","meta":{"_seopress_robots_primary_cat":"none","_seopress_titles_title":"Gamer x15 Tws Auriculares Inal\u00e1mbricos Auriculares Bluetooth Mini Auriculares","_seopress_titles_desc":"Gamer x15 Tws auriculares inal\u00e1mbricos con reducci\u00f3n de ruido Bluetooth 5,0 Mini auriculares Tws de baja latencia auriculares inal\u00e1mbricos para juegos","_seopress_robots_index":""},"product_brand":[],"product_cat":[107],"product_tag":[342],"class_list":{"0":"post-2512","1":"product","2":"type-product","3":"status-publish","4":"has-post-thumbnail","6":"product_cat-auricular","7":"product_tag-x15-es","9":"first","10":"instock","11":"featured","12":"shipping-taxable","13":"product-type-simple"},"_links":{"self":[{"href":"https:\/\/www.phoneaccessories.top\/es\/wp-json\/wp\/v2\/product\/2512","targetHints":{"allow":["GET"]}}],"collection":[{"href":"https:\/\/www.phoneaccessories.top\/es\/wp-json\/wp\/v2\/product"}],"about":[{"href":"https:\/\/www.phoneaccessories.top\/es\/wp-json\/wp\/v2\/types\/product"}],"wp:featuredmedia":[{"embeddable":true,"href":"https:\/\/www.phoneaccessories.top\/es\/wp-json\/wp\/v2\/media\/2491"}],"wp:attachment":[{"href":"https:\/\/www.phoneaccessories.top\/es\/wp-json\/wp\/v2\/media?parent=2512"}],"wp:term":[{"taxonomy":"product_brand","embeddable":true,"href":"https:\/\/www.phoneaccessories.top\/es\/wp-json\/wp\/v2\/product_brand?post=2512"},{"taxonomy":"product_cat","embeddable":true,"href":"https:\/\/www.phoneaccessories.top\/es\/wp-json\/wp\/v2\/product_cat?post=2512"},{"taxonomy":"product_tag","embeddable":true,"href":"https:\/\/www.phoneaccessories.top\/es\/wp-json\/wp\/v2\/product_tag?post=2512"}],"curies":[{"name":"wp","href":"https:\/\/api.w.org\/{rel}","templated":true}]}}