{"id":2572,"date":"2024-01-26T07:30:57","date_gmt":"2024-01-26T07:30:57","guid":{"rendered":"https:\/\/www.phoneaccessories.top\/p\/reloj-inteligente-movil-con-pantalla-tactil-smartwatch-dz09\/"},"modified":"2024-01-26T07:47:08","modified_gmt":"2024-01-26T07:47:08","slug":"reloj-inteligente-movil-con-pantalla-tactil-smartwatch-dz09","status":"publish","type":"product","link":"https:\/\/www.phoneaccessories.top\/es\/p\/reloj-inteligente-movil-con-pantalla-tactil-smartwatch-dz09\/","title":{"rendered":"Reloj inteligente m\u00f3vil con pantalla t\u00e1ctil Smartwatch DZ09"},"content":{"rendered":"<div class=\"wpb-content-wrapper\"><p>[vc_row content_placement=\u00bbmiddle\u00bb css=\u00bb.vc_custom_1661859699693{margin-bottom: 30px !important;}\u00bb woodmart_css_id=\u00bb630df76a36754&#8243; responsive_spacing=\u00bbeyJwYXJhbV90eXBlIjoid29vZG1hcnRfcmVzcG9uc2l2ZV9zcGFjaW5nIiwic2VsZWN0b3JfaWQiOiI2MzBkZjc2YTM2NzU0Iiwic2hvcnRjb2RlIjoidmNfcm93IiwiZGF0YSI6eyJ0YWJsZXQiOnsibWFyZ2luLWJvdHRvbSI6IjEwIn0sIm1vYmlsZSI6e319fQ==\u00bb mobile_bg_img_hidden=\u00bbno\u00bb tablet_bg_img_hidden=\u00bbno\u00bb woodmart_parallax=\u00bb0&#8243; woodmart_gradient_switch=\u00bbno\u00bb woodmart_box_shadow=\u00bbno\u00bb wd_z_index=\u00bbno\u00bb woodmart_disable_overflow=\u00bb0&#8243; row_reverse_mobile=\u00bb0&#8243; row_reverse_tablet=\u00bb0&#8243;][vc_column offset=\u00bbvc_col-lg-6&#8243; woodmart_css_id=\u00bb630df61cde26b\u00bb parallax_scroll=\u00bbno\u00bb woodmart_sticky_column=\u00bbfalse\u00bb wd_collapsible_content_switcher=\u00bbno\u00bb wd_column_role_offcanvas_desktop=\u00bbno\u00bb wd_column_role_offcanvas_tablet=\u00bbno\u00bb wd_column_role_offcanvas_mobile=\u00bbno\u00bb wd_column_role_content_desktop=\u00bbno\u00bb wd_column_role_content_tablet=\u00bbno\u00bb wd_column_role_content_mobile=\u00bbno\u00bb mobile_bg_img_hidden=\u00bbno\u00bb tablet_bg_img_hidden=\u00bbno\u00bb woodmart_parallax=\u00bb0&#8243; woodmart_box_shadow=\u00bbno\u00bb responsive_spacing=\u00bbeyJwYXJhbV90eXBlIjoid29vZG1hcnRfcmVzcG9uc2l2ZV9zcGFjaW5nIiwic2VsZWN0b3JfaWQiOiI2MzBkZjYxY2RlMjZiIiwic2hvcnRjb2RlIjoidmNfY29sdW1uIiwiZGF0YSI6eyJ0YWJsZXQiOnt9LCJtb2JpbGUiOnt9fX0=\u00bb mobile_reset_margin=\u00bbno\u00bb tablet_reset_margin=\u00bbno\u00bb wd_z_index=\u00bbno\u00bb]\t\t<div id=\"gallery_753\" class=\"wd-images-gallery wd-wpb wd-rs-65b35c6479c33 vc_custom_1706253461391\" style=\"--wd-justify-content:center;--wd-align-items:center;\">\n\t\t\t\n\t\t\t<div class=\" wd-grid-g\" style=\"--wd-col-lg:2;--wd-col-md:2;--wd-col-sm:1;--wd-gap-lg:20px;--wd-gap-sm:10px;\">\n\t\t\t\t\n\t\t\t\t\t\t\t\t\t\t\t\t\t\t\t<div class=\"wd-gallery-item wd-col\">\n\t\t\t\t\t\t\t\n\t\t\t\t\t\t\t\t<img loading=\"lazy\" decoding=\"async\" width=\"800\" height=\"800\" src=\"https:\/\/www.phoneaccessories.top\/wp-content\/uploads\/2024\/01\/Mobile-Touch-Screen-Smartwatch-DZ09-Smart-Watches.jpg\" class=\"wd-gallery-image image-1\" alt=\"Mobile Touch Screen Smartwatch DZ09 Smart Watch\" srcset=\"https:\/\/www.phoneaccessories.top\/wp-content\/uploads\/2024\/01\/Mobile-Touch-Screen-Smartwatch-DZ09-Smart-Watches.jpg 800w, https:\/\/www.phoneaccessories.top\/wp-content\/uploads\/2024\/01\/Mobile-Touch-Screen-Smartwatch-DZ09-Smart-Watches-300x300.jpg 300w, https:\/\/www.phoneaccessories.top\/wp-content\/uploads\/2024\/01\/Mobile-Touch-Screen-Smartwatch-DZ09-Smart-Watches-150x150.jpg 150w, https:\/\/www.phoneaccessories.top\/wp-content\/uploads\/2024\/01\/Mobile-Touch-Screen-Smartwatch-DZ09-Smart-Watches-768x768.jpg 768w, https:\/\/www.phoneaccessories.top\/wp-content\/uploads\/2024\/01\/Mobile-Touch-Screen-Smartwatch-DZ09-Smart-Watches-600x600.jpg 600w, https:\/\/www.phoneaccessories.top\/wp-content\/uploads\/2024\/01\/Mobile-Touch-Screen-Smartwatch-DZ09-Smart-Watches-148x148.jpg 148w\" sizes=\"auto, (max-width: 800px) 100vw, 800px\" \/>\n\t\t\t\t\t\t\t\t\t\t\t\t\t\t<\/div>\n\t\t\t\t\t\t\t\t\t\n\t\t\t\t\t\t\t<\/div>\n\n\t\t\t\t\t<\/div>\n\t\t[\/vc_column][vc_column offset=\u00bbvc_col-lg-6&#8243; woodmart_css_id=\u00bb630df6239bd04&#8243; parallax_scroll=\u00bbno\u00bb woodmart_sticky_column=\u00bbfalse\u00bb wd_collapsible_content_switcher=\u00bbno\u00bb wd_column_role_offcanvas_desktop=\u00bbno\u00bb wd_column_role_offcanvas_tablet=\u00bbno\u00bb wd_column_role_offcanvas_mobile=\u00bbno\u00bb wd_column_role_content_desktop=\u00bbno\u00bb wd_column_role_content_tablet=\u00bbno\u00bb wd_column_role_content_mobile=\u00bbno\u00bb mobile_bg_img_hidden=\u00bbno\u00bb tablet_bg_img_hidden=\u00bbno\u00bb woodmart_parallax=\u00bb0&#8243; woodmart_box_shadow=\u00bbno\u00bb responsive_spacing=\u00bbeyJwYXJhbV90eXBlIjoid29vZG1hcnRfcmVzcG9uc2l2ZV9zcGFjaW5nIiwic2VsZWN0b3JfaWQiOiI2MzBkZjYyMzliZDA0Iiwic2hvcnRjb2RlIjoidmNfY29sdW1uIiwiZGF0YSI6eyJ0YWJsZXQiOnt9LCJtb2JpbGUiOnt9fX0=\u00bb mobile_reset_margin=\u00bbno\u00bb tablet_reset_margin=\u00bbno\u00bb wd_z_index=\u00bbno\u00bb]\n\t\t<div id=\"wd-630cbe63d8566\" class=\"title-wrapper wd-wpb set-mb-s reset-last-child  wd-rs-630cbe63d8566 wd-title-color-default wd-title-style-default text-left vc_custom_1661779559595 wd-underline-colored\">\n\t\t\t\n\t\t\t<div class=\"liner-continer\">\n\t\t\t\t<h4 class=\"woodmart-title-container title  wd-font-weight- wd-fontsize-l\" >Caracter\u00edsticas<\/h4>\n\t\t\t\t\t\t\t<\/div>\n\t\t\t\n\t\t\t\n\t\t\t\n\t\t<\/div>\n\t\t\n\t\t\t\t<div id=\"wd-65b35c9d56071\" class=\"wd-text-block wd-wpb reset-last-child wd-rs-65b35c9d56071 text-left \">\n\t\t\t<p>Model: DZ09<\/p>\n<div class=\"attribute-list\">\n<div class=\"attribute-item\">\n<div class=\"left\" data-spm-anchor-id=\"a2700.details.0.i102.14464df9tUANzu\">Tipo de pantalla: TFT<\/div>\n<\/div>\n<div class=\"attribute-item\">\n<div class=\"left\">Pantalla: 320&#215;240<\/div>\n<\/div>\n<div class=\"attribute-item\">\n<div class=\"left\">Caracter\u00edstica: wifi, pantalla t\u00e1ctil, control de aplicaciones, a prueba de polvo, bluetooth<\/div>\n<\/div>\n<div class=\"attribute-item\">\n<div class=\"left\">Funci\u00f3n: cron\u00f3grafo, TERM\u00d3METRO, Calendario, Despertador, Reserva de energ\u00eda, Control remoto, Cuenta regresiva, Seguimiento del sue\u00f1o, Medici\u00f3n de velocidad, Seguimiento de actividad f\u00edsica, Pas\u00f3metro, Recordatorio de llamadas, Responder llamadas, Mensaje push, Seguimiento del estado de \u00e1nimo, Recordatorio de mensajes, Marcar llamadas, Frecuencia card\u00edaca Rastreador, Monitor de ox\u00edgeno en sangre, Pago, Monitor de frecuencia card\u00edaca, Llamada de voz, CORREO ELECTR\u00d3NICO, Asistente de voz AI<\/div>\n<\/div>\n<\/div>\n<div class=\"attribute-list\">\n<div class=\"attribute-item\">\n<div class=\"left\">Forma del art\u00edculo: rectangular<\/div>\n<\/div>\n<div class=\"attribute-item\">\n<div class=\"right\">Sistema operativo\uff1aAndroid, IOS<\/div>\n<\/div>\n<div class=\"attribute-item\">\n<div class=\"left\">Material de la banda: gel de s\u00edlice<\/div>\n<\/div>\n<div class=\"attribute-item\">\n<div class=\"left\">Material de la caja: acero<\/div>\n<\/div>\n<div class=\"attribute-item\">\n<div class=\"left\">Personas aplicables: unisex.<\/div>\n<\/div>\n<div class=\"attribute-item\">\n<div class=\"left\">Tama\u00f1o de pantalla\uff1a\u226550mm<\/div>\n<\/div>\n<div class=\"attribute-item\">\n<div class=\"left\">Duraci\u00f3n de la bater\u00eda: de 5 a 10 d\u00edas<\/div>\n<\/div>\n<div class=\"attribute-item\">\n<div class=\"left\">Est\u00e1ndar impermeable\uff1aIP65<\/div>\n<\/div>\n<div class=\"attribute-item\">\n<div class=\"left\">Molde privado<\/div>\n<\/div>\n<div class=\"attribute-item\">\n<div class=\"right\">C\u00e1mara\uff1a&lt; 3MP<\/div>\n<\/div>\n<div class=\"attribute-item\">\n<div class=\"left\">Tama\u00f1o de pantalla\uff1a1.56 inch<\/div>\n<\/div>\n<div class=\"attribute-item\">\n<div class=\"left\">Palabra clave: reloj inteligente con pantalla t\u00e1ctil<\/div>\n<\/div>\n<div class=\"attribute-item\">\n<div class=\"left\">Tipo: mu\u00f1eca<\/div>\n<\/div>\n<div class=\"attribute-item\">\n<div class=\"left\">Impermeable\uff1aIP65<\/div>\n<\/div>\n<div class=\"attribute-item\">\n<div class=\"left\">Capacidad de la bater\u00eda\uff1a400mAh<\/div>\n<\/div>\n<div class=\"attribute-item\">\n<div class=\"left\">Estilo: Anillo inteligente\\Moda\\cl\u00e1sico\\negocios\\deportes<\/div>\n<\/div>\n<div class=\"attribute-item\">\n<div class=\"left\">Tama\u00f1o del producto\uff1a43.5x40x9.8mm<\/div>\n<\/div>\n<div class=\"attribute-item\">\n<div class=\"left\">Peso\uff1a115g<\/div>\n<\/div>\n<div class=\"attribute-item\">\n<div class=\"left\">Funci\u00f3n: sesi\u00f3n de fotos, prueba de frecuencia card\u00edaca.<\/div>\n<\/div>\n<\/div>\n\t\t<\/div>\n\t\t[vc_row_inner][vc_column_inner width=\u00bb1\/3&#8243;]\n\t\t<ul class=\" wd-rs-6329ddeed2dbc wd-list wd-wpb color-scheme-custom wd-fontsize-s wd-list-type-icon wd-list-style-default wd-justify-left \" id=\"wd-6329ddeed2dbc\">\n\t\t\t\t\t\t\t\t\t\t\t<li>\n\t\t\t\t\t<img loading=\"lazy\" decoding=\"async\"  src=\"https:\/\/www.phoneaccessories.top\/wp-content\/uploads\/2022\/09\/ecology.svg\" title=\"ecology\" width=\"25\" height=\"25\">\n\t\t\t\t\t<span class=\"list-content\">Ecology<\/span>\n\t\t\t\t\t\t\t\t\t<\/li>\n\t\t\t\t\t\t\t\t\t\t\t<li>\n\t\t\t\t\t<img loading=\"lazy\" decoding=\"async\"  src=\"https:\/\/www.phoneaccessories.top\/wp-content\/uploads\/2022\/09\/chargers.svg\" title=\"chargers\" width=\"25\" height=\"25\">\n\t\t\t\t\t<span class=\"list-content\">Chargers<\/span>\n\t\t\t\t\t\t\t\t\t<\/li>\n\t\t\t\t\t<\/ul>\n\t\t[\/vc_column_inner][vc_column_inner width=\u00bb1\/3&#8243;]\n\t\t<ul class=\" wd-rs-6329de09c6490 wd-list wd-wpb color-scheme-custom wd-fontsize-s wd-list-type-icon wd-list-style-default wd-justify-left vc_custom_1663688215487\" id=\"wd-6329de09c6490\">\n\t\t\t\t\t\t\t\t\t\t\t<li>\n\t\t\t\t\t<img loading=\"lazy\" decoding=\"async\"  src=\"https:\/\/www.phoneaccessories.top\/wp-content\/uploads\/2022\/09\/creativity.svg\" title=\"creativity\" width=\"25\" height=\"25\">\n\t\t\t\t\t<span class=\"list-content\">Creativity<\/span>\n\t\t\t\t\t\t\t\t\t<\/li>\n\t\t\t\t\t\t\t\t\t\t\t<li>\n\t\t\t\t\t<img loading=\"lazy\" decoding=\"async\"  src=\"https:\/\/www.phoneaccessories.top\/wp-content\/uploads\/2022\/09\/mag-safe.svg\" title=\"mag-safe\" width=\"25\" height=\"25\">\n\t\t\t\t\t<span class=\"list-content\">MagSafe<\/span>\n\t\t\t\t\t\t\t\t\t<\/li>\n\t\t\t\t\t<\/ul>\n\t\t[\/vc_column_inner][vc_column_inner width=\u00bb1\/3&#8243;]\n\t\t<ul class=\" wd-rs-6329de1889ca0 wd-list wd-wpb color-scheme-custom wd-fontsize-s wd-list-type-icon wd-list-style-default wd-justify-left \" id=\"wd-6329de1889ca0\">\n\t\t\t\t\t\t\t\t\t\t\t<li>\n\t\t\t\t\t<img loading=\"lazy\" decoding=\"async\"  src=\"https:\/\/www.phoneaccessories.top\/wp-content\/uploads\/2022\/09\/materials.svg\" title=\"materials\" width=\"25\" height=\"25\">\n\t\t\t\t\t<span class=\"list-content\">Materials<\/span>\n\t\t\t\t\t\t\t\t\t<\/li>\n\t\t\t\t\t\t\t\t\t\t\t<li>\n\t\t\t\t\t<img loading=\"lazy\" decoding=\"async\"  src=\"https:\/\/www.phoneaccessories.top\/wp-content\/uploads\/2022\/09\/power-cables.svg\" title=\"power-cables\" width=\"25\" height=\"25\">\n\t\t\t\t\t<span class=\"list-content\">Power & Cables<\/span>\n\t\t\t\t\t\t\t\t\t<\/li>\n\t\t\t\t\t<\/ul>\n\t\t[\/vc_column_inner][\/vc_row_inner][\/vc_column][\/vc_row][vc_row content_placement=\u00bbmiddle\u00bb css=\u00bb.vc_custom_1661859720606{margin-bottom: 30px !important;}\u00bb woodmart_css_id=\u00bb630df782efede\u00bb responsive_spacing=\u00bbeyJwYXJhbV90eXBlIjoid29vZG1hcnRfcmVzcG9uc2l2ZV9zcGFjaW5nIiwic2VsZWN0b3JfaWQiOiI2MzBkZjc4MmVmZWRlIiwic2hvcnRjb2RlIjoidmNfcm93IiwiZGF0YSI6eyJ0YWJsZXQiOnsibWFyZ2luLWJvdHRvbSI6IjEwIn0sIm1vYmlsZSI6e319fQ==\u00bb mobile_bg_img_hidden=\u00bbno\u00bb tablet_bg_img_hidden=\u00bbno\u00bb woodmart_parallax=\u00bb0&#8243; woodmart_gradient_switch=\u00bbno\u00bb woodmart_box_shadow=\u00bbno\u00bb wd_z_index=\u00bbno\u00bb woodmart_disable_overflow=\u00bb0&#8243; row_reverse_mobile=\u00bb0&#8243; row_reverse_tablet=\u00bb1&#8243;][vc_column offset=\u00bbvc_col-lg-6&#8243; woodmart_css_id=\u00bb630df69a597f9&#8243; parallax_scroll=\u00bbno\u00bb woodmart_sticky_column=\u00bbfalse\u00bb wd_collapsible_content_switcher=\u00bbno\u00bb wd_column_role_offcanvas_desktop=\u00bbno\u00bb wd_column_role_offcanvas_tablet=\u00bbno\u00bb wd_column_role_offcanvas_mobile=\u00bbno\u00bb wd_column_role_content_desktop=\u00bbno\u00bb wd_column_role_content_tablet=\u00bbno\u00bb wd_column_role_content_mobile=\u00bbno\u00bb mobile_bg_img_hidden=\u00bbno\u00bb tablet_bg_img_hidden=\u00bbno\u00bb woodmart_parallax=\u00bb0&#8243; woodmart_box_shadow=\u00bbno\u00bb responsive_spacing=\u00bbeyJwYXJhbV90eXBlIjoid29vZG1hcnRfcmVzcG9uc2l2ZV9zcGFjaW5nIiwic2VsZWN0b3JfaWQiOiI2MzBkZjY5YTU5N2Y5Iiwic2hvcnRjb2RlIjoidmNfY29sdW1uIiwiZGF0YSI6eyJ0YWJsZXQiOnt9LCJtb2JpbGUiOnt9fX0=\u00bb mobile_reset_margin=\u00bbno\u00bb tablet_reset_margin=\u00bbno\u00bb wd_z_index=\u00bbno\u00bb]\n\t\t<div id=\"wd-64d2fdbd0b283\" class=\"title-wrapper wd-wpb set-mb-s reset-last-child  wd-rs-64d2fdbd0b283 wd-title-color-default wd-title-style-default text-left vc_custom_1691549124766 wd-underline-colored\">\n\t\t\t\n\t\t\t<div class=\"liner-continer\">\n\t\t\t\t<h4 class=\"woodmart-title-container title  wd-font-weight- wd-fontsize-l\" >Descripci\u00f3n<\/h4>\n\t\t\t\t\t\t\t<\/div>\n\t\t\t\n\t\t\t\n\t\t\t\n\t\t<\/div>\n\t\t\n\t\t\t\t<div id=\"wd-65b35d832b3de\" class=\"wd-text-block wd-wpb reset-last-child wd-rs-65b35d832b3de text-left \">\n\t\t\t<table border=\"1\">\n<tbody>\n<tr>\n<td><strong>Nombre<\/strong><\/td>\n<td>DZ09 Reloj inteligente<\/td>\n<\/tr>\n<tr>\n<td><strong>Resoluci\u00f3n de la pantalla<\/strong><\/td>\n<td>240&#215;240<\/td>\n<\/tr>\n<tr>\n<td><strong>Correa<\/strong><\/td>\n<td>Silicona<\/td>\n<\/tr>\n<tr>\n<td><strong>Memoria corporal<\/strong><\/td>\n<td>64M<\/td>\n<\/tr>\n<tr>\n<td><strong>Pantalla<\/strong><\/td>\n<td>1.56inch TFT<\/td>\n<\/tr>\n<tr>\n<td><strong>Dimensiones de embalaje<\/strong><\/td>\n<td>Caso:8x8x6cm<\/td>\n<\/tr>\n<tr>\n<td><strong>Idioma de la aplicaci\u00f3n<\/strong><\/td>\n<td>\n<p data-spm-anchor-id=\"a2700.details.0.i104.14464df9tUANzu\"><span data-spm-anchor-id=\"a2700.details.0.i100.14464df9tUANzu\">Ingl\u00e9s, chino simplificado, chino tradicional, holand\u00e9s, ruso, franc\u00e9s, alem\u00e1n, portugu\u00e9s, espa\u00f1ol, turco, japon\u00e9s, polaco, \u00e1rabe, malayo, tailand\u00e9s, checo, eslovaco<\/span><\/p>\n<\/td>\n<\/tr>\n<\/tbody>\n<\/table>\n<p>Serie: reloj inteligente con c\u00e1mara<br \/>\nAdecuado para personas: consumidores masivos.<br \/>\nPantalla: t\u00e1ctil de pantalla completa<br \/>\nBater\u00eda:400mAh<br \/>\nTiempo de uso: alrededor de 5-7 d\u00edas Tiempo en espera: alrededor de 15 d\u00edas (dependiendo del uso real)<\/p>\n<div>Grado de impermeabilidad: IP65 profesional resistente al agua.<br \/>\nResoluci\u00f3n de la pantalla:240&#215;240<\/div>\n<div data-spm-anchor-id=\"a2700.details.0.i105.14464df9tUANzu\">Resoluci\u00f3n de la pantalla:1.56 inch<\/div>\n\t\t<\/div>\n\t\t<div id=\"wd-630df814ba690\" class=\" wd-rs-630df814ba690 vc_custom_1661859865387 wd-button-wrapper text-left\"><a href=\"http:\/\/www.phoneaccessories.top\/accessories\/faqs\/\" title=\"preguntas frecuentes\" class=\"btn btn-color-primary btn-style-default btn-style-semi-round btn-size-default\">preguntas y respuestas<\/a><\/div>[\/vc_column][vc_column offset=\u00bbvc_col-lg-6&#8243; woodmart_css_id=\u00bb630df69f514f6&#8243; parallax_scroll=\u00bbno\u00bb woodmart_sticky_column=\u00bbfalse\u00bb wd_collapsible_content_switcher=\u00bbno\u00bb wd_column_role_offcanvas_desktop=\u00bbno\u00bb wd_column_role_offcanvas_tablet=\u00bbno\u00bb wd_column_role_offcanvas_mobile=\u00bbno\u00bb wd_column_role_content_desktop=\u00bbno\u00bb wd_column_role_content_tablet=\u00bbno\u00bb wd_column_role_content_mobile=\u00bbno\u00bb mobile_bg_img_hidden=\u00bbno\u00bb tablet_bg_img_hidden=\u00bbno\u00bb woodmart_parallax=\u00bb0&#8243; woodmart_box_shadow=\u00bbno\u00bb responsive_spacing=\u00bbeyJwYXJhbV90eXBlIjoid29vZG1hcnRfcmVzcG9uc2l2ZV9zcGFjaW5nIiwic2VsZWN0b3JfaWQiOiI2MzBkZjY5ZjUxNGY2Iiwic2hvcnRjb2RlIjoidmNfY29sdW1uIiwiZGF0YSI6eyJ0YWJsZXQiOnt9LCJtb2JpbGUiOnt9fX0=\u00bb mobile_reset_margin=\u00bbno\u00bb tablet_reset_margin=\u00bbno\u00bb wd_z_index=\u00bbno\u00bb]\t\t<div id=\"wd-65b35daf8dc35\" class=\"wd-image wd-wpb wd-rs-65b35daf8dc35 text-left \">\n\t\t\t\n\t\t\t<img loading=\"lazy\" decoding=\"async\" width=\"752\" height=\"787\" src=\"https:\/\/www.phoneaccessories.top\/wp-content\/uploads\/2024\/01\/Mobile-Touch-Screen-Smartwatch-DZ09-Smart-Watch-Dec.jpg\" class=\"attachment-full size-full\" alt=\"Mobile Touch Screen Smartwatch DZ09 Smart Watch\" srcset=\"https:\/\/www.phoneaccessories.top\/wp-content\/uploads\/2024\/01\/Mobile-Touch-Screen-Smartwatch-DZ09-Smart-Watch-Dec.jpg 752w, https:\/\/www.phoneaccessories.top\/wp-content\/uploads\/2024\/01\/Mobile-Touch-Screen-Smartwatch-DZ09-Smart-Watch-Dec-287x300.jpg 287w, https:\/\/www.phoneaccessories.top\/wp-content\/uploads\/2024\/01\/Mobile-Touch-Screen-Smartwatch-DZ09-Smart-Watch-Dec-148x155.jpg 148w\" sizes=\"auto, (max-width: 752px) 100vw, 752px\" \/>\n\t\t\t\t\t<\/div>\n\t\t[\/vc_column][\/vc_row][vc_row content_placement=\u00bbmiddle\u00bb css=\u00bb.vc_custom_1661859749753{margin-bottom: 5px !important;}\u00bb woodmart_css_id=\u00bb630df7a1901c8&#8243; responsive_spacing=\u00bbeyJwYXJhbV90eXBlIjoid29vZG1hcnRfcmVzcG9uc2l2ZV9zcGFjaW5nIiwic2VsZWN0b3JfaWQiOiI2MzBkZjdhMTkwMWM4Iiwic2hvcnRjb2RlIjoidmNfcm93IiwiZGF0YSI6eyJ0YWJsZXQiOnt9LCJtb2JpbGUiOnt9fX0=\u00bb mobile_bg_img_hidden=\u00bbno\u00bb tablet_bg_img_hidden=\u00bbno\u00bb woodmart_parallax=\u00bb0&#8243; woodmart_gradient_switch=\u00bbno\u00bb woodmart_box_shadow=\u00bbno\u00bb wd_z_index=\u00bbno\u00bb woodmart_disable_overflow=\u00bb0&#8243; row_reverse_mobile=\u00bb0&#8243; row_reverse_tablet=\u00bb0&#8243;][vc_column offset=\u00bbvc_col-lg-6&#8243; woodmart_css_id=\u00bb630df6ac333b1&#8243; parallax_scroll=\u00bbno\u00bb woodmart_sticky_column=\u00bbfalse\u00bb wd_collapsible_content_switcher=\u00bbno\u00bb wd_column_role_offcanvas_desktop=\u00bbno\u00bb wd_column_role_offcanvas_tablet=\u00bbno\u00bb wd_column_role_offcanvas_mobile=\u00bbno\u00bb wd_column_role_content_desktop=\u00bbno\u00bb wd_column_role_content_tablet=\u00bbno\u00bb wd_column_role_content_mobile=\u00bbno\u00bb mobile_bg_img_hidden=\u00bbno\u00bb tablet_bg_img_hidden=\u00bbno\u00bb woodmart_parallax=\u00bb0&#8243; woodmart_box_shadow=\u00bbno\u00bb responsive_spacing=\u00bbeyJwYXJhbV90eXBlIjoid29vZG1hcnRfcmVzcG9uc2l2ZV9zcGFjaW5nIiwic2VsZWN0b3JfaWQiOiI2MzBkZjZhYzMzM2IxIiwic2hvcnRjb2RlIjoidmNfY29sdW1uIiwiZGF0YSI6eyJ0YWJsZXQiOnt9LCJtb2JpbGUiOnt9fX0=\u00bb mobile_reset_margin=\u00bbno\u00bb tablet_reset_margin=\u00bbno\u00bb wd_z_index=\u00bbno\u00bb]\n\t\t<div id=\"wd-64d2fde515c47\" class=\"title-wrapper wd-wpb set-mb-s reset-last-child  wd-rs-64d2fde515c47 wd-title-color-default wd-title-style-default text-left vc_custom_1691549161013 wd-underline-colored\">\n\t\t\t\n\t\t\t<div class=\"liner-continer\">\n\t\t\t\t<h4 class=\"woodmart-title-container title  wd-font-weight- wd-fontsize-l\" >embalaje<\/h4>\n\t\t\t\t\t\t\t<\/div>\n\t\t\t\n\t\t\t\n\t\t\t\n\t\t<\/div>\n\t\t\n\t\t\t\t<div id=\"wd-65b35e5db8d60\" class=\"wd-text-block wd-wpb reset-last-child wd-rs-65b35e5db8d60 text-left \">\n\t\t\t<dl class=\"do-entry-item\" data-spm-anchor-id=\"a2700.wholesale.0.i60.fb353ddcruPHmI\">\n<dt class=\"do-entry-item-key\">\n<\/dt>\n<dl class=\"do-entry-item\">\n<dt class=\"do-entry-item-key\">Unidades de venta: art\u00edculo \u00fanico<\/dt>\n<\/dl>\n<dl class=\"do-entry-item\">\n<dt class=\"do-entry-item-key\" title=\"Tama\u00f1o de paquete individual:\">\n<div class=\"attribute-item\">\n<div class=\"left\">detalles del empaque<\/div>\n<div class=\"right\">Paquete de caja al por menor para cada reloj inteligente<\/div>\n<\/div>\n<div class=\"attribute-item\">\n<div class=\"left\">Tama\u00f1o de paquete \u00fanico: 22X22X22 cm<\/div>\n<\/div>\n<div class=\"attribute-item\">\n<div class=\"left\">Peso bruto \u00fanico: 0.105 kg<\/div>\n<\/div>\n<\/dt>\n<\/dl>\n<dl class=\"do-entry-item\">\n<dt class=\"do-entry-item-key\">Tipo de paquete:<\/dt>\n<dd class=\"do-entry-item-val pkg-method\">\n<pre data-spm-anchor-id=\"a2700.wholesale.0.i41.423e52f81bmwXF\">If you want to customize logo, please contact us.\nBig order, big discount!<\/pre>\n<\/dd>\n<\/dl>\n<\/dl>\n\t\t<\/div>\n\t\t\t\t\t<div class=\"info-box-wrapper\">\n\t\t\t\t<div id=\"wd-65b35e8a8a1b8\" class=\" wd-rs-65b35e8a8a1b8 wd-info-box wd-wpb text-left box-icon-align-left box-style- color-scheme- wd-bg-none wd-items-top \">\n\t\t\t\t\t\t\t\t\t\t\t<div class=\"box-icon-wrapper  box-with-icon box-icon-simple\">\n\t\t\t\t\t\t\t<div class=\"info-box-icon\">\n\n\t\t\t\t\t\t\t\n\t\t\t\t\t\t\t\t\t\t\t\t\t\t\t\t\t<br \/>\n<b>Warning<\/b>:  Trying to access array offset on value of type bool in <b>\/www\/wwwroot\/wwphoneaccessoriestop\/wp-includes\/media.php<\/b> on line <b>800<\/b><br \/>\n<br \/>\n<b>Warning<\/b>:  Trying to access array offset on value of type bool in <b>\/www\/wwwroot\/wwphoneaccessoriestop\/wp-includes\/media.php<\/b> on line <b>806<\/b><br \/>\n<img loading=\"lazy\" decoding=\"async\" width=\"65\" height=\"65\" src=\"https:\/\/www.phoneaccessories.top\/wp-content\/uploads\/2023\/08\/AllenLee.jpg\" class=\"attachment-65x65 size-65x65\" alt=\"AllenLee\" \/>\t\t\t\t\t\t\t\t\t\t\t\t\t\t\t\n\t\t\t\t\t\t\t<\/div>\n\t\t\t\t\t\t<\/div>\n\t\t\t\t\t\t\t\t\t\t<div class=\"info-box-content\">\n\t\t\t\t\t\t<h4 class=\"info-box-title title box-title-style-default wd-fontsize-m\">Allen<\/h4>\t\t\t\t\t\t<div class=\"info-box-inner set-cont-mb-s reset-last-child\"><p>YIWU XUANYING<\/p>\n<\/div>\n\n\t\t\t\t\t\t\t\t\t\t\t<\/div>\n\n\t\t\t\t\t\n\t\t\t\t\t\t\t\t\t<\/div>\n\t\t\t<\/div>\n\t\t[\/vc_column][\/vc_row]<\/p>\n<\/div>","protected":false},"excerpt":{"rendered":"<p>[vc_row content_placement=\u00bbmiddle\u00bb css=\u00bb.vc_custom_1661859699693{margin-bottom: 30px !important;}\u00bb woodmart_css_id=\u00bb630df76a36754&#8243; responsive_spacing=\u00bbeyJwYXJhbV90eXBlIjoid29vZG1hcnRfcmVzcG9uc2l2ZV9zcGFjaW5nIiwic2VsZWN0b3JfaWQiOiI2MzBkZjc2YTM2NzU0Iiwic2hvcnRjb2RlIjoidmNfcm93IiwiZGF0YSI6eyJ0YWJsZXQiOnsibWFyZ2luLWJvdHRvbSI6IjEwIn0sIm1vYmlsZSI6e319fQ==\u00bb mobile_bg_img_hidden=\u00bbno\u00bb tablet_bg_img_hidden=\u00bbno\u00bb woodmart_parallax=\u00bb0&#8243; woodmart_gradient_switch=\u00bbno\u00bb woodmart_box_shadow=\u00bbno\u00bb wd_z_index=\u00bbno\u00bb woodmart_disable_overflow=\u00bb0&#8243; row_reverse_mobile=\u00bb0&#8243; row_reverse_tablet=\u00bb0&#8243;][vc_column offset=\u00bbvc_col-lg-6&#8243; woodmart_css_id=\u00bb630df61cde26b\u00bb parallax_scroll=\u00bbno\u00bb woodmart_sticky_column=\u00bbfalse\u00bb<\/p>\n","protected":false},"featured_media":2559,"template":"","meta":{"_seopress_robots_primary_cat":"","_seopress_titles_title":"C\u00e1mara Wifi Pantalla t\u00e1ctil m\u00f3vil Smartwatch DZ09 Smart Watch","_seopress_titles_desc":"F\u00e1brica de tel\u00e9fonos m\u00f3viles con reloj, c\u00e1mara, videollamada, Wifi, pantalla t\u00e1ctil, Reloj inteligente DZ09, Reloj inteligente, tarjeta Sima, fabricaci\u00f3n de relojes telef\u00f3nicos","_seopress_robots_index":""},"product_brand":[],"product_cat":[113],"product_tag":[346],"class_list":{"0":"post-2572","1":"product","2":"type-product","3":"status-publish","4":"has-post-thumbnail","6":"product_cat-reloj-inteligente","7":"product_tag-dz09-es","9":"first","10":"instock","11":"featured","12":"shipping-taxable","13":"product-type-simple"},"_links":{"self":[{"href":"https:\/\/www.phoneaccessories.top\/es\/wp-json\/wp\/v2\/product\/2572","targetHints":{"allow":["GET"]}}],"collection":[{"href":"https:\/\/www.phoneaccessories.top\/es\/wp-json\/wp\/v2\/product"}],"about":[{"href":"https:\/\/www.phoneaccessories.top\/es\/wp-json\/wp\/v2\/types\/product"}],"wp:featuredmedia":[{"embeddable":true,"href":"https:\/\/www.phoneaccessories.top\/es\/wp-json\/wp\/v2\/media\/2559"}],"wp:attachment":[{"href":"https:\/\/www.phoneaccessories.top\/es\/wp-json\/wp\/v2\/media?parent=2572"}],"wp:term":[{"taxonomy":"product_brand","embeddable":true,"href":"https:\/\/www.phoneaccessories.top\/es\/wp-json\/wp\/v2\/product_brand?post=2572"},{"taxonomy":"product_cat","embeddable":true,"href":"https:\/\/www.phoneaccessories.top\/es\/wp-json\/wp\/v2\/product_cat?post=2572"},{"taxonomy":"product_tag","embeddable":true,"href":"https:\/\/www.phoneaccessories.top\/es\/wp-json\/wp\/v2\/product_tag?post=2572"}],"curies":[{"name":"wp","href":"https:\/\/api.w.org\/{rel}","templated":true}]}}