{"id":2138,"date":"2023-08-10T02:51:50","date_gmt":"2023-08-10T02:51:50","guid":{"rendered":"https:\/\/www.phoneaccessories.top\/p\/montre-connectee-t900-pro-max-l-smartwatch-serie-8\/"},"modified":"2023-08-24T08:24:50","modified_gmt":"2023-08-24T08:24:50","slug":"montre-connectee-t900-pro-max-l-smartwatch-serie-8","status":"publish","type":"product","link":"https:\/\/www.phoneaccessories.top\/fr\/p\/montre-connectee-t900-pro-max-l-smartwatch-serie-8\/","title":{"rendered":"Montre connect\u00e9e T900 Pro MAX L Smartwatch S\u00e9rie 8"},"content":{"rendered":"<div class=\"wpb-content-wrapper\"><p>[vc_row content_placement=\u00a0\u00bbmiddle\u00a0\u00bb css=\u00a0\u00bb.vc_custom_1661859699693{margin-bottom: 30px !important;}\u00a0\u00bb woodmart_css_id=\u00a0\u00bb630df76a36754&Prime; responsive_spacing=\u00a0\u00bbeyJwYXJhbV90eXBlIjoid29vZG1hcnRfcmVzcG9uc2l2ZV9zcGFjaW5nIiwic2VsZWN0b3JfaWQiOiI2MzBkZjc2YTM2NzU0Iiwic2hvcnRjb2RlIjoidmNfcm93IiwiZGF0YSI6eyJ0YWJsZXQiOnsibWFyZ2luLWJvdHRvbSI6IjEwIn0sIm1vYmlsZSI6e319fQ==\u00a0\u00bb mobile_bg_img_hidden=\u00a0\u00bbno\u00a0\u00bb tablet_bg_img_hidden=\u00a0\u00bbno\u00a0\u00bb woodmart_parallax=\u00a0\u00bb0&Prime; woodmart_gradient_switch=\u00a0\u00bbno\u00a0\u00bb woodmart_box_shadow=\u00a0\u00bbno\u00a0\u00bb wd_z_index=\u00a0\u00bbno\u00a0\u00bb woodmart_disable_overflow=\u00a0\u00bb0&Prime; row_reverse_mobile=\u00a0\u00bb0&Prime; row_reverse_tablet=\u00a0\u00bb0&Prime;][vc_column offset=\u00a0\u00bbvc_col-lg-6&Prime; woodmart_css_id=\u00a0\u00bb630df61cde26b\u00a0\u00bb parallax_scroll=\u00a0\u00bbno\u00a0\u00bb woodmart_sticky_column=\u00a0\u00bbfalse\u00a0\u00bb wd_collapsible_content_switcher=\u00a0\u00bbno\u00a0\u00bb wd_column_role_offcanvas_desktop=\u00a0\u00bbno\u00a0\u00bb wd_column_role_offcanvas_tablet=\u00a0\u00bbno\u00a0\u00bb wd_column_role_offcanvas_mobile=\u00a0\u00bbno\u00a0\u00bb wd_column_role_content_desktop=\u00a0\u00bbno\u00a0\u00bb wd_column_role_content_tablet=\u00a0\u00bbno\u00a0\u00bb wd_column_role_content_mobile=\u00a0\u00bbno\u00a0\u00bb mobile_bg_img_hidden=\u00a0\u00bbno\u00a0\u00bb tablet_bg_img_hidden=\u00a0\u00bbno\u00a0\u00bb woodmart_parallax=\u00a0\u00bb0&Prime; woodmart_box_shadow=\u00a0\u00bbno\u00a0\u00bb responsive_spacing=\u00a0\u00bbeyJwYXJhbV90eXBlIjoid29vZG1hcnRfcmVzcG9uc2l2ZV9zcGFjaW5nIiwic2VsZWN0b3JfaWQiOiI2MzBkZjYxY2RlMjZiIiwic2hvcnRjb2RlIjoidmNfY29sdW1uIiwiZGF0YSI6eyJ0YWJsZXQiOnt9LCJtb2JpbGUiOnt9fX0=\u00a0\u00bb mobile_reset_margin=\u00a0\u00bbno\u00a0\u00bb tablet_reset_margin=\u00a0\u00bbno\u00a0\u00bb wd_z_index=\u00a0\u00bbno\u00a0\u00bb]\t\t<div id=\"gallery_188\" class=\"wd-images-gallery wd-wpb wd-rs-64d44f147ecf0 vc_custom_1691635493353\" style=\"--wd-justify-content:center;--wd-align-items:center;\">\n\t\t\t\n\t\t\t<div class=\" wd-grid-g\" style=\"--wd-col-lg:2;--wd-col-md:2;--wd-col-sm:1;--wd-gap-lg:20px;--wd-gap-sm:10px;\">\n\t\t\t\t\n\t\t\t\t\t\t\t\t\t\t\t\t\t\t\t<div class=\"wd-gallery-item wd-col\">\n\t\t\t\t\t\t\t\n\t\t\t\t\t\t\t\t<img loading=\"lazy\" decoding=\"async\" width=\"800\" height=\"800\" src=\"https:\/\/www.phoneaccessories.top\/wp-content\/uploads\/2023\/08\/T900-Pro-MAX-L-Smartwatch-Serie-8-Smart-Watch_sport.jpg\" class=\"wd-gallery-image image-1\" alt=\"T900 Pro MAX L Smartwatch Serie 8 Smart Watch_sport\" srcset=\"https:\/\/www.phoneaccessories.top\/wp-content\/uploads\/2023\/08\/T900-Pro-MAX-L-Smartwatch-Serie-8-Smart-Watch_sport.jpg 800w, https:\/\/www.phoneaccessories.top\/wp-content\/uploads\/2023\/08\/T900-Pro-MAX-L-Smartwatch-Serie-8-Smart-Watch_sport-300x300.jpg 300w, https:\/\/www.phoneaccessories.top\/wp-content\/uploads\/2023\/08\/T900-Pro-MAX-L-Smartwatch-Serie-8-Smart-Watch_sport-150x150.jpg 150w, https:\/\/www.phoneaccessories.top\/wp-content\/uploads\/2023\/08\/T900-Pro-MAX-L-Smartwatch-Serie-8-Smart-Watch_sport-768x768.jpg 768w, https:\/\/www.phoneaccessories.top\/wp-content\/uploads\/2023\/08\/T900-Pro-MAX-L-Smartwatch-Serie-8-Smart-Watch_sport-600x600.jpg 600w, https:\/\/www.phoneaccessories.top\/wp-content\/uploads\/2023\/08\/T900-Pro-MAX-L-Smartwatch-Serie-8-Smart-Watch_sport-148x148.jpg 148w\" sizes=\"auto, (max-width: 800px) 100vw, 800px\" \/>\n\t\t\t\t\t\t\t\t\t\t\t\t\t\t<\/div>\n\t\t\t\t\t\t\t\t\t\n\t\t\t\t\t\t\t<\/div>\n\n\t\t\t\t\t<\/div>\n\t\t[\/vc_column][vc_column offset=\u00a0\u00bbvc_col-lg-6&Prime; woodmart_css_id=\u00a0\u00bb630df6239bd04&Prime; parallax_scroll=\u00a0\u00bbno\u00a0\u00bb woodmart_sticky_column=\u00a0\u00bbfalse\u00a0\u00bb wd_collapsible_content_switcher=\u00a0\u00bbno\u00a0\u00bb wd_column_role_offcanvas_desktop=\u00a0\u00bbno\u00a0\u00bb wd_column_role_offcanvas_tablet=\u00a0\u00bbno\u00a0\u00bb wd_column_role_offcanvas_mobile=\u00a0\u00bbno\u00a0\u00bb wd_column_role_content_desktop=\u00a0\u00bbno\u00a0\u00bb wd_column_role_content_tablet=\u00a0\u00bbno\u00a0\u00bb wd_column_role_content_mobile=\u00a0\u00bbno\u00a0\u00bb mobile_bg_img_hidden=\u00a0\u00bbno\u00a0\u00bb tablet_bg_img_hidden=\u00a0\u00bbno\u00a0\u00bb woodmart_parallax=\u00a0\u00bb0&Prime; woodmart_box_shadow=\u00a0\u00bbno\u00a0\u00bb responsive_spacing=\u00a0\u00bbeyJwYXJhbV90eXBlIjoid29vZG1hcnRfcmVzcG9uc2l2ZV9zcGFjaW5nIiwic2VsZWN0b3JfaWQiOiI2MzBkZjYyMzliZDA0Iiwic2hvcnRjb2RlIjoidmNfY29sdW1uIiwiZGF0YSI6eyJ0YWJsZXQiOnt9LCJtb2JpbGUiOnt9fX0=\u00a0\u00bb mobile_reset_margin=\u00a0\u00bbno\u00a0\u00bb tablet_reset_margin=\u00a0\u00bbno\u00a0\u00bb wd_z_index=\u00a0\u00bbno\u00a0\u00bb]\n\t\t<div id=\"wd-630cbe63d8566\" class=\"title-wrapper wd-wpb set-mb-s reset-last-child  wd-rs-630cbe63d8566 wd-title-color-default wd-title-style-default text-left vc_custom_1661779559595 wd-underline-colored\">\n\t\t\t\n\t\t\t<div class=\"liner-continer\">\n\t\t\t\t<h4 class=\"woodmart-title-container title  wd-font-weight- wd-fontsize-l\" >Caract\u00e9ristiques<\/h4>\n\t\t\t\t\t\t\t<\/div>\n\t\t\t\n\t\t\t\n\t\t\t\n\t\t<\/div>\n\t\t\n\t\t\t\t<div id=\"wd-64d44eea1185c\" class=\"wd-text-block wd-wpb reset-last-child wd-rs-64d44eea1185c text-left \">\n\t\t\t<p>Mod\u00e8le : T900 Pro Max L 100% original<br \/>\nPuce \u00e0 tr\u00e8s faible consommation<br \/>\nCouleur : noir, blanc, rose.<br \/>\nSyst\u00e8mes compatibles: Android5.0 au-dessus d&rsquo;IOS9.0 au-dessus<br \/>\nTaille de l&rsquo;\u00e9cran: 1,92 pouces<br \/>\nR\u00e9solution : IPS 282*320<br \/>\n\u00c9cran: \u00e9cran tactile complet HD<br \/>\nBT:BT 3.0\/4.0<br \/>\nNiveau d&rsquo;\u00e9tanch\u00e9it\u00e9 : IP68 (tremper dans l&rsquo;eau pendant moins de 30 minutes). Remarque : ne pas utiliser dans l&rsquo;eau.<br \/>\nMat\u00e9riau d&rsquo;apparence: coque brillante en acier inoxydable<br \/>\nCapacit\u00e9 de la batterie : 3,7 V\/200 mAh.<br \/>\nMode de charge: charge de d\u00e9 \u00e0 coudre \u00e0 2 broches<br \/>\nDouble bouton, bouton rotatif, 5 jeux de th\u00e8mes<\/p>\n\t\t<\/div>\n\t\t[vc_row_inner][vc_column_inner width=\u00a0\u00bb1\/3&Prime;]\n\t\t<ul class=\" wd-rs-6329ddeed2dbc wd-list wd-wpb color-scheme-custom wd-fontsize-s wd-list-type-icon wd-list-style-default wd-justify-left \" id=\"wd-6329ddeed2dbc\">\n\t\t\t\t\t\t\t\t\t\t\t<li>\n\t\t\t\t\t<img loading=\"lazy\" decoding=\"async\"  src=\"https:\/\/www.phoneaccessories.top\/wp-content\/uploads\/2022\/09\/ecology.svg\" title=\"ecology\" width=\"25\" height=\"25\">\n\t\t\t\t\t<span class=\"list-content\">Ecology<\/span>\n\t\t\t\t\t\t\t\t\t<\/li>\n\t\t\t\t\t\t\t\t\t\t\t<li>\n\t\t\t\t\t<img loading=\"lazy\" decoding=\"async\"  src=\"https:\/\/www.phoneaccessories.top\/wp-content\/uploads\/2022\/09\/chargers.svg\" title=\"chargers\" width=\"25\" height=\"25\">\n\t\t\t\t\t<span class=\"list-content\">Chargers<\/span>\n\t\t\t\t\t\t\t\t\t<\/li>\n\t\t\t\t\t<\/ul>\n\t\t[\/vc_column_inner][vc_column_inner width=\u00a0\u00bb1\/3&Prime;]\n\t\t<ul class=\" wd-rs-6329de09c6490 wd-list wd-wpb color-scheme-custom wd-fontsize-s wd-list-type-icon wd-list-style-default wd-justify-left vc_custom_1663688215487\" id=\"wd-6329de09c6490\">\n\t\t\t\t\t\t\t\t\t\t\t<li>\n\t\t\t\t\t<img loading=\"lazy\" decoding=\"async\"  src=\"https:\/\/www.phoneaccessories.top\/wp-content\/uploads\/2022\/09\/creativity.svg\" title=\"creativity\" width=\"25\" height=\"25\">\n\t\t\t\t\t<span class=\"list-content\">Creativity<\/span>\n\t\t\t\t\t\t\t\t\t<\/li>\n\t\t\t\t\t\t\t\t\t\t\t<li>\n\t\t\t\t\t<img loading=\"lazy\" decoding=\"async\"  src=\"https:\/\/www.phoneaccessories.top\/wp-content\/uploads\/2022\/09\/mag-safe.svg\" title=\"mag-safe\" width=\"25\" height=\"25\">\n\t\t\t\t\t<span class=\"list-content\">MagSafe<\/span>\n\t\t\t\t\t\t\t\t\t<\/li>\n\t\t\t\t\t<\/ul>\n\t\t[\/vc_column_inner][vc_column_inner width=\u00a0\u00bb1\/3&Prime;]\n\t\t<ul class=\" wd-rs-6329de1889ca0 wd-list wd-wpb color-scheme-custom wd-fontsize-s wd-list-type-icon wd-list-style-default wd-justify-left \" id=\"wd-6329de1889ca0\">\n\t\t\t\t\t\t\t\t\t\t\t<li>\n\t\t\t\t\t<img loading=\"lazy\" decoding=\"async\"  src=\"https:\/\/www.phoneaccessories.top\/wp-content\/uploads\/2022\/09\/materials.svg\" title=\"materials\" width=\"25\" height=\"25\">\n\t\t\t\t\t<span class=\"list-content\">Materials<\/span>\n\t\t\t\t\t\t\t\t\t<\/li>\n\t\t\t\t\t\t\t\t\t\t\t<li>\n\t\t\t\t\t<img loading=\"lazy\" decoding=\"async\"  src=\"https:\/\/www.phoneaccessories.top\/wp-content\/uploads\/2022\/09\/power-cables.svg\" title=\"power-cables\" width=\"25\" height=\"25\">\n\t\t\t\t\t<span class=\"list-content\">Power & Cables<\/span>\n\t\t\t\t\t\t\t\t\t<\/li>\n\t\t\t\t\t<\/ul>\n\t\t[\/vc_column_inner][\/vc_row_inner][\/vc_column][\/vc_row][vc_row content_placement=\u00a0\u00bbmiddle\u00a0\u00bb css=\u00a0\u00bb.vc_custom_1661859720606{margin-bottom: 30px !important;}\u00a0\u00bb woodmart_css_id=\u00a0\u00bb630df782efede\u00a0\u00bb responsive_spacing=\u00a0\u00bbeyJwYXJhbV90eXBlIjoid29vZG1hcnRfcmVzcG9uc2l2ZV9zcGFjaW5nIiwic2VsZWN0b3JfaWQiOiI2MzBkZjc4MmVmZWRlIiwic2hvcnRjb2RlIjoidmNfcm93IiwiZGF0YSI6eyJ0YWJsZXQiOnsibWFyZ2luLWJvdHRvbSI6IjEwIn0sIm1vYmlsZSI6e319fQ==\u00a0\u00bb mobile_bg_img_hidden=\u00a0\u00bbno\u00a0\u00bb tablet_bg_img_hidden=\u00a0\u00bbno\u00a0\u00bb woodmart_parallax=\u00a0\u00bb0&Prime; woodmart_gradient_switch=\u00a0\u00bbno\u00a0\u00bb woodmart_box_shadow=\u00a0\u00bbno\u00a0\u00bb wd_z_index=\u00a0\u00bbno\u00a0\u00bb woodmart_disable_overflow=\u00a0\u00bb0&Prime; row_reverse_mobile=\u00a0\u00bb0&Prime; row_reverse_tablet=\u00a0\u00bb1&Prime;][vc_column offset=\u00a0\u00bbvc_col-lg-6&Prime; woodmart_css_id=\u00a0\u00bb630df69a597f9&Prime; parallax_scroll=\u00a0\u00bbno\u00a0\u00bb woodmart_sticky_column=\u00a0\u00bbfalse\u00a0\u00bb wd_collapsible_content_switcher=\u00a0\u00bbno\u00a0\u00bb wd_column_role_offcanvas_desktop=\u00a0\u00bbno\u00a0\u00bb wd_column_role_offcanvas_tablet=\u00a0\u00bbno\u00a0\u00bb wd_column_role_offcanvas_mobile=\u00a0\u00bbno\u00a0\u00bb wd_column_role_content_desktop=\u00a0\u00bbno\u00a0\u00bb wd_column_role_content_tablet=\u00a0\u00bbno\u00a0\u00bb wd_column_role_content_mobile=\u00a0\u00bbno\u00a0\u00bb mobile_bg_img_hidden=\u00a0\u00bbno\u00a0\u00bb tablet_bg_img_hidden=\u00a0\u00bbno\u00a0\u00bb woodmart_parallax=\u00a0\u00bb0&Prime; woodmart_box_shadow=\u00a0\u00bbno\u00a0\u00bb responsive_spacing=\u00a0\u00bbeyJwYXJhbV90eXBlIjoid29vZG1hcnRfcmVzcG9uc2l2ZV9zcGFjaW5nIiwic2VsZWN0b3JfaWQiOiI2MzBkZjY5YTU5N2Y5Iiwic2hvcnRjb2RlIjoidmNfY29sdW1uIiwiZGF0YSI6eyJ0YWJsZXQiOnt9LCJtb2JpbGUiOnt9fX0=\u00a0\u00bb mobile_reset_margin=\u00a0\u00bbno\u00a0\u00bb tablet_reset_margin=\u00a0\u00bbno\u00a0\u00bb wd_z_index=\u00a0\u00bbno\u00a0\u00bb]\n\t\t<div id=\"wd-64d2fdbd0b283\" class=\"title-wrapper wd-wpb set-mb-s reset-last-child  wd-rs-64d2fdbd0b283 wd-title-color-default wd-title-style-default text-left vc_custom_1691549124766 wd-underline-colored\">\n\t\t\t\n\t\t\t<div class=\"liner-continer\">\n\t\t\t\t<h4 class=\"woodmart-title-container title  wd-font-weight- wd-fontsize-l\" >Description<\/h4>\n\t\t\t\t\t\t\t<\/div>\n\t\t\t\n\t\t\t\n\t\t\t\n\t\t<\/div>\n\t\t\n\t\t\t\t<div id=\"wd-64d44f462ebe6\" class=\"wd-text-block wd-wpb reset-last-child wd-rs-64d44f462ebe6 text-left \">\n\t\t\t<div class=\"detailmodule_text\" align=\"start\">\n<p align=\"left\">1,5 ensembles de styles de menu d&rsquo;interface utilisateur (grille, \u00e9toiles du ciel, grille Jiugong, liste et bo\u00eete), jeux, param\u00e8tres de langue, oxyg\u00e8ne dans le sang, fr\u00e9quence cardiaque, rappel de consommation d&rsquo;eau<br \/>\n2.Sports (marche, v\u00e9lo, course \u00e0 pied, escalade, course en salle, enregistrement), m\u00e9t\u00e9o, calendrier<br \/>\nRappel de s\u00e9dentarit\u00e9, chronom\u00e8tre, ordinateur, enregistrement d&rsquo;appel, message de notification, musique Bluetooth, mode veille, comptage des pas, photographie \u00e0 distance, r\u00e9veil, param\u00e8tres de num\u00e9rotation (r\u00e9glage de l&rsquo;heure, profil {pas de perturbation, sonnerie uniquement, vibration uniquement, vibration et sonnerie uniquement, luminosit\u00e9, r\u00e9glage de la langue, verrouillage par mot de passe, barre lat\u00e9rale, restauration d&rsquo;usine, \u00e0 propos de cette machine), Siri (double-clic sur l&rsquo;\u00e9cran pour r\u00e9veiller), \u00e0 propos, luminosit\u00e9, recherche de t\u00e9l\u00e9phone portable, num\u00e9rotation, contact, tension art\u00e9rielle, restauration d&rsquo;usine, thermom\u00e8tre, levez le poignet, \u00e9cran lumineux, code QR APP, respiration, lampe de poche.<br \/>\n3. \u00c9cran partag\u00e9 coulissant : (Bluetooth, lampe de poche, r\u00e9glage de la luminosit\u00e9, mode sport, s\u00e9lection du syst\u00e8me, musique Bluetooth).<br \/>\n4. \u00c9cran partag\u00e9 coulissant \u00e0 droite : m\u00e9t\u00e9o, code QR APP, date, 4 menus contextuels communs (enregistrement pas \u00e0 pas, fr\u00e9quence cardiaque, rappel de sommeil, r\u00e9glage).<br \/>\n5. Faites glisser l&rsquo;\u00e9cran partag\u00e9 vers le haut : entrez dans le syst\u00e8me. \u00c9cran partag\u00e9 coulissant vers la droite : changer de fond d&rsquo;\u00e9cran. Touche lat\u00e9rale (ci-dessus) : appuyez une fois (entrez dans le syst\u00e8me), double-cliquez (changement de style de menu) et touche retour. Touche lat\u00e9rale (ci-dessous) : cliquez (r\u00e9veiller\/\u00e9teindre l&rsquo;\u00e9cran), appuyez longuement (\u00e9teindre) et revenez \u00e0 la molette d&rsquo;accueil.<\/p>\n<\/div>\n<div class=\"detailmodule_text\" align=\"start\">\n<p align=\"left\">Langue de l&rsquo;application :<\/p>\n<p align=\"left\">Anglais (par d\u00e9faut), chinois simplifi\u00e9, fran\u00e7ais, espagnol, polonais, portugais, italien, allemand, turc, russe, tch\u00e8que, arabe, hongrois, grec, persan, philippin, malais, indon\u00e9sien, vietnamien, su\u00e9dois.<\/p>\n<\/div>\n<div class=\"detailmodule_text\" align=\"start\">\n<p align=\"left\">Forfait comprenant :<\/p>\n<p align=\"left\" data-spm-anchor-id=\"a2g0o.detail.1000023.i1.499cXU0nXU0nV5\">1 * montre intelligente ; 1 * c\u00e2ble de chargement \uff1b<br \/>\n1 * manuel \uff1b 1 * bo\u00eete de vente au d\u00e9tail<\/p>\n<\/div>\n\t\t<\/div>\n\t\t<div id=\"wd-630df814ba690\" class=\" wd-rs-630df814ba690 vc_custom_1661859865387 wd-button-wrapper text-left\"><a href=\"http:\/\/www.phoneaccessories.top\/accessories\/faqs\/\" title=\"FAQs\" class=\"btn btn-color-primary btn-style-default btn-style-semi-round btn-size-default\">questions et r\u00e9ponses<\/a><\/div>[\/vc_column][vc_column offset=\u00a0\u00bbvc_col-lg-6&Prime; woodmart_css_id=\u00a0\u00bb630df69f514f6&Prime; parallax_scroll=\u00a0\u00bbno\u00a0\u00bb woodmart_sticky_column=\u00a0\u00bbfalse\u00a0\u00bb wd_collapsible_content_switcher=\u00a0\u00bbno\u00a0\u00bb wd_column_role_offcanvas_desktop=\u00a0\u00bbno\u00a0\u00bb wd_column_role_offcanvas_tablet=\u00a0\u00bbno\u00a0\u00bb wd_column_role_offcanvas_mobile=\u00a0\u00bbno\u00a0\u00bb wd_column_role_content_desktop=\u00a0\u00bbno\u00a0\u00bb wd_column_role_content_tablet=\u00a0\u00bbno\u00a0\u00bb wd_column_role_content_mobile=\u00a0\u00bbno\u00a0\u00bb mobile_bg_img_hidden=\u00a0\u00bbno\u00a0\u00bb tablet_bg_img_hidden=\u00a0\u00bbno\u00a0\u00bb woodmart_parallax=\u00a0\u00bb0&Prime; woodmart_box_shadow=\u00a0\u00bbno\u00a0\u00bb responsive_spacing=\u00a0\u00bbeyJwYXJhbV90eXBlIjoid29vZG1hcnRfcmVzcG9uc2l2ZV9zcGFjaW5nIiwic2VsZWN0b3JfaWQiOiI2MzBkZjY5ZjUxNGY2Iiwic2hvcnRjb2RlIjoidmNfY29sdW1uIiwiZGF0YSI6eyJ0YWJsZXQiOnt9LCJtb2JpbGUiOnt9fX0=\u00a0\u00bb mobile_reset_margin=\u00a0\u00bbno\u00a0\u00bb tablet_reset_margin=\u00a0\u00bbno\u00a0\u00bb wd_z_index=\u00a0\u00bbno\u00a0\u00bb]\t\t<div id=\"wd-64d44fee2e5ff\" class=\"wd-image wd-wpb wd-rs-64d44fee2e5ff text-left \">\n\t\t\t\n\t\t\t<img loading=\"lazy\" decoding=\"async\" width=\"800\" height=\"800\" src=\"https:\/\/www.phoneaccessories.top\/wp-content\/uploads\/2023\/08\/T900-Pro-MAX-L-Smartwatch-Serie-8-Smart-Watch_packet.jpg\" class=\"attachment-full size-full\" alt=\"T900 Pro MAX L Smartwatch Serie 8 Smart Watch_packet\" srcset=\"https:\/\/www.phoneaccessories.top\/wp-content\/uploads\/2023\/08\/T900-Pro-MAX-L-Smartwatch-Serie-8-Smart-Watch_packet.jpg 800w, https:\/\/www.phoneaccessories.top\/wp-content\/uploads\/2023\/08\/T900-Pro-MAX-L-Smartwatch-Serie-8-Smart-Watch_packet-300x300.jpg 300w, https:\/\/www.phoneaccessories.top\/wp-content\/uploads\/2023\/08\/T900-Pro-MAX-L-Smartwatch-Serie-8-Smart-Watch_packet-150x150.jpg 150w, https:\/\/www.phoneaccessories.top\/wp-content\/uploads\/2023\/08\/T900-Pro-MAX-L-Smartwatch-Serie-8-Smart-Watch_packet-768x768.jpg 768w, https:\/\/www.phoneaccessories.top\/wp-content\/uploads\/2023\/08\/T900-Pro-MAX-L-Smartwatch-Serie-8-Smart-Watch_packet-600x600.jpg 600w, https:\/\/www.phoneaccessories.top\/wp-content\/uploads\/2023\/08\/T900-Pro-MAX-L-Smartwatch-Serie-8-Smart-Watch_packet-148x148.jpg 148w\" sizes=\"auto, (max-width: 800px) 100vw, 800px\" \/>\n\t\t\t\t\t<\/div>\n\t\t[\/vc_column][\/vc_row][vc_row content_placement=\u00a0\u00bbmiddle\u00a0\u00bb css=\u00a0\u00bb.vc_custom_1661859749753{margin-bottom: 5px !important;}\u00a0\u00bb woodmart_css_id=\u00a0\u00bb630df7a1901c8&Prime; responsive_spacing=\u00a0\u00bbeyJwYXJhbV90eXBlIjoid29vZG1hcnRfcmVzcG9uc2l2ZV9zcGFjaW5nIiwic2VsZWN0b3JfaWQiOiI2MzBkZjdhMTkwMWM4Iiwic2hvcnRjb2RlIjoidmNfcm93IiwiZGF0YSI6eyJ0YWJsZXQiOnt9LCJtb2JpbGUiOnt9fX0=\u00a0\u00bb mobile_bg_img_hidden=\u00a0\u00bbno\u00a0\u00bb tablet_bg_img_hidden=\u00a0\u00bbno\u00a0\u00bb woodmart_parallax=\u00a0\u00bb0&Prime; woodmart_gradient_switch=\u00a0\u00bbno\u00a0\u00bb woodmart_box_shadow=\u00a0\u00bbno\u00a0\u00bb wd_z_index=\u00a0\u00bbno\u00a0\u00bb woodmart_disable_overflow=\u00a0\u00bb0&Prime; row_reverse_mobile=\u00a0\u00bb0&Prime; row_reverse_tablet=\u00a0\u00bb0&Prime;][vc_column offset=\u00a0\u00bbvc_col-lg-6&Prime; woodmart_css_id=\u00a0\u00bb630df6ac333b1&Prime; parallax_scroll=\u00a0\u00bbno\u00a0\u00bb woodmart_sticky_column=\u00a0\u00bbfalse\u00a0\u00bb wd_collapsible_content_switcher=\u00a0\u00bbno\u00a0\u00bb wd_column_role_offcanvas_desktop=\u00a0\u00bbno\u00a0\u00bb wd_column_role_offcanvas_tablet=\u00a0\u00bbno\u00a0\u00bb wd_column_role_offcanvas_mobile=\u00a0\u00bbno\u00a0\u00bb wd_column_role_content_desktop=\u00a0\u00bbno\u00a0\u00bb wd_column_role_content_tablet=\u00a0\u00bbno\u00a0\u00bb wd_column_role_content_mobile=\u00a0\u00bbno\u00a0\u00bb mobile_bg_img_hidden=\u00a0\u00bbno\u00a0\u00bb tablet_bg_img_hidden=\u00a0\u00bbno\u00a0\u00bb woodmart_parallax=\u00a0\u00bb0&Prime; woodmart_box_shadow=\u00a0\u00bbno\u00a0\u00bb responsive_spacing=\u00a0\u00bbeyJwYXJhbV90eXBlIjoid29vZG1hcnRfcmVzcG9uc2l2ZV9zcGFjaW5nIiwic2VsZWN0b3JfaWQiOiI2MzBkZjZhYzMzM2IxIiwic2hvcnRjb2RlIjoidmNfY29sdW1uIiwiZGF0YSI6eyJ0YWJsZXQiOnt9LCJtb2JpbGUiOnt9fX0=\u00a0\u00bb mobile_reset_margin=\u00a0\u00bbno\u00a0\u00bb tablet_reset_margin=\u00a0\u00bbno\u00a0\u00bb wd_z_index=\u00a0\u00bbno\u00a0\u00bb]\n\t\t<div id=\"wd-64d2fde515c47\" class=\"title-wrapper wd-wpb set-mb-s reset-last-child  wd-rs-64d2fde515c47 wd-title-color-default wd-title-style-default text-left vc_custom_1691549161013 wd-underline-colored\">\n\t\t\t\n\t\t\t<div class=\"liner-continer\">\n\t\t\t\t<h4 class=\"woodmart-title-container title  wd-font-weight- wd-fontsize-l\" >Emballage<\/h4>\n\t\t\t\t\t\t\t<\/div>\n\t\t\t\n\t\t\t\n\t\t\t\n\t\t<\/div>\n\t\t\n\t\t\t\t<div id=\"wd-64d44f870d168\" class=\"wd-text-block wd-wpb reset-last-child wd-rs-64d44f870d168 text-left \">\n\t\t\t<dl class=\"do-entry-item\" data-spm-anchor-id=\"a2700.wholesale.0.i60.fb353ddcruPHmI\">\n<dt class=\"do-entry-item-key\">\n<\/dt>\n<dl class=\"do-entry-item\">\n<dt class=\"do-entry-item-key\">Unit\u00e9s de vente : article unique<\/dt>\n<\/dl>\n<dl class=\"do-entry-item\">\n<dt class=\"do-entry-item-key\" title=\"Taille du paquet unique :\">Taille du paquet unique: 24X7.6X3.3 cm<\/dt>\n<\/dl>\n<dl class=\"do-entry-item\">\n<dt class=\"do-entry-item-key\" title=\"Poids brut unique :\">Poids brut unique: 0.300 kg<\/dt>\n<\/dl>\n<dl class=\"do-entry-item\">\n<dt class=\"do-entry-item-key\">Type d&#8217;emballage:<\/dt>\n<dd class=\"do-entry-item-val pkg-method\">\n<pre data-spm-anchor-id=\"a2700.wholesale.0.i41.423e52f81bmwXF\">If you want to customize logo, please contact us.\nBig order, big discount!<\/pre>\n<\/dd>\n<\/dl>\n<\/dl>\n\t\t<\/div>\n\t\t\t\t\t<div class=\"info-box-wrapper\">\n\t\t\t\t<div id=\"wd-6329de41e0faf\" class=\" wd-rs-6329de41e0faf wd-info-box wd-wpb text-left box-icon-align-left box-style- color-scheme- wd-bg-none wd-items-top \">\n\t\t\t\t\t\t\t\t\t\t\t<div class=\"box-icon-wrapper  box-with-icon box-icon-simple\">\n\t\t\t\t\t\t\t<div class=\"info-box-icon\">\n\n\t\t\t\t\t\t\t\n\t\t\t\t\t\t\t\t\t\t\t\t\t\t\t\t\t<img loading=\"lazy\" decoding=\"async\" width=\"65\" height=\"65\" src=\"https:\/\/www.phoneaccessories.top\/wp-content\/uploads\/2022\/09\/acs-ab-us-img-avatar.png\" class=\"attachment-65x65 size-65x65\" alt=\"\" \/>\t\t\t\t\t\t\t\t\t\t\t\t\t\t\t\n\t\t\t\t\t\t\t<\/div>\n\t\t\t\t\t\t<\/div>\n\t\t\t\t\t\t\t\t\t\t<div class=\"info-box-content\">\n\t\t\t\t\t\t<h4 class=\"info-box-title title box-title-style-default wd-fontsize-m\">Allen Lee<\/h4>\t\t\t\t\t\t<div class=\"info-box-inner set-cont-mb-s reset-last-child\"><p>Yiwu XuanYing<\/p>\n<\/div>\n\n\t\t\t\t\t\t\t\t\t\t\t<\/div>\n\n\t\t\t\t\t\n\t\t\t\t\t\t\t\t\t<\/div>\n\t\t\t<\/div>\n\t\t[\/vc_column][\/vc_row]<\/p>\n<\/div>","protected":false},"excerpt":{"rendered":"<p>[vc_row content_placement=\u00a0\u00bbmiddle\u00a0\u00bb css=\u00a0\u00bb.vc_custom_1661859699693{margin-bottom: 30px !important;}\u00a0\u00bb woodmart_css_id=\u00a0\u00bb630df76a36754&Prime; responsive_spacing=\u00a0\u00bbeyJwYXJhbV90eXBlIjoid29vZG1hcnRfcmVzcG9uc2l2ZV9zcGFjaW5nIiwic2VsZWN0b3JfaWQiOiI2MzBkZjc2YTM2NzU0Iiwic2hvcnRjb2RlIjoidmNfcm93IiwiZGF0YSI6eyJ0YWJsZXQiOnsibWFyZ2luLWJvdHRvbSI6IjEwIn0sIm1vYmlsZSI6e319fQ==\u00a0\u00bb mobile_bg_img_hidden=\u00a0\u00bbno\u00a0\u00bb tablet_bg_img_hidden=\u00a0\u00bbno\u00a0\u00bb woodmart_parallax=\u00a0\u00bb0&Prime; woodmart_gradient_switch=\u00a0\u00bbno\u00a0\u00bb woodmart_box_shadow=\u00a0\u00bbno\u00a0\u00bb wd_z_index=\u00a0\u00bbno\u00a0\u00bb woodmart_disable_overflow=\u00a0\u00bb0&Prime; row_reverse_mobile=\u00a0\u00bb0&Prime; row_reverse_tablet=\u00a0\u00bb0&Prime;][vc_column offset=\u00a0\u00bbvc_col-lg-6&Prime; woodmart_css_id=\u00a0\u00bb630df61cde26b\u00a0\u00bb parallax_scroll=\u00a0\u00bbno\u00a0\u00bb woodmart_sticky_column=\u00a0\u00bbfalse\u00a0\u00bb<\/p>\n","protected":false},"featured_media":1987,"template":"","meta":{"_seopress_robots_primary_cat":"","_seopress_titles_title":"T900 Pro Max L grande montre intelligente IP68 1,92 pouces Sports Smartwatch","_seopress_titles_desc":"Prix de gros T900 Pro Max L grande montre intelligente hommes femmes IP68 \u00e9tanche 1.92 pouces \u00e9cran HD Fitness Tracker sport Smartwatch","_seopress_robots_index":"","_seopress_analysis_target_kw":""},"product_brand":[],"product_cat":[115],"product_tag":[165,166],"class_list":{"0":"post-2138","1":"product","2":"type-product","3":"status-publish","4":"has-post-thumbnail","6":"product_cat-montre-intelligente","7":"product_tag-montre-intelligente","8":"product_tag-t900-fr","10":"first","11":"instock","12":"shipping-taxable","13":"product-type-simple"},"_links":{"self":[{"href":"https:\/\/www.phoneaccessories.top\/fr\/wp-json\/wp\/v2\/product\/2138","targetHints":{"allow":["GET"]}}],"collection":[{"href":"https:\/\/www.phoneaccessories.top\/fr\/wp-json\/wp\/v2\/product"}],"about":[{"href":"https:\/\/www.phoneaccessories.top\/fr\/wp-json\/wp\/v2\/types\/product"}],"wp:featuredmedia":[{"embeddable":true,"href":"https:\/\/www.phoneaccessories.top\/fr\/wp-json\/wp\/v2\/media\/1987"}],"wp:attachment":[{"href":"https:\/\/www.phoneaccessories.top\/fr\/wp-json\/wp\/v2\/media?parent=2138"}],"wp:term":[{"taxonomy":"product_brand","embeddable":true,"href":"https:\/\/www.phoneaccessories.top\/fr\/wp-json\/wp\/v2\/product_brand?post=2138"},{"taxonomy":"product_cat","embeddable":true,"href":"https:\/\/www.phoneaccessories.top\/fr\/wp-json\/wp\/v2\/product_cat?post=2138"},{"taxonomy":"product_tag","embeddable":true,"href":"https:\/\/www.phoneaccessories.top\/fr\/wp-json\/wp\/v2\/product_tag?post=2138"}],"curies":[{"name":"wp","href":"https:\/\/api.w.org\/{rel}","templated":true}]}}