{"id":2206,"date":"2022-09-21T11:12:55","date_gmt":"2022-09-21T11:12:55","guid":{"rendered":"https:\/\/www.phoneaccessories.top\/p\/coque-de-telephone-mince-magnetique-en-pc-pour-iphone-13-pro\/"},"modified":"2023-09-06T12:54:17","modified_gmt":"2023-09-06T12:54:17","slug":"coque-de-telephone-mince-magnetique-pc-iphone-13-pro","status":"publish","type":"product","link":"https:\/\/www.phoneaccessories.top\/fr\/p\/coque-de-telephone-mince-magnetique-pc-iphone-13-pro\/","title":{"rendered":"Coque de t\u00e9l\u00e9phone mince magn\u00e9tique en PC pour iPhone 13 Pro"},"content":{"rendered":"<div class=\"wpb-content-wrapper\"><p>[vc_row content_placement=\u00a0\u00bbmiddle\u00a0\u00bb css=\u00a0\u00bb.vc_custom_1661859699693{margin-bottom: 30px !important;}\u00a0\u00bb woodmart_css_id=\u00a0\u00bb630df76a36754&Prime; responsive_spacing=\u00a0\u00bbeyJwYXJhbV90eXBlIjoid29vZG1hcnRfcmVzcG9uc2l2ZV9zcGFjaW5nIiwic2VsZWN0b3JfaWQiOiI2MzBkZjc2YTM2NzU0Iiwic2hvcnRjb2RlIjoidmNfcm93IiwiZGF0YSI6eyJ0YWJsZXQiOnsibWFyZ2luLWJvdHRvbSI6IjEwIn0sIm1vYmlsZSI6e319fQ==\u00a0\u00bb mobile_bg_img_hidden=\u00a0\u00bbno\u00a0\u00bb tablet_bg_img_hidden=\u00a0\u00bbno\u00a0\u00bb woodmart_parallax=\u00a0\u00bb0&Prime; woodmart_gradient_switch=\u00a0\u00bbno\u00a0\u00bb woodmart_box_shadow=\u00a0\u00bbno\u00a0\u00bb wd_z_index=\u00a0\u00bbno\u00a0\u00bb woodmart_disable_overflow=\u00a0\u00bb0&Prime; row_reverse_mobile=\u00a0\u00bb0&Prime; row_reverse_tablet=\u00a0\u00bb0&Prime;][vc_column offset=\u00a0\u00bbvc_col-lg-6&Prime; woodmart_css_id=\u00a0\u00bb630df61cde26b\u00a0\u00bb parallax_scroll=\u00a0\u00bbno\u00a0\u00bb woodmart_sticky_column=\u00a0\u00bbfalse\u00a0\u00bb wd_collapsible_content_switcher=\u00a0\u00bbno\u00a0\u00bb wd_column_role_offcanvas_desktop=\u00a0\u00bbno\u00a0\u00bb wd_column_role_offcanvas_tablet=\u00a0\u00bbno\u00a0\u00bb wd_column_role_offcanvas_mobile=\u00a0\u00bbno\u00a0\u00bb wd_column_role_content_desktop=\u00a0\u00bbno\u00a0\u00bb wd_column_role_content_tablet=\u00a0\u00bbno\u00a0\u00bb wd_column_role_content_mobile=\u00a0\u00bbno\u00a0\u00bb mobile_bg_img_hidden=\u00a0\u00bbno\u00a0\u00bb tablet_bg_img_hidden=\u00a0\u00bbno\u00a0\u00bb woodmart_parallax=\u00a0\u00bb0&Prime; woodmart_box_shadow=\u00a0\u00bbno\u00a0\u00bb responsive_spacing=\u00a0\u00bbeyJwYXJhbV90eXBlIjoid29vZG1hcnRfcmVzcG9uc2l2ZV9zcGFjaW5nIiwic2VsZWN0b3JfaWQiOiI2MzBkZjYxY2RlMjZiIiwic2hvcnRjb2RlIjoidmNfY29sdW1uIiwiZGF0YSI6eyJ0YWJsZXQiOnt9LCJtb2JpbGUiOnt9fX0=\u00a0\u00bb mobile_reset_margin=\u00a0\u00bbno\u00a0\u00bb tablet_reset_margin=\u00a0\u00bbno\u00a0\u00bb wd_z_index=\u00a0\u00bbno\u00a0\u00bb]\t\t<div id=\"gallery_373\" class=\"wd-images-gallery wd-wpb wd-rs-6329dde93e124 vc_custom_1663688172029\" style=\"--wd-justify-content:center;--wd-align-items:center;\">\n\t\t\t\n\t\t\t<div class=\" wd-grid-g\" style=\"--wd-col-lg:2;--wd-col-md:2;--wd-col-sm:1;--wd-gap-lg:20px;--wd-gap-sm:10px;\">\n\t\t\t\t\n\t\t\t\t\t\t\t\t\t\t\t\t\t\t\t<div class=\"wd-gallery-item wd-col\">\n\t\t\t\t\t\t\t\n\t\t\t\t\t\t\t\t<img loading=\"lazy\" decoding=\"async\" width=\"1024\" height=\"1536\" src=\"https:\/\/www.phoneaccessories.top\/wp-content\/uploads\/2022\/09\/accessories-single-product-6.jpg\" class=\"wd-gallery-image image-1\" alt=\"\" \/>\n\t\t\t\t\t\t\t\t\t\t\t\t\t\t<\/div>\n\t\t\t\t\t\t\t\t\t\t\t<div class=\"wd-gallery-item wd-col\">\n\t\t\t\t\t\t\t\n\t\t\t\t\t\t\t\t<img loading=\"lazy\" decoding=\"async\" width=\"660\" height=\"990\" src=\"https:\/\/www.phoneaccessories.top\/wp-content\/uploads\/2022\/09\/accessories-single-product-5.jpg\" class=\"wd-gallery-image image-2\" alt=\"\" \/>\n\t\t\t\t\t\t\t\t\t\t\t\t\t\t<\/div>\n\t\t\t\t\t\t\t\t\t\n\t\t\t\t\t\t\t<\/div>\n\n\t\t\t\t\t<\/div>\n\t\t[\/vc_column][vc_column offset=\u00a0\u00bbvc_col-lg-6&Prime; woodmart_css_id=\u00a0\u00bb630df6239bd04&Prime; parallax_scroll=\u00a0\u00bbno\u00a0\u00bb woodmart_sticky_column=\u00a0\u00bbfalse\u00a0\u00bb wd_collapsible_content_switcher=\u00a0\u00bbno\u00a0\u00bb wd_column_role_offcanvas_desktop=\u00a0\u00bbno\u00a0\u00bb wd_column_role_offcanvas_tablet=\u00a0\u00bbno\u00a0\u00bb wd_column_role_offcanvas_mobile=\u00a0\u00bbno\u00a0\u00bb wd_column_role_content_desktop=\u00a0\u00bbno\u00a0\u00bb wd_column_role_content_tablet=\u00a0\u00bbno\u00a0\u00bb wd_column_role_content_mobile=\u00a0\u00bbno\u00a0\u00bb mobile_bg_img_hidden=\u00a0\u00bbno\u00a0\u00bb tablet_bg_img_hidden=\u00a0\u00bbno\u00a0\u00bb woodmart_parallax=\u00a0\u00bb0&Prime; woodmart_box_shadow=\u00a0\u00bbno\u00a0\u00bb responsive_spacing=\u00a0\u00bbeyJwYXJhbV90eXBlIjoid29vZG1hcnRfcmVzcG9uc2l2ZV9zcGFjaW5nIiwic2VsZWN0b3JfaWQiOiI2MzBkZjYyMzliZDA0Iiwic2hvcnRjb2RlIjoidmNfY29sdW1uIiwiZGF0YSI6eyJ0YWJsZXQiOnt9LCJtb2JpbGUiOnt9fX0=\u00a0\u00bb mobile_reset_margin=\u00a0\u00bbno\u00a0\u00bb tablet_reset_margin=\u00a0\u00bbno\u00a0\u00bb wd_z_index=\u00a0\u00bbno\u00a0\u00bb]\n\t\t<div id=\"wd-630cbe63d8566\" class=\"title-wrapper wd-wpb set-mb-s reset-last-child  wd-rs-630cbe63d8566 wd-title-color-default wd-title-style-default text-left vc_custom_1661779559595 wd-underline-colored\">\n\t\t\t\n\t\t\t<div class=\"liner-continer\">\n\t\t\t\t<h4 class=\"woodmart-title-container title  wd-font-weight- wd-fontsize-l\" >Caract\u00e9ristiques<\/h4>\n\t\t\t\t\t\t\t<\/div>\n\t\t\t\n\t\t\t\n\t\t\t\n\t\t<\/div>\n\t\t\n\t\t\t\t<div id=\"wd-64cc81279b8e0\" class=\"wd-text-block wd-wpb reset-last-child wd-rs-64cc81279b8e0 text-left \">\n\t\t\t<dl class=\"do-entry-item\">\n<dt class=\"do-entry-item\"><span class=\"attr-name J-attr-name\" title=\"type de produit\">Type de produit: \u00e9tuis pour t\u00e9l\u00e9phones portables<\/span><\/dt>\n<\/dl>\n<dl class=\"do-entry-item\">\n<dt class=\"do-entry-item\"><span class=\"attr-name J-attr-name\" title=\"Marque compatible\">Marque compatible: pour Iphone<\/span><\/dt>\n<\/dl>\n<dl class=\"do-entry-item\">\n<dt class=\"do-entry-item\"><span class=\"attr-name J-attr-name\" title=\"Conception\">Design : luxe, luxe, design simple.<\/span><\/dt>\n<\/dl>\n<dl class=\"do-entry-item\">\n<dt class=\"do-entry-item\"><span class=\"attr-name J-attr-name\" title=\"Mat\u00e9rielle\">Mat\u00e9rielle: <\/span>PC, PC<\/dt>\n<\/dl>\n<dl class=\"do-entry-item\">\n<dt class=\"do-entry-item\"><span class=\"attr-name J-attr-name\" title=\"Fonctionnalit\u00e9\">Caract\u00e9ristique: antichoc<\/span><\/dt>\n<\/dl>\n<dl class=\"do-entry-item\">\n<dt class=\"do-entry-item\"><span class=\"attr-name J-attr-name\" title=\"Fonction\">Fonction : coque de protection antichoc pour t\u00e9l\u00e9phone.<\/span><\/dt>\n<\/dl>\n<dl class=\"do-entry-item\">\n<dt class=\"do-entry-item\"><span class=\"attr-name J-attr-name\" title=\"Couleur\">Couleur : orange, blanc, bleu, vert, noir, marron, violet.<\/span><\/dt>\n<\/dl>\n<dl class=\"do-entry-item\">\n<dt class=\"do-entry-item\"><span class=\"attr-name J-attr-name\" title=\"Style\">Style:\u00c9tui en cuir fin magn\u00e9tique<\/span><\/dt>\n<\/dl>\n<dl class=\"do-entry-item\">\n<dt class=\"do-entry-item\"><span class=\"attr-name J-attr-name\" title=\"QC\">QC : test \u00e0 100 % avant exp\u00e9dition<\/span><\/dt>\n<\/dl>\n<dl class=\"do-entry-item\">\n<dt class=\"do-entry-item\"><span class=\"attr-name J-attr-name\" title=\"Mots cl\u00e9s\">Mots-cl\u00e9s : bo\u00eetier PC ultra fin.<\/span><\/dt>\n<\/dl>\n<dl class=\"do-entry-item\" data-spm-anchor-id=\"a2700.details.0.i59.3c4fe703qM2Fmw\">\n<dt class=\"do-entry-item\"><span class=\"attr-name J-attr-name\" title=\"Emballage\">Emballage : emballage en papier, sac en poly\u00e9thyl\u00e8ne<\/span><\/dt>\n<\/dl>\n\t\t<\/div>\n\t\t[vc_row_inner][vc_column_inner width=\u00a0\u00bb1\/3&Prime;]\n\t\t<ul class=\" wd-rs-6329ddeed2dbc wd-list wd-wpb color-scheme-custom wd-fontsize-s wd-list-type-icon wd-list-style-default wd-justify-left \" id=\"wd-6329ddeed2dbc\">\n\t\t\t\t\t\t\t\t\t\t\t<li>\n\t\t\t\t\t<img loading=\"lazy\" decoding=\"async\"  src=\"https:\/\/www.phoneaccessories.top\/wp-content\/uploads\/2022\/09\/ecology.svg\" title=\"ecology\" width=\"25\" height=\"25\">\n\t\t\t\t\t<span class=\"list-content\">Ecology<\/span>\n\t\t\t\t\t\t\t\t\t<\/li>\n\t\t\t\t\t\t\t\t\t\t\t<li>\n\t\t\t\t\t<img loading=\"lazy\" decoding=\"async\"  src=\"https:\/\/www.phoneaccessories.top\/wp-content\/uploads\/2022\/09\/chargers.svg\" title=\"chargers\" width=\"25\" height=\"25\">\n\t\t\t\t\t<span class=\"list-content\">Chargers<\/span>\n\t\t\t\t\t\t\t\t\t<\/li>\n\t\t\t\t\t<\/ul>\n\t\t[\/vc_column_inner][vc_column_inner width=\u00a0\u00bb1\/3&Prime;]\n\t\t<ul class=\" wd-rs-6329de09c6490 wd-list wd-wpb color-scheme-custom wd-fontsize-s wd-list-type-icon wd-list-style-default wd-justify-left vc_custom_1663688215487\" id=\"wd-6329de09c6490\">\n\t\t\t\t\t\t\t\t\t\t\t<li>\n\t\t\t\t\t<img loading=\"lazy\" decoding=\"async\"  src=\"https:\/\/www.phoneaccessories.top\/wp-content\/uploads\/2022\/09\/creativity.svg\" title=\"creativity\" width=\"25\" height=\"25\">\n\t\t\t\t\t<span class=\"list-content\">Creativity<\/span>\n\t\t\t\t\t\t\t\t\t<\/li>\n\t\t\t\t\t\t\t\t\t\t\t<li>\n\t\t\t\t\t<img loading=\"lazy\" decoding=\"async\"  src=\"https:\/\/www.phoneaccessories.top\/wp-content\/uploads\/2022\/09\/mag-safe.svg\" title=\"mag-safe\" width=\"25\" height=\"25\">\n\t\t\t\t\t<span class=\"list-content\">MagSafe<\/span>\n\t\t\t\t\t\t\t\t\t<\/li>\n\t\t\t\t\t<\/ul>\n\t\t[\/vc_column_inner][vc_column_inner width=\u00a0\u00bb1\/3&Prime;]\n\t\t<ul class=\" wd-rs-6329de1889ca0 wd-list wd-wpb color-scheme-custom wd-fontsize-s wd-list-type-icon wd-list-style-default wd-justify-left \" id=\"wd-6329de1889ca0\">\n\t\t\t\t\t\t\t\t\t\t\t<li>\n\t\t\t\t\t<img loading=\"lazy\" decoding=\"async\"  src=\"https:\/\/www.phoneaccessories.top\/wp-content\/uploads\/2022\/09\/materials.svg\" title=\"materials\" width=\"25\" height=\"25\">\n\t\t\t\t\t<span class=\"list-content\">Materials<\/span>\n\t\t\t\t\t\t\t\t\t<\/li>\n\t\t\t\t\t\t\t\t\t\t\t<li>\n\t\t\t\t\t<img loading=\"lazy\" decoding=\"async\"  src=\"https:\/\/www.phoneaccessories.top\/wp-content\/uploads\/2022\/09\/power-cables.svg\" title=\"power-cables\" width=\"25\" height=\"25\">\n\t\t\t\t\t<span class=\"list-content\">Power & Cables<\/span>\n\t\t\t\t\t\t\t\t\t<\/li>\n\t\t\t\t\t<\/ul>\n\t\t[\/vc_column_inner][\/vc_row_inner][\/vc_column][\/vc_row][vc_row content_placement=\u00a0\u00bbmiddle\u00a0\u00bb css=\u00a0\u00bb.vc_custom_1661859720606{margin-bottom: 30px !important;}\u00a0\u00bb woodmart_css_id=\u00a0\u00bb630df782efede\u00a0\u00bb responsive_spacing=\u00a0\u00bbeyJwYXJhbV90eXBlIjoid29vZG1hcnRfcmVzcG9uc2l2ZV9zcGFjaW5nIiwic2VsZWN0b3JfaWQiOiI2MzBkZjc4MmVmZWRlIiwic2hvcnRjb2RlIjoidmNfcm93IiwiZGF0YSI6eyJ0YWJsZXQiOnsibWFyZ2luLWJvdHRvbSI6IjEwIn0sIm1vYmlsZSI6e319fQ==\u00a0\u00bb mobile_bg_img_hidden=\u00a0\u00bbno\u00a0\u00bb tablet_bg_img_hidden=\u00a0\u00bbno\u00a0\u00bb woodmart_parallax=\u00a0\u00bb0&Prime; woodmart_gradient_switch=\u00a0\u00bbno\u00a0\u00bb woodmart_box_shadow=\u00a0\u00bbno\u00a0\u00bb wd_z_index=\u00a0\u00bbno\u00a0\u00bb woodmart_disable_overflow=\u00a0\u00bb0&Prime; row_reverse_mobile=\u00a0\u00bb0&Prime; row_reverse_tablet=\u00a0\u00bb1&Prime;][vc_column offset=\u00a0\u00bbvc_col-lg-6&Prime; woodmart_css_id=\u00a0\u00bb630df69a597f9&Prime; parallax_scroll=\u00a0\u00bbno\u00a0\u00bb woodmart_sticky_column=\u00a0\u00bbfalse\u00a0\u00bb wd_collapsible_content_switcher=\u00a0\u00bbno\u00a0\u00bb wd_column_role_offcanvas_desktop=\u00a0\u00bbno\u00a0\u00bb wd_column_role_offcanvas_tablet=\u00a0\u00bbno\u00a0\u00bb wd_column_role_offcanvas_mobile=\u00a0\u00bbno\u00a0\u00bb wd_column_role_content_desktop=\u00a0\u00bbno\u00a0\u00bb wd_column_role_content_tablet=\u00a0\u00bbno\u00a0\u00bb wd_column_role_content_mobile=\u00a0\u00bbno\u00a0\u00bb mobile_bg_img_hidden=\u00a0\u00bbno\u00a0\u00bb tablet_bg_img_hidden=\u00a0\u00bbno\u00a0\u00bb woodmart_parallax=\u00a0\u00bb0&Prime; woodmart_box_shadow=\u00a0\u00bbno\u00a0\u00bb responsive_spacing=\u00a0\u00bbeyJwYXJhbV90eXBlIjoid29vZG1hcnRfcmVzcG9uc2l2ZV9zcGFjaW5nIiwic2VsZWN0b3JfaWQiOiI2MzBkZjY5YTU5N2Y5Iiwic2hvcnRjb2RlIjoidmNfY29sdW1uIiwiZGF0YSI6eyJ0YWJsZXQiOnt9LCJtb2JpbGUiOnt9fX0=\u00a0\u00bb mobile_reset_margin=\u00a0\u00bbno\u00a0\u00bb tablet_reset_margin=\u00a0\u00bbno\u00a0\u00bb wd_z_index=\u00a0\u00bbno\u00a0\u00bb]\n\t\t<div id=\"wd-630cbee1e3620\" class=\"title-wrapper wd-wpb set-mb-s reset-last-child  wd-rs-630cbee1e3620 wd-title-color-default wd-title-style-default text-left vc_custom_1661779687280 wd-underline-colored\">\n\t\t\t\n\t\t\t<div class=\"liner-continer\">\n\t\t\t\t<h4 class=\"woodmart-title-container title  wd-font-weight- wd-fontsize-l\" >Protection compl\u00e8te<\/h4>\n\t\t\t\t\t\t\t<\/div>\n\t\t\t\n\t\t\t\n\t\t\t\n\t\t<\/div>\n\t\t\n\t\t\t\t<div id=\"wd-64cc81d17c864\" class=\"wd-text-block wd-wpb reset-last-child wd-rs-64cc81d17c864 text-left \">\n\t\t\t<p>1. Magn\u00e9tique: magn\u00e9tique int\u00e9rieur pour la couverture de t\u00e9l\u00e9phone PC de chargement Magsafe<\/p>\n<p>2. Anti-rayures et antichoc : protection arri\u00e8re extr\u00eame contre les chutes et les rayures avec protection arri\u00e8re int\u00e9gr\u00e9e.<\/p>\n<p data-spm-anchor-id=\"a2700.details.0.i62.3c4fe703qM2Fmw\">3. L\u00e9ger, fin et garantit que votre smartphone tient toujours confortablement dans votre poche ou votre sac.<\/p>\n\t\t<\/div>\n\t\t<div id=\"wd-630df814ba690\" class=\" wd-rs-630df814ba690 vc_custom_1661859865387 wd-button-wrapper text-left\"><a href=\"http:\/\/www.phoneaccessories.top\/accessories\/faqs\/\" title=\"FAQs\" class=\"btn btn-color-primary btn-style-default btn-style-semi-round btn-size-default\">questions et r\u00e9ponses<\/a><\/div>[\/vc_column][vc_column offset=\u00a0\u00bbvc_col-lg-6&Prime; woodmart_css_id=\u00a0\u00bb630df69f514f6&Prime; parallax_scroll=\u00a0\u00bbno\u00a0\u00bb woodmart_sticky_column=\u00a0\u00bbfalse\u00a0\u00bb wd_collapsible_content_switcher=\u00a0\u00bbno\u00a0\u00bb wd_column_role_offcanvas_desktop=\u00a0\u00bbno\u00a0\u00bb wd_column_role_offcanvas_tablet=\u00a0\u00bbno\u00a0\u00bb wd_column_role_offcanvas_mobile=\u00a0\u00bbno\u00a0\u00bb wd_column_role_content_desktop=\u00a0\u00bbno\u00a0\u00bb wd_column_role_content_tablet=\u00a0\u00bbno\u00a0\u00bb wd_column_role_content_mobile=\u00a0\u00bbno\u00a0\u00bb mobile_bg_img_hidden=\u00a0\u00bbno\u00a0\u00bb tablet_bg_img_hidden=\u00a0\u00bbno\u00a0\u00bb woodmart_parallax=\u00a0\u00bb0&Prime; woodmart_box_shadow=\u00a0\u00bbno\u00a0\u00bb responsive_spacing=\u00a0\u00bbeyJwYXJhbV90eXBlIjoid29vZG1hcnRfcmVzcG9uc2l2ZV9zcGFjaW5nIiwic2VsZWN0b3JfaWQiOiI2MzBkZjY5ZjUxNGY2Iiwic2hvcnRjb2RlIjoidmNfY29sdW1uIiwiZGF0YSI6eyJ0YWJsZXQiOnt9LCJtb2JpbGUiOnt9fX0=\u00a0\u00bb mobile_reset_margin=\u00a0\u00bbno\u00a0\u00bb tablet_reset_margin=\u00a0\u00bbno\u00a0\u00bb wd_z_index=\u00a0\u00bbno\u00a0\u00bb]\t\t<div id=\"wd-6329de28c8c8f\" class=\"wd-image wd-wpb wd-rs-6329de28c8c8f text-left \">\n\t\t\t\n\t\t\t<img loading=\"lazy\" decoding=\"async\" width=\"1320\" height=\"880\" src=\"https:\/\/www.phoneaccessories.top\/wp-content\/uploads\/2022\/09\/accessories-single-product-3-1.jpg\" class=\"attachment-full size-full\" alt=\"\" \/>\n\t\t\t\t\t<\/div>\n\t\t[\/vc_column][\/vc_row][vc_row content_placement=\u00a0\u00bbmiddle\u00a0\u00bb css=\u00a0\u00bb.vc_custom_1661859749753{margin-bottom: 5px !important;}\u00a0\u00bb woodmart_css_id=\u00a0\u00bb630df7a1901c8&Prime; responsive_spacing=\u00a0\u00bbeyJwYXJhbV90eXBlIjoid29vZG1hcnRfcmVzcG9uc2l2ZV9zcGFjaW5nIiwic2VsZWN0b3JfaWQiOiI2MzBkZjdhMTkwMWM4Iiwic2hvcnRjb2RlIjoidmNfcm93IiwiZGF0YSI6eyJ0YWJsZXQiOnt9LCJtb2JpbGUiOnt9fX0=\u00a0\u00bb mobile_bg_img_hidden=\u00a0\u00bbno\u00a0\u00bb tablet_bg_img_hidden=\u00a0\u00bbno\u00a0\u00bb woodmart_parallax=\u00a0\u00bb0&Prime; woodmart_gradient_switch=\u00a0\u00bbno\u00a0\u00bb woodmart_box_shadow=\u00a0\u00bbno\u00a0\u00bb wd_z_index=\u00a0\u00bbno\u00a0\u00bb woodmart_disable_overflow=\u00a0\u00bb0&Prime; row_reverse_mobile=\u00a0\u00bb0&Prime; row_reverse_tablet=\u00a0\u00bb0&Prime;][vc_column offset=\u00a0\u00bbvc_col-lg-6&Prime; woodmart_css_id=\u00a0\u00bb630df6ac333b1&Prime; parallax_scroll=\u00a0\u00bbno\u00a0\u00bb woodmart_sticky_column=\u00a0\u00bbfalse\u00a0\u00bb wd_collapsible_content_switcher=\u00a0\u00bbno\u00a0\u00bb wd_column_role_offcanvas_desktop=\u00a0\u00bbno\u00a0\u00bb wd_column_role_offcanvas_tablet=\u00a0\u00bbno\u00a0\u00bb wd_column_role_offcanvas_mobile=\u00a0\u00bbno\u00a0\u00bb wd_column_role_content_desktop=\u00a0\u00bbno\u00a0\u00bb wd_column_role_content_tablet=\u00a0\u00bbno\u00a0\u00bb wd_column_role_content_mobile=\u00a0\u00bbno\u00a0\u00bb mobile_bg_img_hidden=\u00a0\u00bbno\u00a0\u00bb tablet_bg_img_hidden=\u00a0\u00bbno\u00a0\u00bb woodmart_parallax=\u00a0\u00bb0&Prime; woodmart_box_shadow=\u00a0\u00bbno\u00a0\u00bb responsive_spacing=\u00a0\u00bbeyJwYXJhbV90eXBlIjoid29vZG1hcnRfcmVzcG9uc2l2ZV9zcGFjaW5nIiwic2VsZWN0b3JfaWQiOiI2MzBkZjZhYzMzM2IxIiwic2hvcnRjb2RlIjoidmNfY29sdW1uIiwiZGF0YSI6eyJ0YWJsZXQiOnt9LCJtb2JpbGUiOnt9fX0=\u00a0\u00bb mobile_reset_margin=\u00a0\u00bbno\u00a0\u00bb tablet_reset_margin=\u00a0\u00bbno\u00a0\u00bb wd_z_index=\u00a0\u00bbno\u00a0\u00bb]\n\t\t<div id=\"wd-64cc823e1affa\" class=\"title-wrapper wd-wpb set-mb-s reset-last-child  wd-rs-64cc823e1affa wd-title-color-default wd-title-style-default text-left vc_custom_1691124291941 wd-underline-colored\">\n\t\t\t\n\t\t\t<div class=\"liner-continer\">\n\t\t\t\t<h4 class=\"woodmart-title-container title  wd-font-weight- wd-fontsize-l\" >Emballage<\/h4>\n\t\t\t\t\t\t\t<\/div>\n\t\t\t\n\t\t\t\n\t\t\t\n\t\t<\/div>\n\t\t\n\t\t\t\t<div id=\"wd-64cc821e37ac9\" class=\"wd-text-block wd-wpb reset-last-child wd-rs-64cc821e37ac9 text-left \">\n\t\t\t<dl class=\"do-entry-item\">\n<dt class=\"do-entry-item-key\" title=\"D\u00e9tails de l'' emballage\">D\u00e9tails d&#8217;emballage : bo\u00eete en papier au d\u00e9tail, sac OPP<\/dt>\n<\/dl>\n<dl class=\"do-entry-item\" data-spm-anchor-id=\"a2700.details.0.i63.3c4fe703qM2Fmw\">\n<dt class=\"do-entry-item-key\" title=\"Port\">Port: shanghai, shenzhen<\/dt>\n<\/dl>\n\t\t<\/div>\n\t\t\t\t\t<div class=\"info-box-wrapper\">\n\t\t\t\t<div id=\"wd-6329de41e0faf\" class=\" wd-rs-6329de41e0faf wd-info-box wd-wpb text-left box-icon-align-left box-style- color-scheme- wd-bg-none wd-items-top \">\n\t\t\t\t\t\t\t\t\t\t\t<div class=\"box-icon-wrapper  box-with-icon box-icon-simple\">\n\t\t\t\t\t\t\t<div class=\"info-box-icon\">\n\n\t\t\t\t\t\t\t\n\t\t\t\t\t\t\t\t\t\t\t\t\t\t\t\t\t<img loading=\"lazy\" decoding=\"async\" width=\"65\" height=\"65\" src=\"https:\/\/www.phoneaccessories.top\/wp-content\/uploads\/2022\/09\/acs-ab-us-img-avatar.png\" class=\"attachment-65x65 size-65x65\" alt=\"\" \/>\t\t\t\t\t\t\t\t\t\t\t\t\t\t\t\n\t\t\t\t\t\t\t<\/div>\n\t\t\t\t\t\t<\/div>\n\t\t\t\t\t\t\t\t\t\t<div class=\"info-box-content\">\n\t\t\t\t\t\t<h4 class=\"info-box-title title box-title-style-default wd-fontsize-m\">Allen Lee<\/h4>\t\t\t\t\t\t<div class=\"info-box-inner set-cont-mb-s reset-last-child\"><p>Yiwu XuanYing<\/p>\n<\/div>\n\n\t\t\t\t\t\t\t\t\t\t\t<\/div>\n\n\t\t\t\t\t\n\t\t\t\t\t\t\t\t\t<\/div>\n\t\t\t<\/div>\n\t\t[\/vc_column][\/vc_row]<\/p>\n<\/div>","protected":false},"excerpt":{"rendered":"<p>[vc_row content_placement=\u00a0\u00bbmiddle\u00a0\u00bb css=\u00a0\u00bb.vc_custom_1661859699693{margin-bottom: 30px !important;}\u00a0\u00bb woodmart_css_id=\u00a0\u00bb630df76a36754&Prime; responsive_spacing=\u00a0\u00bbeyJwYXJhbV90eXBlIjoid29vZG1hcnRfcmVzcG9uc2l2ZV9zcGFjaW5nIiwic2VsZWN0b3JfaWQiOiI2MzBkZjc2YTM2NzU0Iiwic2hvcnRjb2RlIjoidmNfcm93IiwiZGF0YSI6eyJ0YWJsZXQiOnsibWFyZ2luLWJvdHRvbSI6IjEwIn0sIm1vYmlsZSI6e319fQ==\u00a0\u00bb mobile_bg_img_hidden=\u00a0\u00bbno\u00a0\u00bb tablet_bg_img_hidden=\u00a0\u00bbno\u00a0\u00bb woodmart_parallax=\u00a0\u00bb0&Prime; woodmart_gradient_switch=\u00a0\u00bbno\u00a0\u00bb woodmart_box_shadow=\u00a0\u00bbno\u00a0\u00bb wd_z_index=\u00a0\u00bbno\u00a0\u00bb woodmart_disable_overflow=\u00a0\u00bb0&Prime; row_reverse_mobile=\u00a0\u00bb0&Prime; row_reverse_tablet=\u00a0\u00bb0&Prime;][vc_column offset=\u00a0\u00bbvc_col-lg-6&Prime; woodmart_css_id=\u00a0\u00bb630df61cde26b\u00a0\u00bb parallax_scroll=\u00a0\u00bbno\u00a0\u00bb woodmart_sticky_column=\u00a0\u00bbfalse\u00a0\u00bb<\/p>\n","protected":false},"featured_media":1340,"template":"","meta":{"_seopress_robots_primary_cat":"none","_seopress_titles_title":"\u00c9tuis de t\u00e9l\u00e9phone portable \u00e0 chargement fin sans fil pour iPhone 13 Pro Max","_seopress_titles_desc":"Couverture mince PC magn\u00e9tique en gros avec protecteur d'appareil photo pour iPhone 14 13 12 Pro Max accessoires de bo\u00eetier de t\u00e9l\u00e9phone portable de charge mince sans fil","_seopress_robots_index":""},"product_brand":[],"product_cat":[103],"product_tag":[256,274],"class_list":{"0":"post-2206","1":"product","2":"type-product","3":"status-publish","4":"has-post-thumbnail","6":"product_cat-cas","7":"product_tag-etui-pour-telephone","8":"product_tag-iphone-fr","10":"first","11":"instock","12":"shipping-taxable","13":"product-type-simple"},"_links":{"self":[{"href":"https:\/\/www.phoneaccessories.top\/fr\/wp-json\/wp\/v2\/product\/2206","targetHints":{"allow":["GET"]}}],"collection":[{"href":"https:\/\/www.phoneaccessories.top\/fr\/wp-json\/wp\/v2\/product"}],"about":[{"href":"https:\/\/www.phoneaccessories.top\/fr\/wp-json\/wp\/v2\/types\/product"}],"wp:featuredmedia":[{"embeddable":true,"href":"https:\/\/www.phoneaccessories.top\/fr\/wp-json\/wp\/v2\/media\/1340"}],"wp:attachment":[{"href":"https:\/\/www.phoneaccessories.top\/fr\/wp-json\/wp\/v2\/media?parent=2206"}],"wp:term":[{"taxonomy":"product_brand","embeddable":true,"href":"https:\/\/www.phoneaccessories.top\/fr\/wp-json\/wp\/v2\/product_brand?post=2206"},{"taxonomy":"product_cat","embeddable":true,"href":"https:\/\/www.phoneaccessories.top\/fr\/wp-json\/wp\/v2\/product_cat?post=2206"},{"taxonomy":"product_tag","embeddable":true,"href":"https:\/\/www.phoneaccessories.top\/fr\/wp-json\/wp\/v2\/product_tag?post=2206"}],"curies":[{"name":"wp","href":"https:\/\/api.w.org\/{rel}","templated":true}]}}