{"id":2965,"date":"2025-09-15T01:35:28","date_gmt":"2025-09-15T01:35:28","guid":{"rendered":"https:\/\/www.phoneaccessories.top\/p\/montre-connectee-zl02-pour-la-sante\/"},"modified":"2025-09-15T02:11:20","modified_gmt":"2025-09-15T02:11:20","slug":"montre-connectee-zl02-pour-la-sante","status":"publish","type":"product","link":"https:\/\/www.phoneaccessories.top\/fr\/p\/montre-connectee-zl02-pour-la-sante\/","title":{"rendered":"Montre connect\u00e9e ZL02 pour la sant\u00e9"},"content":{"rendered":"<div class=\"wpb-content-wrapper\"><p>[vc_row content_placement=\u00a0\u00bbmiddle\u00a0\u00bb css=\u00a0\u00bb.vc_custom_1661859699693{margin-bottom: 30px !important;}\u00a0\u00bb woodmart_css_id=\u00a0\u00bb630df76a36754&Prime; responsive_spacing=\u00a0\u00bbeyJwYXJhbV90eXBlIjoid29vZG1hcnRfcmVzcG9uc2l2ZV9zcGFjaW5nIiwic2VsZWN0b3JfaWQiOiI2MzBkZjc2YTM2NzU0Iiwic2hvcnRjb2RlIjoidmNfcm93IiwiZGF0YSI6eyJ0YWJsZXQiOnsibWFyZ2luLWJvdHRvbSI6IjEwIn0sIm1vYmlsZSI6e319fQ==\u00a0\u00bb mobile_bg_img_hidden=\u00a0\u00bbno\u00a0\u00bb tablet_bg_img_hidden=\u00a0\u00bbno\u00a0\u00bb woodmart_parallax=\u00a0\u00bb0&Prime; woodmart_gradient_switch=\u00a0\u00bbno\u00a0\u00bb woodmart_box_shadow=\u00a0\u00bbno\u00a0\u00bb wd_z_index=\u00a0\u00bbno\u00a0\u00bb woodmart_disable_overflow=\u00a0\u00bb0&Prime; row_reverse_mobile=\u00a0\u00bb0&Prime; row_reverse_tablet=\u00a0\u00bb0&Prime;][vc_column offset=\u00a0\u00bbvc_col-lg-6&Prime; woodmart_css_id=\u00a0\u00bb630df61cde26b\u00a0\u00bb parallax_scroll=\u00a0\u00bbno\u00a0\u00bb woodmart_sticky_column=\u00a0\u00bbfalse\u00a0\u00bb wd_collapsible_content_switcher=\u00a0\u00bbno\u00a0\u00bb wd_column_role_offcanvas_desktop=\u00a0\u00bbno\u00a0\u00bb wd_column_role_offcanvas_tablet=\u00a0\u00bbno\u00a0\u00bb wd_column_role_offcanvas_mobile=\u00a0\u00bbno\u00a0\u00bb wd_column_role_content_desktop=\u00a0\u00bbno\u00a0\u00bb wd_column_role_content_tablet=\u00a0\u00bbno\u00a0\u00bb wd_column_role_content_mobile=\u00a0\u00bbno\u00a0\u00bb mobile_bg_img_hidden=\u00a0\u00bbno\u00a0\u00bb tablet_bg_img_hidden=\u00a0\u00bbno\u00a0\u00bb woodmart_parallax=\u00a0\u00bb0&Prime; woodmart_box_shadow=\u00a0\u00bbno\u00a0\u00bb responsive_spacing=\u00a0\u00bbeyJwYXJhbV90eXBlIjoid29vZG1hcnRfcmVzcG9uc2l2ZV9zcGFjaW5nIiwic2VsZWN0b3JfaWQiOiI2MzBkZjYxY2RlMjZiIiwic2hvcnRjb2RlIjoidmNfY29sdW1uIiwiZGF0YSI6eyJ0YWJsZXQiOnt9LCJtb2JpbGUiOnt9fX0=\u00a0\u00bb mobile_reset_margin=\u00a0\u00bbno\u00a0\u00bb tablet_reset_margin=\u00a0\u00bbno\u00a0\u00bb wd_z_index=\u00a0\u00bbno\u00a0\u00bb]\t\t<div id=\"gallery_119\" class=\"wd-images-gallery wd-wpb wd-rs-68c76c800fb03 vc_custom_1757899939129\" style=\"--wd-justify-content:center;--wd-align-items:center;\">\n\t\t\t\n\t\t\t<div class=\" wd-grid-g\" style=\"--wd-col-lg:2;--wd-col-md:2;--wd-col-sm:1;--wd-gap-lg:20px;--wd-gap-sm:10px;\">\n\t\t\t\t\n\t\t\t\t\t\t\t\t\t\t\t\t\t\t\t<div class=\"wd-gallery-item wd-col\">\n\t\t\t\t\t\t\t\n\t\t\t\t\t\t\t\t<img loading=\"lazy\" decoding=\"async\" width=\"832\" height=\"942\" src=\"https:\/\/www.phoneaccessories.top\/wp-content\/uploads\/2025\/09\/ZL02-Smart-Watch-Health-Smartwatch-dec.jpg\" class=\"wd-gallery-image image-1\" alt=\"ZL02 Smart Watch Health Smartwatch-dec\" srcset=\"https:\/\/www.phoneaccessories.top\/wp-content\/uploads\/2025\/09\/ZL02-Smart-Watch-Health-Smartwatch-dec.jpg 832w, https:\/\/www.phoneaccessories.top\/wp-content\/uploads\/2025\/09\/ZL02-Smart-Watch-Health-Smartwatch-dec-265x300.jpg 265w, https:\/\/www.phoneaccessories.top\/wp-content\/uploads\/2025\/09\/ZL02-Smart-Watch-Health-Smartwatch-dec-768x870.jpg 768w, https:\/\/www.phoneaccessories.top\/wp-content\/uploads\/2025\/09\/ZL02-Smart-Watch-Health-Smartwatch-dec-148x168.jpg 148w\" sizes=\"auto, (max-width: 832px) 100vw, 832px\" \/>\n\t\t\t\t\t\t\t\t\t\t\t\t\t\t<\/div>\n\t\t\t\t\t\t\t\t\t\n\t\t\t\t\t\t\t<\/div>\n\n\t\t\t\t\t<\/div>\n\t\t[\/vc_column][vc_column offset=\u00a0\u00bbvc_col-lg-6&Prime; woodmart_css_id=\u00a0\u00bb630df6239bd04&Prime; parallax_scroll=\u00a0\u00bbno\u00a0\u00bb woodmart_sticky_column=\u00a0\u00bbfalse\u00a0\u00bb wd_collapsible_content_switcher=\u00a0\u00bbno\u00a0\u00bb wd_column_role_offcanvas_desktop=\u00a0\u00bbno\u00a0\u00bb wd_column_role_offcanvas_tablet=\u00a0\u00bbno\u00a0\u00bb wd_column_role_offcanvas_mobile=\u00a0\u00bbno\u00a0\u00bb wd_column_role_content_desktop=\u00a0\u00bbno\u00a0\u00bb wd_column_role_content_tablet=\u00a0\u00bbno\u00a0\u00bb wd_column_role_content_mobile=\u00a0\u00bbno\u00a0\u00bb mobile_bg_img_hidden=\u00a0\u00bbno\u00a0\u00bb tablet_bg_img_hidden=\u00a0\u00bbno\u00a0\u00bb woodmart_parallax=\u00a0\u00bb0&Prime; woodmart_box_shadow=\u00a0\u00bbno\u00a0\u00bb responsive_spacing=\u00a0\u00bbeyJwYXJhbV90eXBlIjoid29vZG1hcnRfcmVzcG9uc2l2ZV9zcGFjaW5nIiwic2VsZWN0b3JfaWQiOiI2MzBkZjYyMzliZDA0Iiwic2hvcnRjb2RlIjoidmNfY29sdW1uIiwiZGF0YSI6eyJ0YWJsZXQiOnt9LCJtb2JpbGUiOnt9fX0=\u00a0\u00bb mobile_reset_margin=\u00a0\u00bbno\u00a0\u00bb tablet_reset_margin=\u00a0\u00bbno\u00a0\u00bb wd_z_index=\u00a0\u00bbno\u00a0\u00bb]\n\t\t<div id=\"wd-630cbe63d8566\" class=\"title-wrapper wd-wpb set-mb-s reset-last-child  wd-rs-630cbe63d8566 wd-title-color-default wd-title-style-default text-left vc_custom_1661779559595 wd-underline-colored\">\n\t\t\t\n\t\t\t<div class=\"liner-continer\">\n\t\t\t\t<h4 class=\"woodmart-title-container title  wd-font-weight- wd-fontsize-l\" >Caract\u00e9ristiques<\/h4>\n\t\t\t\t\t\t\t<\/div>\n\t\t\t\n\t\t\t\n\t\t\t\n\t\t<\/div>\n\t\t\n\t\t\t\t<div id=\"wd-68c76b47a5a49\" class=\"wd-text-block wd-wpb reset-last-child wd-rs-68c76b47a5a49 text-left \">\n\t\t\t<p>Nom : Montre connect\u00e9e Dafit ZL02<br \/>\nAutonomie : 11 \u00e0 30 jours<br \/>\nTaille de l&rsquo;\u00e9cran : 36-40 mm<br \/>\nR\u00e9solution de l&rsquo;\u00e9cran : 240 x 240<br \/>\nChargement : Chargeur sans fil<br \/>\nFonctions : \u00c9cran tactile, Contr\u00f4le par application<br \/>\nSyst\u00e8me d&rsquo;exploitation : Android<br \/>\nType d&rsquo;\u00e9cran : TFT<br \/>\nMat\u00e9riau du bo\u00eetier : Alliage<br \/>\n\u00c9tanch\u00e9it\u00e9 : IP67<br \/>\nProcesseur : Jerry 7012F6<br \/>\nFonction 1 : D\u00e9tection de la fr\u00e9quence cardiaque<br \/>\nFonction 2 : Tensiom\u00e8tre<br \/>\nApplication : Dafit<br \/>\nBatterie : 230 mAh<br \/>\nTaille de l&rsquo;\u00e9cran : 1,28 pouce<br \/>\nFonctions :<br \/>\nR\u00e9veil, T\u00e9l\u00e9commande, Suivi du sommeil, Mesure de la vitesse, Suivi de la condition physique, Passom\u00e8tre, Rappel d&rsquo;appel, R\u00e9ponse aux appels, Message push, Suivi de l&rsquo;humeur, Rappel de messages, Suivi de la fr\u00e9quence cardiaque, Suivi d&rsquo;activit\u00e9, Lecteur de musique, Assistant vocal IA<\/p>\n\t\t<\/div>\n\t\t[vc_row_inner][vc_column_inner width=\u00a0\u00bb1\/3&Prime;]\n\t\t<ul class=\" wd-rs-6329ddeed2dbc wd-list wd-wpb color-scheme-custom wd-fontsize-s wd-list-type-icon wd-list-style-default wd-justify-left \" id=\"wd-6329ddeed2dbc\">\n\t\t\t\t\t\t\t\t\t\t\t<li>\n\t\t\t\t\t<img loading=\"lazy\" decoding=\"async\"  src=\"https:\/\/www.phoneaccessories.top\/wp-content\/uploads\/2022\/09\/ecology.svg\" title=\"ecology\" width=\"25\" height=\"25\">\n\t\t\t\t\t<span class=\"list-content\">Ecology<\/span>\n\t\t\t\t\t\t\t\t\t<\/li>\n\t\t\t\t\t\t\t\t\t\t\t<li>\n\t\t\t\t\t<img loading=\"lazy\" decoding=\"async\"  src=\"https:\/\/www.phoneaccessories.top\/wp-content\/uploads\/2022\/09\/chargers.svg\" title=\"chargers\" width=\"25\" height=\"25\">\n\t\t\t\t\t<span class=\"list-content\">Chargers<\/span>\n\t\t\t\t\t\t\t\t\t<\/li>\n\t\t\t\t\t<\/ul>\n\t\t[\/vc_column_inner][vc_column_inner width=\u00a0\u00bb1\/3&Prime;]\n\t\t<ul class=\" wd-rs-6329de09c6490 wd-list wd-wpb color-scheme-custom wd-fontsize-s wd-list-type-icon wd-list-style-default wd-justify-left vc_custom_1663688215487\" id=\"wd-6329de09c6490\">\n\t\t\t\t\t\t\t\t\t\t\t<li>\n\t\t\t\t\t<img loading=\"lazy\" decoding=\"async\"  src=\"https:\/\/www.phoneaccessories.top\/wp-content\/uploads\/2022\/09\/creativity.svg\" title=\"creativity\" width=\"25\" height=\"25\">\n\t\t\t\t\t<span class=\"list-content\">Creativity<\/span>\n\t\t\t\t\t\t\t\t\t<\/li>\n\t\t\t\t\t\t\t\t\t\t\t<li>\n\t\t\t\t\t<img loading=\"lazy\" decoding=\"async\"  src=\"https:\/\/www.phoneaccessories.top\/wp-content\/uploads\/2022\/09\/mag-safe.svg\" title=\"mag-safe\" width=\"25\" height=\"25\">\n\t\t\t\t\t<span class=\"list-content\">MagSafe<\/span>\n\t\t\t\t\t\t\t\t\t<\/li>\n\t\t\t\t\t<\/ul>\n\t\t[\/vc_column_inner][vc_column_inner width=\u00a0\u00bb1\/3&Prime;]\n\t\t<ul class=\" wd-rs-6329de1889ca0 wd-list wd-wpb color-scheme-custom wd-fontsize-s wd-list-type-icon wd-list-style-default wd-justify-left \" id=\"wd-6329de1889ca0\">\n\t\t\t\t\t\t\t\t\t\t\t<li>\n\t\t\t\t\t<img loading=\"lazy\" decoding=\"async\"  src=\"https:\/\/www.phoneaccessories.top\/wp-content\/uploads\/2022\/09\/materials.svg\" title=\"materials\" width=\"25\" height=\"25\">\n\t\t\t\t\t<span class=\"list-content\">Materials<\/span>\n\t\t\t\t\t\t\t\t\t<\/li>\n\t\t\t\t\t\t\t\t\t\t\t<li>\n\t\t\t\t\t<img loading=\"lazy\" decoding=\"async\"  src=\"https:\/\/www.phoneaccessories.top\/wp-content\/uploads\/2022\/09\/power-cables.svg\" title=\"power-cables\" width=\"25\" height=\"25\">\n\t\t\t\t\t<span class=\"list-content\">Power & Cables<\/span>\n\t\t\t\t\t\t\t\t\t<\/li>\n\t\t\t\t\t<\/ul>\n\t\t[\/vc_column_inner][\/vc_row_inner][\/vc_column][\/vc_row][vc_row content_placement=\u00a0\u00bbmiddle\u00a0\u00bb css=\u00a0\u00bb.vc_custom_1661859720606{margin-bottom: 30px !important;}\u00a0\u00bb woodmart_css_id=\u00a0\u00bb630df782efede\u00a0\u00bb responsive_spacing=\u00a0\u00bbeyJwYXJhbV90eXBlIjoid29vZG1hcnRfcmVzcG9uc2l2ZV9zcGFjaW5nIiwic2VsZWN0b3JfaWQiOiI2MzBkZjc4MmVmZWRlIiwic2hvcnRjb2RlIjoidmNfcm93IiwiZGF0YSI6eyJ0YWJsZXQiOnsibWFyZ2luLWJvdHRvbSI6IjEwIn0sIm1vYmlsZSI6e319fQ==\u00a0\u00bb mobile_bg_img_hidden=\u00a0\u00bbno\u00a0\u00bb tablet_bg_img_hidden=\u00a0\u00bbno\u00a0\u00bb woodmart_parallax=\u00a0\u00bb0&Prime; woodmart_gradient_switch=\u00a0\u00bbno\u00a0\u00bb woodmart_box_shadow=\u00a0\u00bbno\u00a0\u00bb wd_z_index=\u00a0\u00bbno\u00a0\u00bb woodmart_disable_overflow=\u00a0\u00bb0&Prime; row_reverse_mobile=\u00a0\u00bb0&Prime; row_reverse_tablet=\u00a0\u00bb1&Prime;][vc_column offset=\u00a0\u00bbvc_col-lg-6&Prime; woodmart_css_id=\u00a0\u00bb630df69a597f9&Prime; parallax_scroll=\u00a0\u00bbno\u00a0\u00bb woodmart_sticky_column=\u00a0\u00bbfalse\u00a0\u00bb wd_collapsible_content_switcher=\u00a0\u00bbno\u00a0\u00bb wd_column_role_offcanvas_desktop=\u00a0\u00bbno\u00a0\u00bb wd_column_role_offcanvas_tablet=\u00a0\u00bbno\u00a0\u00bb wd_column_role_offcanvas_mobile=\u00a0\u00bbno\u00a0\u00bb wd_column_role_content_desktop=\u00a0\u00bbno\u00a0\u00bb wd_column_role_content_tablet=\u00a0\u00bbno\u00a0\u00bb wd_column_role_content_mobile=\u00a0\u00bbno\u00a0\u00bb mobile_bg_img_hidden=\u00a0\u00bbno\u00a0\u00bb tablet_bg_img_hidden=\u00a0\u00bbno\u00a0\u00bb woodmart_parallax=\u00a0\u00bb0&Prime; woodmart_box_shadow=\u00a0\u00bbno\u00a0\u00bb responsive_spacing=\u00a0\u00bbeyJwYXJhbV90eXBlIjoid29vZG1hcnRfcmVzcG9uc2l2ZV9zcGFjaW5nIiwic2VsZWN0b3JfaWQiOiI2MzBkZjY5YTU5N2Y5Iiwic2hvcnRjb2RlIjoidmNfY29sdW1uIiwiZGF0YSI6eyJ0YWJsZXQiOnt9LCJtb2JpbGUiOnt9fX0=\u00a0\u00bb mobile_reset_margin=\u00a0\u00bbno\u00a0\u00bb tablet_reset_margin=\u00a0\u00bbno\u00a0\u00bb wd_z_index=\u00a0\u00bbno\u00a0\u00bb]\n\t\t<div id=\"wd-64d2fdbd0b283\" class=\"title-wrapper wd-wpb set-mb-s reset-last-child  wd-rs-64d2fdbd0b283 wd-title-color-default wd-title-style-default text-left vc_custom_1691549124766 wd-underline-colored\">\n\t\t\t\n\t\t\t<div class=\"liner-continer\">\n\t\t\t\t<h4 class=\"woodmart-title-container title  wd-font-weight- wd-fontsize-l\" >Description<\/h4>\n\t\t\t\t\t\t\t<\/div>\n\t\t\t\n\t\t\t\n\t\t\t\n\t\t<\/div>\n\t\t\n\t\t\t\t<div id=\"wd-68c76b7333d67\" class=\"wd-text-block wd-wpb reset-last-child wd-rs-68c76b7333d67 text-left \">\n\t\t\t<p>\nMontre connect\u00e9e ZL02 avec appels Bluetooth<br \/>\n\u00c9tanch\u00e9it\u00e9<br \/>\nIP67<br \/>\nChipset<br \/>\nJerry 7012F6<br \/>\nStyle LCD<br \/>\n\u00c9cran TFT<br \/>\nR\u00e9solution LCD<br \/>\n1,28 pouce 240 x 240<br \/>\nM\u00e9moire (ROM + RAM)<br \/>\nRAM\u00a0: 640 Ko<br \/>\nM\u00e9moire externe<br \/>\n64 Mo<br \/>\nAcc\u00e9l\u00e9rateur<br \/>\nDA267-LGA12<br \/>\nVersion Bluetooth<br \/>\n5.2<br \/>\nApplication mobile &#8211; GPS<br \/>\nOUI<br \/>\nCapteur de fr\u00e9quence cardiaque<br \/>\nLC09<br \/>\nVibreur<br \/>\nOUI<br \/>\nCapacit\u00e9 de la batterie<br \/>\n230 mAh<br \/>\nCompatibilit\u00e9<br \/>\nCompatible avec Android 5.0 et versions ult\u00e9rieures\u00a0; Apple iOS 9.0 et versions ult\u00e9rieures<br \/>\nMontre multilingue<br \/>\nChinois, anglais, allemand, espagnol, fran\u00e7ais, russe, arabe, ukrainien, italien, portugais<br \/>\nApplication multilingue<br \/>\nArabe, bulgare, tch\u00e8que, danois, allemand, espagnol, finnois, fran\u00e7ais, hindi, croate, indon\u00e9sien, italien, japonais, cor\u00e9en, norv\u00e9gien, n\u00e9erlandais, polonais, pachtoune, portugais, russe, su\u00e9dois, tha\u00ef, ukrainien, vietnamien, chinois simplifi\u00e9, anglais, chinois traditionnel<\/p>\n\t\t<\/div>\n\t\t<div id=\"wd-630df814ba690\" class=\" wd-rs-630df814ba690 vc_custom_1661859865387 wd-button-wrapper text-left\"><a href=\"http:\/\/www.phoneaccessories.top\/accessories\/faqs\/\" title=\"FAQs\" class=\"btn btn-color-primary btn-style-default btn-style-semi-round btn-size-default\">Questions et r\u00e9ponses<\/a><\/div>[\/vc_column][vc_column offset=\u00a0\u00bbvc_col-lg-6&Prime; woodmart_css_id=\u00a0\u00bb630df69f514f6&Prime; parallax_scroll=\u00a0\u00bbno\u00a0\u00bb woodmart_sticky_column=\u00a0\u00bbfalse\u00a0\u00bb wd_collapsible_content_switcher=\u00a0\u00bbno\u00a0\u00bb wd_column_role_offcanvas_desktop=\u00a0\u00bbno\u00a0\u00bb wd_column_role_offcanvas_tablet=\u00a0\u00bbno\u00a0\u00bb wd_column_role_offcanvas_mobile=\u00a0\u00bbno\u00a0\u00bb wd_column_role_content_desktop=\u00a0\u00bbno\u00a0\u00bb wd_column_role_content_tablet=\u00a0\u00bbno\u00a0\u00bb wd_column_role_content_mobile=\u00a0\u00bbno\u00a0\u00bb mobile_bg_img_hidden=\u00a0\u00bbno\u00a0\u00bb tablet_bg_img_hidden=\u00a0\u00bbno\u00a0\u00bb woodmart_parallax=\u00a0\u00bb0&Prime; woodmart_box_shadow=\u00a0\u00bbno\u00a0\u00bb responsive_spacing=\u00a0\u00bbeyJwYXJhbV90eXBlIjoid29vZG1hcnRfcmVzcG9uc2l2ZV9zcGFjaW5nIiwic2VsZWN0b3JfaWQiOiI2MzBkZjY5ZjUxNGY2Iiwic2hvcnRjb2RlIjoidmNfY29sdW1uIiwiZGF0YSI6eyJ0YWJsZXQiOnt9LCJtb2JpbGUiOnt9fX0=\u00a0\u00bb mobile_reset_margin=\u00a0\u00bbno\u00a0\u00bb tablet_reset_margin=\u00a0\u00bbno\u00a0\u00bb wd_z_index=\u00a0\u00bbno\u00a0\u00bb]\t\t<div id=\"wd-68c76caa5618b\" class=\"wd-image wd-wpb wd-rs-68c76caa5618b text-left \">\n\t\t\t\n\t\t\t<img loading=\"lazy\" decoding=\"async\" width=\"1097\" height=\"939\" src=\"https:\/\/www.phoneaccessories.top\/wp-content\/uploads\/2025\/09\/ZL02-Smart-Watch-Health-Smartwatch-fun.jpg\" class=\"attachment-full size-full\" alt=\"ZL02 Smart Watch Health Smartwatch\" srcset=\"https:\/\/www.phoneaccessories.top\/wp-content\/uploads\/2025\/09\/ZL02-Smart-Watch-Health-Smartwatch-fun.jpg 1097w, https:\/\/www.phoneaccessories.top\/wp-content\/uploads\/2025\/09\/ZL02-Smart-Watch-Health-Smartwatch-fun-300x257.jpg 300w, https:\/\/www.phoneaccessories.top\/wp-content\/uploads\/2025\/09\/ZL02-Smart-Watch-Health-Smartwatch-fun-1024x877.jpg 1024w, https:\/\/www.phoneaccessories.top\/wp-content\/uploads\/2025\/09\/ZL02-Smart-Watch-Health-Smartwatch-fun-768x657.jpg 768w, https:\/\/www.phoneaccessories.top\/wp-content\/uploads\/2025\/09\/ZL02-Smart-Watch-Health-Smartwatch-fun-148x127.jpg 148w\" sizes=\"auto, (max-width: 1097px) 100vw, 1097px\" \/>\n\t\t\t\t\t<\/div>\n\t\t[\/vc_column][\/vc_row][vc_row content_placement=\u00a0\u00bbmiddle\u00a0\u00bb css=\u00a0\u00bb.vc_custom_1661859749753{margin-bottom: 5px !important;}\u00a0\u00bb woodmart_css_id=\u00a0\u00bb630df7a1901c8&Prime; responsive_spacing=\u00a0\u00bbeyJwYXJhbV90eXBlIjoid29vZG1hcnRfcmVzcG9uc2l2ZV9zcGFjaW5nIiwic2VsZWN0b3JfaWQiOiI2MzBkZjdhMTkwMWM4Iiwic2hvcnRjb2RlIjoidmNfcm93IiwiZGF0YSI6eyJ0YWJsZXQiOnt9LCJtb2JpbGUiOnt9fX0=\u00a0\u00bb mobile_bg_img_hidden=\u00a0\u00bbno\u00a0\u00bb tablet_bg_img_hidden=\u00a0\u00bbno\u00a0\u00bb woodmart_parallax=\u00a0\u00bb0&Prime; woodmart_gradient_switch=\u00a0\u00bbno\u00a0\u00bb woodmart_box_shadow=\u00a0\u00bbno\u00a0\u00bb wd_z_index=\u00a0\u00bbno\u00a0\u00bb woodmart_disable_overflow=\u00a0\u00bb0&Prime; row_reverse_mobile=\u00a0\u00bb0&Prime; row_reverse_tablet=\u00a0\u00bb0&Prime;][vc_column offset=\u00a0\u00bbvc_col-lg-6&Prime; woodmart_css_id=\u00a0\u00bb630df6ac333b1&Prime; parallax_scroll=\u00a0\u00bbno\u00a0\u00bb woodmart_sticky_column=\u00a0\u00bbfalse\u00a0\u00bb wd_collapsible_content_switcher=\u00a0\u00bbno\u00a0\u00bb wd_column_role_offcanvas_desktop=\u00a0\u00bbno\u00a0\u00bb wd_column_role_offcanvas_tablet=\u00a0\u00bbno\u00a0\u00bb wd_column_role_offcanvas_mobile=\u00a0\u00bbno\u00a0\u00bb wd_column_role_content_desktop=\u00a0\u00bbno\u00a0\u00bb wd_column_role_content_tablet=\u00a0\u00bbno\u00a0\u00bb wd_column_role_content_mobile=\u00a0\u00bbno\u00a0\u00bb mobile_bg_img_hidden=\u00a0\u00bbno\u00a0\u00bb tablet_bg_img_hidden=\u00a0\u00bbno\u00a0\u00bb woodmart_parallax=\u00a0\u00bb0&Prime; woodmart_box_shadow=\u00a0\u00bbno\u00a0\u00bb responsive_spacing=\u00a0\u00bbeyJwYXJhbV90eXBlIjoid29vZG1hcnRfcmVzcG9uc2l2ZV9zcGFjaW5nIiwic2VsZWN0b3JfaWQiOiI2MzBkZjZhYzMzM2IxIiwic2hvcnRjb2RlIjoidmNfY29sdW1uIiwiZGF0YSI6eyJ0YWJsZXQiOnt9LCJtb2JpbGUiOnt9fX0=\u00a0\u00bb mobile_reset_margin=\u00a0\u00bbno\u00a0\u00bb tablet_reset_margin=\u00a0\u00bbno\u00a0\u00bb wd_z_index=\u00a0\u00bbno\u00a0\u00bb]\n\t\t<div id=\"wd-64d2fde515c47\" class=\"title-wrapper wd-wpb set-mb-s reset-last-child  wd-rs-64d2fde515c47 wd-title-color-default wd-title-style-default text-left vc_custom_1691549161013 wd-underline-colored\">\n\t\t\t\n\t\t\t<div class=\"liner-continer\">\n\t\t\t\t<h4 class=\"woodmart-title-container title  wd-font-weight- wd-fontsize-l\" >Conditionnement<\/h4>\n\t\t\t\t\t\t\t<\/div>\n\t\t\t\n\t\t\t\n\t\t\t\n\t\t<\/div>\n\t\t\n\t\t\t\t<div id=\"wd-68c76ba9abdd1\" class=\"wd-text-block wd-wpb reset-last-child wd-rs-68c76ba9abdd1 text-left \">\n\t\t\t<p>\nUnit\u00e9s de vente\u00a0: Article unique<br \/>\nConditionnement<br \/>\nEmballage\u00a0: Emballage pour chaque montre connect\u00e9e<br \/>\nDimensions\u00a0: 15,1 x 3 x 7,5 cm<br \/>\nPoids brut\u00a0: 0,109 kg<br \/>\nPaquet\u00a0: 50 pi\u00e8ces\/carton, poids\u00a0: 6,5 kg, 40 x 32 x 17,5 cm<br \/>\nType d\u2019emballage\u00a0:<br \/>\nPour personnaliser votre logo, veuillez nous contacter.<br \/>\nGrosse commande, grosse remise\u00a0!<\/p>\n\t\t<\/div>\n\t\t\t\t\t<div class=\"info-box-wrapper\">\n\t\t\t\t<div id=\"wd-65b35e8a8a1b8\" class=\" wd-rs-65b35e8a8a1b8 wd-info-box wd-wpb text-left box-icon-align-left box-style- color-scheme- wd-bg-none wd-items-top \">\n\t\t\t\t\t\t\t\t\t\t\t<div class=\"box-icon-wrapper  box-with-icon box-icon-simple\">\n\t\t\t\t\t\t\t<div class=\"info-box-icon\">\n\n\t\t\t\t\t\t\t\n\t\t\t\t\t\t\t\t\t\t\t\t\t\t\t\t\t<br \/>\n<b>Warning<\/b>:  Trying to access array offset on value of type bool in <b>\/www\/wwwroot\/wwphoneaccessoriestop\/wp-includes\/media.php<\/b> on line <b>800<\/b><br \/>\n<br \/>\n<b>Warning<\/b>:  Trying to access array offset on value of type bool in <b>\/www\/wwwroot\/wwphoneaccessoriestop\/wp-includes\/media.php<\/b> on line <b>806<\/b><br \/>\n<img loading=\"lazy\" decoding=\"async\" width=\"65\" height=\"65\" src=\"https:\/\/www.phoneaccessories.top\/wp-content\/uploads\/2023\/08\/AllenLee.jpg\" class=\"attachment-65x65 size-65x65\" alt=\"AllenLee\" \/>\t\t\t\t\t\t\t\t\t\t\t\t\t\t\t\n\t\t\t\t\t\t\t<\/div>\n\t\t\t\t\t\t<\/div>\n\t\t\t\t\t\t\t\t\t\t<div class=\"info-box-content\">\n\t\t\t\t\t\t<h4 class=\"info-box-title title box-title-style-default wd-fontsize-m\">Allen<\/h4>\t\t\t\t\t\t<div class=\"info-box-inner set-cont-mb-s reset-last-child\"><p>YIWU XUANYING<\/p>\n<\/div>\n\n\t\t\t\t\t\t\t\t\t\t\t<\/div>\n\n\t\t\t\t\t\n\t\t\t\t\t\t\t\t\t<\/div>\n\t\t\t<\/div>\n\t\t[\/vc_column][\/vc_row]<\/p>\n<\/div>","protected":false},"excerpt":{"rendered":"<p>[vc_row content_placement=\u00a0\u00bbmiddle\u00a0\u00bb css=\u00a0\u00bb.vc_custom_1661859699693{margin-bottom: 30px !important;}\u00a0\u00bb woodmart_css_id=\u00a0\u00bb630df76a36754&Prime; responsive_spacing=\u00a0\u00bbeyJwYXJhbV90eXBlIjoid29vZG1hcnRfcmVzcG9uc2l2ZV9zcGFjaW5nIiwic2VsZWN0b3JfaWQiOiI2MzBkZjc2YTM2NzU0Iiwic2hvcnRjb2RlIjoidmNfcm93IiwiZGF0YSI6eyJ0YWJsZXQiOnsibWFyZ2luLWJvdHRvbSI6IjEwIn0sIm1vYmlsZSI6e319fQ==\u00a0\u00bb mobile_bg_img_hidden=\u00a0\u00bbno\u00a0\u00bb tablet_bg_img_hidden=\u00a0\u00bbno\u00a0\u00bb woodmart_parallax=\u00a0\u00bb0&Prime; woodmart_gradient_switch=\u00a0\u00bbno\u00a0\u00bb woodmart_box_shadow=\u00a0\u00bbno\u00a0\u00bb wd_z_index=\u00a0\u00bbno\u00a0\u00bb woodmart_disable_overflow=\u00a0\u00bb0&Prime; row_reverse_mobile=\u00a0\u00bb0&Prime; row_reverse_tablet=\u00a0\u00bb0&Prime;][vc_column offset=\u00a0\u00bbvc_col-lg-6&Prime; woodmart_css_id=\u00a0\u00bb630df61cde26b\u00a0\u00bb parallax_scroll=\u00a0\u00bbno\u00a0\u00bb woodmart_sticky_column=\u00a0\u00bbfalse\u00a0\u00bb<\/p>\n","protected":false},"featured_media":2938,"template":"","meta":{"_seopress_robots_primary_cat":"","_seopress_titles_title":"Montre connect\u00e9e Dafit ZL02C PRO, moniteur de fr\u00e9quence cardiaque, IP67, pour femmes et hommes","_seopress_titles_desc":"Montre connect\u00e9e Dafit ZL02C PRO, appels BT, fr\u00e9quence cardiaque, \u00e9cran rond de 1,28 pouce, \u00e9tanch\u00e9it\u00e9 IP67, pour femmes et hommes","_seopress_robots_index":""},"product_brand":[],"product_cat":[115],"product_tag":[407],"class_list":{"0":"post-2965","1":"product","2":"type-product","3":"status-publish","4":"has-post-thumbnail","6":"product_cat-montre-intelligente","7":"product_tag-montre","9":"first","10":"instock","11":"featured","12":"shipping-taxable","13":"product-type-simple"},"_links":{"self":[{"href":"https:\/\/www.phoneaccessories.top\/fr\/wp-json\/wp\/v2\/product\/2965","targetHints":{"allow":["GET"]}}],"collection":[{"href":"https:\/\/www.phoneaccessories.top\/fr\/wp-json\/wp\/v2\/product"}],"about":[{"href":"https:\/\/www.phoneaccessories.top\/fr\/wp-json\/wp\/v2\/types\/product"}],"wp:featuredmedia":[{"embeddable":true,"href":"https:\/\/www.phoneaccessories.top\/fr\/wp-json\/wp\/v2\/media\/2938"}],"wp:attachment":[{"href":"https:\/\/www.phoneaccessories.top\/fr\/wp-json\/wp\/v2\/media?parent=2965"}],"wp:term":[{"taxonomy":"product_brand","embeddable":true,"href":"https:\/\/www.phoneaccessories.top\/fr\/wp-json\/wp\/v2\/product_brand?post=2965"},{"taxonomy":"product_cat","embeddable":true,"href":"https:\/\/www.phoneaccessories.top\/fr\/wp-json\/wp\/v2\/product_cat?post=2965"},{"taxonomy":"product_tag","embeddable":true,"href":"https:\/\/www.phoneaccessories.top\/fr\/wp-json\/wp\/v2\/product_tag?post=2965"}],"curies":[{"name":"wp","href":"https:\/\/api.w.org\/{rel}","templated":true}]}}