{"id":2308,"date":"2022-08-18T12:02:50","date_gmt":"2022-08-18T12:02:50","guid":{"rendered":"https:\/\/www.phoneaccessories.top\/politica-de-privacidade\/"},"modified":"2023-09-02T03:27:30","modified_gmt":"2023-09-02T03:27:30","slug":"politica-de-privacidade","status":"publish","type":"page","link":"https:\/\/www.phoneaccessories.top\/pt-br\/politica-de-privacidade\/","title":{"rendered":"pol\u00edtica de Privacidade"},"content":{"rendered":"<div class=\"wpb-content-wrapper\"><p>[vc_row full_width=&#8221;stretch_row&#8221; css=&#8221;.vc_custom_1632839216632{margin-top: -40px !important;margin-bottom: 80px !important;padding-top: 80px !important;padding-bottom: 80px !important;background-color: #f8f8f8 !important;}&#8221; woodmart_box_shadow=&#8221;no&#8221; wd_z_index=&#8221;no&#8221; woodmart_css_id=&#8221;61532621076cc&#8221; responsive_spacing=&#8221;eyJwYXJhbV90eXBlIjoid29vZG1hcnRfcmVzcG9uc2l2ZV9zcGFjaW5nIiwic2VsZWN0b3JfaWQiOiI2MTUzMjYyMTA3NmNjIiwic2hvcnRjb2RlIjoidmNfcm93IiwiZGF0YSI6eyJ0YWJsZXQiOnsibWFyZ2luLWJvdHRvbSI6IjYwIiwicGFkZGluZy10b3AiOiI2MCIsInBhZGRpbmctYm90dG9tIjoiNjAifSwibW9iaWxlIjp7fX19&#8243; mobile_bg_img_hidden=&#8221;no&#8221; tablet_bg_img_hidden=&#8221;no&#8221; woodmart_parallax=&#8221;0&#8243; woodmart_gradient_switch=&#8221;no&#8221; row_reverse_mobile=&#8221;0&#8243; row_reverse_tablet=&#8221;0&#8243; woodmart_disable_overflow=&#8221;0&#8243;][vc_column width=&#8221;1\/2&#8243; offset=&#8221;vc_col-sm-offset-3&#8243; css=&#8221;.vc_custom_1527239539599{padding-top: 0px !important;}&#8221;]\t\t<div id=\"wd-6329d86e476e8\" class=\"wd-image wd-wpb wd-rs-6329d86e476e8 text-center vc_custom_1663686772227\">\n\t\t\t\n\t\t\t<img loading=\"lazy\" decoding=\"async\"  src=\"https:\/\/www.phoneaccessories.top\/wp-content\/uploads\/2022\/09\/privacy-policy-xtemos-logo.svg\" title=\"privacy-policy-xtemos-logo\" width=\"80\" height=\"80\">\n\t\t\t\t\t<\/div>\n\t\t\n\t\t<div id=\"wd-63189c88af226\" class=\"title-wrapper wd-wpb set-mb-s reset-last-child  wd-rs-63189c88af226 wd-title-color-default wd-title-style-default text-center vc_custom_1662557326671 wd-underline-colored\">\n\t\t\t\n\t\t\t<div class=\"liner-continer\">\n\t\t\t\t<h3 class=\"woodmart-title-container title  wd-font-weight- wd-fontsize-xxl\" >Quem n\u00f3s somos<\/h3>\n\t\t\t\t\t\t\t<\/div>\n\t\t\t\n\t\t\t\n\t\t\t\n\t\t<\/div>\n\t\t\n\t\t\t\t<div id=\"wd-64ed4f36c3e83\" class=\"wd-text-block wd-wpb reset-last-child wd-rs-64ed4f36c3e83 text-center wd-fontsize-custom vc_custom_1693273968368\">\n\t\t\t<p>Como uma empresa direta de f\u00e1brica e marketing em Yiwu, China, o fabricante de acess\u00f3rios para celulares Yiwu Xuanying est\u00e1 comprometido em respeitar os desejos de seus clientes no que diz respeito \u00e0 privacidade. Lidamos com discri\u00e7\u00e3o todas as informa\u00e7\u00f5es dos clientes em termos de contas, transa\u00e7\u00f5es e correspond\u00eancia. As pol\u00edticas listadas na declara\u00e7\u00e3o abaixo referem-se a pedidos on-line.<\/p>\n\t\t<\/div>\n\t\t[\/vc_column][\/vc_row][vc_row css=&#8221;.vc_custom_1661351908031{margin-right: 0px !important;margin-left: 0px !important;border-top-width: 1px !important;border-right-width: 1px !important;border-bottom-width: 1px !important;border-left-width: 1px !important;padding-top: 30px !important;padding-right: 15px !important;padding-bottom: 30px !important;padding-left: 15px !important;background-color: #ffffff !important;border-left-color: #e7e7e7 !important;border-left-style: solid !important;border-right-color: #e7e7e7 !important;border-right-style: solid !important;border-top-color: #e7e7e7 !important;border-top-style: solid !important;border-bottom-color: #e7e7e7 !important;border-bottom-style: solid !important;border-radius: 10px !important;}&#8221; woodmart_css_id=&#8221;630637e02ab39&#8243; responsive_spacing=&#8221;eyJwYXJhbV90eXBlIjoid29vZG1hcnRfcmVzcG9uc2l2ZV9zcGFjaW5nIiwic2VsZWN0b3JfaWQiOiI2MzA2MzdlMDJhYjM5Iiwic2hvcnRjb2RlIjoidmNfcm93IiwiZGF0YSI6eyJ0YWJsZXQiOnt9LCJtb2JpbGUiOnt9fX0=&#8221; mobile_bg_img_hidden=&#8221;no&#8221; tablet_bg_img_hidden=&#8221;no&#8221; woodmart_parallax=&#8221;0&#8243; woodmart_gradient_switch=&#8221;no&#8221; woodmart_box_shadow=&#8221;no&#8221; wd_z_index=&#8221;no&#8221; woodmart_disable_overflow=&#8221;0&#8243; row_reverse_mobile=&#8221;0&#8243; row_reverse_tablet=&#8221;0&#8243;][vc_column css=&#8221;.vc_custom_1527238251732{padding-top: 0px !important;}&#8221;]\t\t<div id=\"wd-64ed4faadb68f\" class=\"wd-text-block wd-wpb reset-last-child wd-rs-64ed4faadb68f text-left wd-font-weight-600 color-title wd-fontsize-m font-primary vc_custom_1693274034119\">\n\t\t\t<h4>Coleta de informa\u00e7\u00f5es pessoais<\/h4>\n<p>A \u00fanica informa\u00e7\u00e3o pessoal recolhida por n\u00f3s atrav\u00e9s do nosso site \u00e9 a informa\u00e7\u00e3o que nos \u00e9 submetida voluntariamente pelos nossos clientes. Nenhuma informa\u00e7\u00e3o pessoal \u00e9 obtida simplesmente navegando no site. Coletamos informa\u00e7\u00f5es de uso do site, como n\u00famero de p\u00e1ginas visitadas, informa\u00e7\u00f5es de navega\u00e7\u00e3o, tempo de perman\u00eancia, nomes dos navegadores usados e outras informa\u00e7\u00f5es n\u00e3o pessoalmente identific\u00e1veis. Informa\u00e7\u00f5es da mousegluetrap por meio de ofertas por e-mail Cadastrar-se em nossa lista de e-mail d\u00e1 a voc\u00ea o direito de receber ofertas especiais para economizar dinheiro, lan\u00e7amentos de novas variedades, dicas de cultivo e outras informa\u00e7\u00f5es. Suas informa\u00e7\u00f5es podem ser combinadas com outras informa\u00e7\u00f5es de identifica\u00e7\u00e3o pessoal, como dados demogr\u00e1ficos e informa\u00e7\u00f5es de compras anteriores, para tornar nossos esfor\u00e7os de marketing futuros mais eficientes. Quando voc\u00ea nos fornece voluntariamente informa\u00e7\u00f5es pessoais, voc\u00ea tem a op\u00e7\u00e3o de cancelar o recebimento de e-mails. Voc\u00ea tamb\u00e9m pode mudar de ideia e cancelar a assinatura posteriormente, pois cada e-mail que lhe enviarmos incluir\u00e1 uma descri\u00e7\u00e3o do processo simples para permitir que voc\u00ea pare de receber nossos e-mails futuros. Caso opte por cancelar a assinatura do programa de e-mail GardenTrends, voc\u00ea s\u00f3 receber\u00e1 nossas comunica\u00e7\u00f5es por correio, telefone ou e-mail no que se refere ao seu pedido.<\/p>\n\t\t<\/div>\n\t\t\t\t<div id=\"wd-64ed4fc761e9c\" class=\"wd-text-block wd-wpb reset-last-child wd-rs-64ed4fc761e9c text-left wd-fontsize-custom vc_custom_1693274068327\">\n\t\t\t<h4>Seguran\u00e7a<\/h4>\n<p>Nossa loja foi validada e \u00e9 segura para transa\u00e7\u00f5es online. As informa\u00e7\u00f5es de cart\u00e3o de cr\u00e9dito que voc\u00ea fornece on-line s\u00e3o criptografadas e usadas apenas no \u00e2mbito de transa\u00e7\u00f5es normais entre voc\u00ea, a mousegluetrap e nossas institui\u00e7\u00f5es banc\u00e1rias.<\/p>\n\t\t<\/div>\n\t\t[\/vc_column][\/vc_row]<\/p>\n<\/div>","protected":false},"excerpt":{"rendered":"<p>[vc_row full_width=&#8221;stretch_row&#8221; css=&#8221;.vc_custom_1632839216632{margin-top: -40px !important;margin-bottom: 80px !important;padding-top: 80px !important;padding-bottom: 80px !important;background-color: #f8f8f8 !important;}&#8221; woodmart_box_shadow=&#8221;no&#8221; wd_z_index=&#8221;no&#8221; woodmart_css_id=&#8221;61532621076cc&#8221; responsive_spacing=&#8221;eyJwYXJhbV90eXBlIjoid29vZG1hcnRfcmVzcG9uc2l2ZV9zcGFjaW5nIiwic2VsZWN0b3JfaWQiOiI2MTUzMjYyMTA3NmNjIiwic2hvcnRjb2RlIjoidmNfcm93IiwiZGF0YSI6eyJ0YWJsZXQiOnsibWFyZ2luLWJvdHRvbSI6IjYwIiwicGFkZGluZy10b3AiOiI2MCIsInBhZGRpbmctYm90dG9tIjoiNjAifSwibW9iaWxlIjp7fX19&#8243; mobile_bg_img_hidden=&#8221;no&#8221; tablet_bg_img_hidden=&#8221;no&#8221; woodmart_parallax=&#8221;0&#8243;<\/p>\n","protected":false},"author":1,"featured_media":0,"parent":0,"menu_order":0,"comment_status":"closed","ping_status":"closed","template":"","meta":{"_seopress_robots_primary_cat":"","_seopress_titles_title":"","_seopress_titles_desc":"","_seopress_robots_index":"","footnotes":""},"class_list":["post-2308","page","type-page","status-publish","hentry"],"_links":{"self":[{"href":"https:\/\/www.phoneaccessories.top\/pt-br\/wp-json\/wp\/v2\/pages\/2308","targetHints":{"allow":["GET"]}}],"collection":[{"href":"https:\/\/www.phoneaccessories.top\/pt-br\/wp-json\/wp\/v2\/pages"}],"about":[{"href":"https:\/\/www.phoneaccessories.top\/pt-br\/wp-json\/wp\/v2\/types\/page"}],"author":[{"embeddable":true,"href":"https:\/\/www.phoneaccessories.top\/pt-br\/wp-json\/wp\/v2\/users\/1"}],"replies":[{"embeddable":true,"href":"https:\/\/www.phoneaccessories.top\/pt-br\/wp-json\/wp\/v2\/comments?post=2308"}],"version-history":[{"count":2,"href":"https:\/\/www.phoneaccessories.top\/pt-br\/wp-json\/wp\/v2\/pages\/2308\/revisions"}],"predecessor-version":[{"id":2310,"href":"https:\/\/www.phoneaccessories.top\/pt-br\/wp-json\/wp\/v2\/pages\/2308\/revisions\/2310"}],"wp:attachment":[{"href":"https:\/\/www.phoneaccessories.top\/pt-br\/wp-json\/wp\/v2\/media?parent=2308"}],"curies":[{"name":"wp","href":"https:\/\/api.w.org\/{rel}","templated":true}]}}