{"id":2513,"date":"2023-10-20T02:52:20","date_gmt":"2023-10-20T02:52:20","guid":{"rendered":"https:\/\/www.phoneaccessories.top\/p\/fone-de-ouvido-sem-fio-gamer-x15-tws-earbuds\/"},"modified":"2023-10-20T03:14:06","modified_gmt":"2023-10-20T03:14:06","slug":"fone-de-ouvido-sem-fio-gamer-x15-tws-earbuds","status":"publish","type":"product","link":"https:\/\/www.phoneaccessories.top\/pt-br\/p\/fone-de-ouvido-sem-fio-gamer-x15-tws-earbuds\/","title":{"rendered":"Fone de ouvido sem fio Gamer x15 Tws Earbuds"},"content":{"rendered":"<div class=\"wpb-content-wrapper\"><p>[vc_row content_placement=&#8221;middle&#8221; css=&#8221;.vc_custom_1661859699693{margin-bottom: 30px !important;}&#8221; woodmart_css_id=&#8221;630df76a36754&#8243; responsive_spacing=&#8221;eyJwYXJhbV90eXBlIjoid29vZG1hcnRfcmVzcG9uc2l2ZV9zcGFjaW5nIiwic2VsZWN0b3JfaWQiOiI2MzBkZjc2YTM2NzU0Iiwic2hvcnRjb2RlIjoidmNfcm93IiwiZGF0YSI6eyJ0YWJsZXQiOnsibWFyZ2luLWJvdHRvbSI6IjEwIn0sIm1vYmlsZSI6e319fQ==&#8221; mobile_bg_img_hidden=&#8221;no&#8221; tablet_bg_img_hidden=&#8221;no&#8221; woodmart_parallax=&#8221;0&#8243; woodmart_gradient_switch=&#8221;no&#8221; woodmart_box_shadow=&#8221;no&#8221; wd_z_index=&#8221;no&#8221; woodmart_disable_overflow=&#8221;0&#8243; row_reverse_mobile=&#8221;0&#8243; row_reverse_tablet=&#8221;0&#8243;][vc_column offset=&#8221;vc_col-lg-6&#8243; woodmart_css_id=&#8221;630df61cde26b&#8221; parallax_scroll=&#8221;no&#8221; woodmart_sticky_column=&#8221;false&#8221; wd_collapsible_content_switcher=&#8221;no&#8221; wd_column_role_offcanvas_desktop=&#8221;no&#8221; wd_column_role_offcanvas_tablet=&#8221;no&#8221; wd_column_role_offcanvas_mobile=&#8221;no&#8221; wd_column_role_content_desktop=&#8221;no&#8221; wd_column_role_content_tablet=&#8221;no&#8221; wd_column_role_content_mobile=&#8221;no&#8221; mobile_bg_img_hidden=&#8221;no&#8221; tablet_bg_img_hidden=&#8221;no&#8221; woodmart_parallax=&#8221;0&#8243; woodmart_box_shadow=&#8221;no&#8221; responsive_spacing=&#8221;eyJwYXJhbV90eXBlIjoid29vZG1hcnRfcmVzcG9uc2l2ZV9zcGFjaW5nIiwic2VsZWN0b3JfaWQiOiI2MzBkZjYxY2RlMjZiIiwic2hvcnRjb2RlIjoidmNfY29sdW1uIiwiZGF0YSI6eyJ0YWJsZXQiOnt9LCJtb2JpbGUiOnt9fX0=&#8221; mobile_reset_margin=&#8221;no&#8221; tablet_reset_margin=&#8221;no&#8221; wd_z_index=&#8221;no&#8221;]\t\t<div id=\"gallery_657\" class=\"wd-images-gallery wd-wpb wd-rs-6531e98e2c22a vc_custom_1697769888920\" style=\"--wd-justify-content:center;--wd-align-items:center;\">\n\t\t\t\n\t\t\t<div class=\" wd-grid-g\" style=\"--wd-col-lg:2;--wd-col-md:2;--wd-col-sm:1;--wd-gap-lg:20px;--wd-gap-sm:10px;\">\n\t\t\t\t\n\t\t\t\t\t\t\t\t\t\t\t\t\t\t\t<div class=\"wd-gallery-item wd-col\">\n\t\t\t\t\t\t\t\n\t\t\t\t\t\t\t\t<img loading=\"lazy\" decoding=\"async\" width=\"800\" height=\"800\" src=\"https:\/\/www.phoneaccessories.top\/wp-content\/uploads\/2023\/10\/Gamer-x15-Tws-Earbuds-Wireless-Headphone-Headset_des.webp\" class=\"wd-gallery-image image-1\" alt=\"Gamer x15 Tws Earbuds Wireless Headphone Headset\" srcset=\"https:\/\/www.phoneaccessories.top\/wp-content\/uploads\/2023\/10\/Gamer-x15-Tws-Earbuds-Wireless-Headphone-Headset_des.webp 800w, https:\/\/www.phoneaccessories.top\/wp-content\/uploads\/2023\/10\/Gamer-x15-Tws-Earbuds-Wireless-Headphone-Headset_des-300x300.webp 300w, https:\/\/www.phoneaccessories.top\/wp-content\/uploads\/2023\/10\/Gamer-x15-Tws-Earbuds-Wireless-Headphone-Headset_des-150x150.webp 150w, https:\/\/www.phoneaccessories.top\/wp-content\/uploads\/2023\/10\/Gamer-x15-Tws-Earbuds-Wireless-Headphone-Headset_des-768x768.webp 768w, https:\/\/www.phoneaccessories.top\/wp-content\/uploads\/2023\/10\/Gamer-x15-Tws-Earbuds-Wireless-Headphone-Headset_des-600x600.webp 600w, https:\/\/www.phoneaccessories.top\/wp-content\/uploads\/2023\/10\/Gamer-x15-Tws-Earbuds-Wireless-Headphone-Headset_des-148x148.webp 148w\" sizes=\"auto, (max-width: 800px) 100vw, 800px\" \/>\n\t\t\t\t\t\t\t\t\t\t\t\t\t\t<\/div>\n\t\t\t\t\t\t\t\t\t\n\t\t\t\t\t\t\t<\/div>\n\n\t\t\t\t\t<\/div>\n\t\t[\/vc_column][vc_column offset=&#8221;vc_col-lg-6&#8243; woodmart_css_id=&#8221;630df6239bd04&#8243; parallax_scroll=&#8221;no&#8221; woodmart_sticky_column=&#8221;false&#8221; wd_collapsible_content_switcher=&#8221;no&#8221; wd_column_role_offcanvas_desktop=&#8221;no&#8221; wd_column_role_offcanvas_tablet=&#8221;no&#8221; wd_column_role_offcanvas_mobile=&#8221;no&#8221; wd_column_role_content_desktop=&#8221;no&#8221; wd_column_role_content_tablet=&#8221;no&#8221; wd_column_role_content_mobile=&#8221;no&#8221; mobile_bg_img_hidden=&#8221;no&#8221; tablet_bg_img_hidden=&#8221;no&#8221; woodmart_parallax=&#8221;0&#8243; woodmart_box_shadow=&#8221;no&#8221; responsive_spacing=&#8221;eyJwYXJhbV90eXBlIjoid29vZG1hcnRfcmVzcG9uc2l2ZV9zcGFjaW5nIiwic2VsZWN0b3JfaWQiOiI2MzBkZjYyMzliZDA0Iiwic2hvcnRjb2RlIjoidmNfY29sdW1uIiwiZGF0YSI6eyJ0YWJsZXQiOnt9LCJtb2JpbGUiOnt9fX0=&#8221; mobile_reset_margin=&#8221;no&#8221; tablet_reset_margin=&#8221;no&#8221; wd_z_index=&#8221;no&#8221;]\n\t\t<div id=\"wd-630cbe63d8566\" class=\"title-wrapper wd-wpb set-mb-s reset-last-child  wd-rs-630cbe63d8566 wd-title-color-default wd-title-style-default text-left vc_custom_1661779559595 wd-underline-colored\">\n\t\t\t\n\t\t\t<div class=\"liner-continer\">\n\t\t\t\t<h4 class=\"woodmart-title-container title  wd-font-weight- wd-fontsize-l\" >Caracter\u00edsticas<\/h4>\n\t\t\t\t\t\t\t<\/div>\n\t\t\t\n\t\t\t\n\t\t\t\n\t\t<\/div>\n\t\t\n\t\t\t\t<div id=\"wd-6531e90a65451\" class=\"wd-text-block wd-wpb reset-last-child wd-rs-6531e90a65451 text-left \">\n\t\t\t<div class=\"structure-row\">\n<div class=\"col-left\" data-spm-anchor-id=\"a2700.wholesale.0.i33.a4111a67wZUX4Q\">Comunica\u00e7\u00e3o: Sem Fio<\/div>\n<\/div>\n<div class=\"structure-row\">\n<div class=\"col-left\">Estilo: intra-auricular<\/div>\n<\/div>\n<div class=\"structure-row\">\n<div class=\"col-left\">Fun\u00e7\u00e3o: \u00e0 prova d&#8217;\u00e1gua, cancelamento de ru\u00eddo, microfone, display LED<\/div>\n<\/div>\n<div class=\"structure-row\">\n<div class=\"col-left\">Use reprodutor de m\u00eddia port\u00e1til, telefone celular, esportes, viagens<\/div>\n<\/div>\n<div class=\"structure-row\">\n<div class=\"col-left\">Padr\u00e3o \u00e0 prova d&#8217;\u00e1gua: IPX 0<\/div>\n<\/div>\n<div class=\"structure-row\">\n<div class=\"col-left\">Princ\u00edpio do vocalismo: tecnologia h\u00edbrida<\/div>\n<\/div>\n<div class=\"structure-row\">\n<div class=\"col-left\">Controle de volume: Sim<\/div>\n<\/div>\n<div class=\"structure-row\">\n<div class=\"col-left\">Tempo de atraso sem fio: menos de 30 ms<\/div>\n<\/div>\n<div class=\"structure-row\">\n<div class=\"col-left\">Indicador de bateria: LED<\/div>\n<\/div>\n<div class=\"structure-row\"><\/div>\n<div class=\"structure-row\">\n<div class=\"col-right\">Comprimento do cabo: Sem Fio<\/div>\n<\/div>\n<div class=\"structure-row\">\n<div class=\"col-left\">Codecs: APT-X<\/div>\n<\/div>\n<div class=\"structure-row\">\n<div class=\"col-left\">Chipset: JL<\/div>\n<\/div>\n<div class=\"structure-row\">\n<div class=\"col-left\">Material: ABS+Metal<\/div>\n<\/div>\n<div class=\"structure-row\">\n<div class=\"col-left\">Vers\u00e3o BT: V5.0+EDR<\/div>\n<\/div>\n<div class=\"structure-row\">\n<div class=\"col-left\">Chipset: JULI -High End<\/div>\n<\/div>\n<div class=\"structure-row\">\n<div class=\"col-left\">Perfil de suporte: A2DPV1.3,AVCTPV1.4,AVDTPV1.3,AVRCPV1.6,GAVDPV1.3,HFPV1.7,<\/div>\n<\/div>\n<div class=\"structure-row\">\n<div class=\"col-left\">Frequ\u00eancia de trabalho: 2.402GHz-2.480GHz<\/div>\n<\/div>\n<div class=\"structure-row\">\n<div class=\"col-left\">Tempo de jogo: 4 horas<\/div>\n<\/div>\n<div class=\"structure-row\">\n<div class=\"col-left\">Tempo de chamada: 4 horas<\/div>\n<\/div>\n<div class=\"structure-row\">\n<div class=\"col-left\">Tempo de carregamento: 1,5 horas<\/div>\n<\/div>\n<div class=\"structure-row\">\n<div class=\"col-left\">Palavra-chave: fone de ouvido para jogos<\/div>\n<\/div>\n<div class=\"structure-row\">\n<div class=\"col-left\">Suporte de perfil: HSP\/HFP\/A2DP\/AVRCP<\/div>\n<\/div>\n\t\t<\/div>\n\t\t[vc_row_inner][vc_column_inner width=&#8221;1\/3&#8243;]\n\t\t<ul class=\" wd-rs-6329ddeed2dbc wd-list wd-wpb color-scheme-custom wd-fontsize-s wd-list-type-icon wd-list-style-default wd-justify-left \" id=\"wd-6329ddeed2dbc\">\n\t\t\t\t\t\t\t\t\t\t\t<li>\n\t\t\t\t\t<img loading=\"lazy\" decoding=\"async\"  src=\"https:\/\/www.phoneaccessories.top\/wp-content\/uploads\/2022\/09\/ecology.svg\" title=\"ecology\" width=\"25\" height=\"25\">\n\t\t\t\t\t<span class=\"list-content\">Ecology<\/span>\n\t\t\t\t\t\t\t\t\t<\/li>\n\t\t\t\t\t\t\t\t\t\t\t<li>\n\t\t\t\t\t<img loading=\"lazy\" decoding=\"async\"  src=\"https:\/\/www.phoneaccessories.top\/wp-content\/uploads\/2022\/09\/chargers.svg\" title=\"chargers\" width=\"25\" height=\"25\">\n\t\t\t\t\t<span class=\"list-content\">Chargers<\/span>\n\t\t\t\t\t\t\t\t\t<\/li>\n\t\t\t\t\t<\/ul>\n\t\t[\/vc_column_inner][vc_column_inner width=&#8221;1\/3&#8243;]\n\t\t<ul class=\" wd-rs-6329de09c6490 wd-list wd-wpb color-scheme-custom wd-fontsize-s wd-list-type-icon wd-list-style-default wd-justify-left vc_custom_1663688215487\" id=\"wd-6329de09c6490\">\n\t\t\t\t\t\t\t\t\t\t\t<li>\n\t\t\t\t\t<img loading=\"lazy\" decoding=\"async\"  src=\"https:\/\/www.phoneaccessories.top\/wp-content\/uploads\/2022\/09\/creativity.svg\" title=\"creativity\" width=\"25\" height=\"25\">\n\t\t\t\t\t<span class=\"list-content\">Creativity<\/span>\n\t\t\t\t\t\t\t\t\t<\/li>\n\t\t\t\t\t\t\t\t\t\t\t<li>\n\t\t\t\t\t<img loading=\"lazy\" decoding=\"async\"  src=\"https:\/\/www.phoneaccessories.top\/wp-content\/uploads\/2022\/09\/mag-safe.svg\" title=\"mag-safe\" width=\"25\" height=\"25\">\n\t\t\t\t\t<span class=\"list-content\">MagSafe<\/span>\n\t\t\t\t\t\t\t\t\t<\/li>\n\t\t\t\t\t<\/ul>\n\t\t[\/vc_column_inner][vc_column_inner width=&#8221;1\/3&#8243;]\n\t\t<ul class=\" wd-rs-6329de1889ca0 wd-list wd-wpb color-scheme-custom wd-fontsize-s wd-list-type-icon wd-list-style-default wd-justify-left \" id=\"wd-6329de1889ca0\">\n\t\t\t\t\t\t\t\t\t\t\t<li>\n\t\t\t\t\t<img loading=\"lazy\" decoding=\"async\"  src=\"https:\/\/www.phoneaccessories.top\/wp-content\/uploads\/2022\/09\/materials.svg\" title=\"materials\" width=\"25\" height=\"25\">\n\t\t\t\t\t<span class=\"list-content\">Materials<\/span>\n\t\t\t\t\t\t\t\t\t<\/li>\n\t\t\t\t\t\t\t\t\t\t\t<li>\n\t\t\t\t\t<img loading=\"lazy\" decoding=\"async\"  src=\"https:\/\/www.phoneaccessories.top\/wp-content\/uploads\/2022\/09\/power-cables.svg\" title=\"power-cables\" width=\"25\" height=\"25\">\n\t\t\t\t\t<span class=\"list-content\">Power & Cables<\/span>\n\t\t\t\t\t\t\t\t\t<\/li>\n\t\t\t\t\t<\/ul>\n\t\t[\/vc_column_inner][\/vc_row_inner][\/vc_column][\/vc_row][vc_row content_placement=&#8221;middle&#8221; css=&#8221;.vc_custom_1661859720606{margin-bottom: 30px !important;}&#8221; woodmart_css_id=&#8221;630df782efede&#8221; responsive_spacing=&#8221;eyJwYXJhbV90eXBlIjoid29vZG1hcnRfcmVzcG9uc2l2ZV9zcGFjaW5nIiwic2VsZWN0b3JfaWQiOiI2MzBkZjc4MmVmZWRlIiwic2hvcnRjb2RlIjoidmNfcm93IiwiZGF0YSI6eyJ0YWJsZXQiOnsibWFyZ2luLWJvdHRvbSI6IjEwIn0sIm1vYmlsZSI6e319fQ==&#8221; mobile_bg_img_hidden=&#8221;no&#8221; tablet_bg_img_hidden=&#8221;no&#8221; woodmart_parallax=&#8221;0&#8243; woodmart_gradient_switch=&#8221;no&#8221; woodmart_box_shadow=&#8221;no&#8221; wd_z_index=&#8221;no&#8221; woodmart_disable_overflow=&#8221;0&#8243; row_reverse_mobile=&#8221;0&#8243; row_reverse_tablet=&#8221;1&#8243;][vc_column offset=&#8221;vc_col-lg-6&#8243; woodmart_css_id=&#8221;630df69a597f9&#8243; parallax_scroll=&#8221;no&#8221; woodmart_sticky_column=&#8221;false&#8221; wd_collapsible_content_switcher=&#8221;no&#8221; wd_column_role_offcanvas_desktop=&#8221;no&#8221; wd_column_role_offcanvas_tablet=&#8221;no&#8221; wd_column_role_offcanvas_mobile=&#8221;no&#8221; wd_column_role_content_desktop=&#8221;no&#8221; wd_column_role_content_tablet=&#8221;no&#8221; wd_column_role_content_mobile=&#8221;no&#8221; mobile_bg_img_hidden=&#8221;no&#8221; tablet_bg_img_hidden=&#8221;no&#8221; woodmart_parallax=&#8221;0&#8243; woodmart_box_shadow=&#8221;no&#8221; responsive_spacing=&#8221;eyJwYXJhbV90eXBlIjoid29vZG1hcnRfcmVzcG9uc2l2ZV9zcGFjaW5nIiwic2VsZWN0b3JfaWQiOiI2MzBkZjY5YTU5N2Y5Iiwic2hvcnRjb2RlIjoidmNfY29sdW1uIiwiZGF0YSI6eyJ0YWJsZXQiOnt9LCJtb2JpbGUiOnt9fX0=&#8221; mobile_reset_margin=&#8221;no&#8221; tablet_reset_margin=&#8221;no&#8221; wd_z_index=&#8221;no&#8221;]\n\t\t<div id=\"wd-64d2fdbd0b283\" class=\"title-wrapper wd-wpb set-mb-s reset-last-child  wd-rs-64d2fdbd0b283 wd-title-color-default wd-title-style-default text-left vc_custom_1691549124766 wd-underline-colored\">\n\t\t\t\n\t\t\t<div class=\"liner-continer\">\n\t\t\t\t<h4 class=\"woodmart-title-container title  wd-font-weight- wd-fontsize-l\" >Descri\u00e7\u00e3o<\/h4>\n\t\t\t\t\t\t\t<\/div>\n\t\t\t\n\t\t\t\n\t\t\t\n\t\t<\/div>\n\t\t\n\t\t\t\t<div id=\"wd-6531e9cf2462c\" class=\"wd-text-block wd-wpb reset-last-child wd-rs-6531e9cf2462c text-left \">\n\t\t\t<div class=\"detailmodule_text\" align=\"start\">\n<p align=\"left\"><span style=\"font-family: Verdana; color: #000000;\">1. Vers\u00e3o BT: 5.0<\/span><\/p>\n<div>\n<div>\n<div data-spm-anchor-id=\"a2700.wholesale.0.i34.a4111a67wZUX4Q\"><span class=\"magic-7\" style=\"color: #000000;\"><span class=\"magic-7\"><span class=\"magic-7\" style=\"font-family: Verdana;\"><span class=\"magic-14\">2. Dist\u00e2ncia de transmiss\u00e3o: 10m<br \/>\n3. Capacidade da bateria do fone de ouvido:30mAh<br \/>\n4. Capacidade da bateria da caixa de carregamento:200mAh<br \/>\n5. M\u00e9todo de carregamento: carregamento de tomada USB da caixa de carregamento, carregamento magn\u00e9tico do fone de ouvido<br \/>\n6. Tempo de carregamento do fone de ouvido: cerca de 30 minutos<br \/>\n7. Tempo de carregamento da caixa de carregamento: cerca de 2 horas<br \/>\n8. Vida \u00fatil do fone de ouvido: cerca de 2,5 horas<br \/>\n9. Frequ\u00eancia de carregamento da caixa de carregamento: cerca de 3 vezes;<\/span><\/span><\/span><\/span><\/div>\n<\/div>\n<\/div>\n<\/div>\n\t\t<\/div>\n\t\t[\/vc_column][vc_column offset=&#8221;vc_col-lg-6&#8243; woodmart_css_id=&#8221;630df69f514f6&#8243; parallax_scroll=&#8221;no&#8221; woodmart_sticky_column=&#8221;false&#8221; wd_collapsible_content_switcher=&#8221;no&#8221; wd_column_role_offcanvas_desktop=&#8221;no&#8221; wd_column_role_offcanvas_tablet=&#8221;no&#8221; wd_column_role_offcanvas_mobile=&#8221;no&#8221; wd_column_role_content_desktop=&#8221;no&#8221; wd_column_role_content_tablet=&#8221;no&#8221; wd_column_role_content_mobile=&#8221;no&#8221; mobile_bg_img_hidden=&#8221;no&#8221; tablet_bg_img_hidden=&#8221;no&#8221; woodmart_parallax=&#8221;0&#8243; woodmart_box_shadow=&#8221;no&#8221; responsive_spacing=&#8221;eyJwYXJhbV90eXBlIjoid29vZG1hcnRfcmVzcG9uc2l2ZV9zcGFjaW5nIiwic2VsZWN0b3JfaWQiOiI2MzBkZjY5ZjUxNGY2Iiwic2hvcnRjb2RlIjoidmNfY29sdW1uIiwiZGF0YSI6eyJ0YWJsZXQiOnt9LCJtb2JpbGUiOnt9fX0=&#8221; mobile_reset_margin=&#8221;no&#8221; tablet_reset_margin=&#8221;no&#8221; wd_z_index=&#8221;no&#8221;]\t\t<div id=\"wd-6531ea7ab6128\" class=\"wd-image wd-wpb wd-rs-6531ea7ab6128 text-left \">\n\t\t\t\n\t\t\t<img loading=\"lazy\" decoding=\"async\" width=\"800\" height=\"800\" src=\"https:\/\/www.phoneaccessories.top\/wp-content\/uploads\/2023\/10\/Gamer-x15-Tws-Earbuds-Wireless-Headphone-Headset_function.webp\" class=\"attachment-full size-full\" alt=\"Gamer x15 Tws Earbuds Wireless Headphone Headset\" srcset=\"https:\/\/www.phoneaccessories.top\/wp-content\/uploads\/2023\/10\/Gamer-x15-Tws-Earbuds-Wireless-Headphone-Headset_function.webp 800w, https:\/\/www.phoneaccessories.top\/wp-content\/uploads\/2023\/10\/Gamer-x15-Tws-Earbuds-Wireless-Headphone-Headset_function-300x300.webp 300w, https:\/\/www.phoneaccessories.top\/wp-content\/uploads\/2023\/10\/Gamer-x15-Tws-Earbuds-Wireless-Headphone-Headset_function-150x150.webp 150w, https:\/\/www.phoneaccessories.top\/wp-content\/uploads\/2023\/10\/Gamer-x15-Tws-Earbuds-Wireless-Headphone-Headset_function-768x768.webp 768w, https:\/\/www.phoneaccessories.top\/wp-content\/uploads\/2023\/10\/Gamer-x15-Tws-Earbuds-Wireless-Headphone-Headset_function-600x600.webp 600w, https:\/\/www.phoneaccessories.top\/wp-content\/uploads\/2023\/10\/Gamer-x15-Tws-Earbuds-Wireless-Headphone-Headset_function-148x148.webp 148w\" sizes=\"auto, (max-width: 800px) 100vw, 800px\" \/>\n\t\t\t\t\t<\/div>\n\t\t[\/vc_column][\/vc_row]<\/p>\n<\/div>","protected":false},"excerpt":{"rendered":"<p>[vc_row content_placement=&#8221;middle&#8221; css=&#8221;.vc_custom_1661859699693{margin-bottom: 30px !important;}&#8221; woodmart_css_id=&#8221;630df76a36754&#8243; responsive_spacing=&#8221;eyJwYXJhbV90eXBlIjoid29vZG1hcnRfcmVzcG9uc2l2ZV9zcGFjaW5nIiwic2VsZWN0b3JfaWQiOiI2MzBkZjc2YTM2NzU0Iiwic2hvcnRjb2RlIjoidmNfcm93IiwiZGF0YSI6eyJ0YWJsZXQiOnsibWFyZ2luLWJvdHRvbSI6IjEwIn0sIm1vYmlsZSI6e319fQ==&#8221; mobile_bg_img_hidden=&#8221;no&#8221; tablet_bg_img_hidden=&#8221;no&#8221; woodmart_parallax=&#8221;0&#8243; woodmart_gradient_switch=&#8221;no&#8221; woodmart_box_shadow=&#8221;no&#8221; wd_z_index=&#8221;no&#8221; woodmart_disable_overflow=&#8221;0&#8243; row_reverse_mobile=&#8221;0&#8243; row_reverse_tablet=&#8221;0&#8243;][vc_column offset=&#8221;vc_col-lg-6&#8243; woodmart_css_id=&#8221;630df61cde26b&#8221; parallax_scroll=&#8221;no&#8221; woodmart_sticky_column=&#8221;false&#8221;<\/p>\n","protected":false},"featured_media":2490,"template":"","meta":{"_seopress_robots_primary_cat":"none","_seopress_titles_title":"Gamer x15 Tws Fones de ouvido sem fio Fone de ouvido Bluetooth Mini fone de ouvido","_seopress_titles_desc":"Gamer x15 tws fones de ouvido sem fio redu\u00e7\u00e3o ru\u00eddo bluetooth 5.0 mini baixa lat\u00eancia tws fones de ouvido sem fio para jogos","_seopress_robots_index":""},"product_brand":[],"product_cat":[108],"product_tag":[343],"class_list":{"0":"post-2513","1":"product","2":"type-product","3":"status-publish","4":"has-post-thumbnail","6":"product_cat-fone-de-ouvido","7":"product_tag-x15-pt-br","9":"first","10":"instock","11":"featured","12":"shipping-taxable","13":"product-type-simple"},"_links":{"self":[{"href":"https:\/\/www.phoneaccessories.top\/pt-br\/wp-json\/wp\/v2\/product\/2513","targetHints":{"allow":["GET"]}}],"collection":[{"href":"https:\/\/www.phoneaccessories.top\/pt-br\/wp-json\/wp\/v2\/product"}],"about":[{"href":"https:\/\/www.phoneaccessories.top\/pt-br\/wp-json\/wp\/v2\/types\/product"}],"wp:featuredmedia":[{"embeddable":true,"href":"https:\/\/www.phoneaccessories.top\/pt-br\/wp-json\/wp\/v2\/media\/2490"}],"wp:attachment":[{"href":"https:\/\/www.phoneaccessories.top\/pt-br\/wp-json\/wp\/v2\/media?parent=2513"}],"wp:term":[{"taxonomy":"product_brand","embeddable":true,"href":"https:\/\/www.phoneaccessories.top\/pt-br\/wp-json\/wp\/v2\/product_brand?post=2513"},{"taxonomy":"product_cat","embeddable":true,"href":"https:\/\/www.phoneaccessories.top\/pt-br\/wp-json\/wp\/v2\/product_cat?post=2513"},{"taxonomy":"product_tag","embeddable":true,"href":"https:\/\/www.phoneaccessories.top\/pt-br\/wp-json\/wp\/v2\/product_tag?post=2513"}],"curies":[{"name":"wp","href":"https:\/\/api.w.org\/{rel}","templated":true}]}}