{"id":2656,"date":"2024-02-27T07:39:44","date_gmt":"2024-02-27T07:39:44","guid":{"rendered":"https:\/\/www.phoneaccessories.top\/p\/adaptador-de-cabo-4k-60hz-1080p-dvi-para-hdmi\/"},"modified":"2024-02-27T07:53:06","modified_gmt":"2024-02-27T07:53:06","slug":"adaptador-de-cabo-4k-60hz-1080p-dvi-para-hdmi","status":"publish","type":"product","link":"https:\/\/www.phoneaccessories.top\/pt-br\/p\/adaptador-de-cabo-4k-60hz-1080p-dvi-para-hdmi\/","title":{"rendered":"Adaptador de cabo 4K 60Hz 1080P DVI para HDMI"},"content":{"rendered":"<div class=\"wpb-content-wrapper\"><p>[vc_row content_placement=&#8221;middle&#8221; css=&#8221;.vc_custom_1661859699693{margin-bottom: 30px !important;}&#8221; woodmart_css_id=&#8221;630df76a36754&#8243; responsive_spacing=&#8221;eyJwYXJhbV90eXBlIjoid29vZG1hcnRfcmVzcG9uc2l2ZV9zcGFjaW5nIiwic2VsZWN0b3JfaWQiOiI2MzBkZjc2YTM2NzU0Iiwic2hvcnRjb2RlIjoidmNfcm93IiwiZGF0YSI6eyJ0YWJsZXQiOnsibWFyZ2luLWJvdHRvbSI6IjEwIn0sIm1vYmlsZSI6e319fQ==&#8221; mobile_bg_img_hidden=&#8221;no&#8221; tablet_bg_img_hidden=&#8221;no&#8221; woodmart_parallax=&#8221;0&#8243; woodmart_gradient_switch=&#8221;no&#8221; woodmart_box_shadow=&#8221;no&#8221; wd_z_index=&#8221;no&#8221; woodmart_disable_overflow=&#8221;0&#8243; row_reverse_mobile=&#8221;0&#8243; row_reverse_tablet=&#8221;0&#8243;][vc_column offset=&#8221;vc_col-lg-6&#8243; woodmart_css_id=&#8221;630df61cde26b&#8221; parallax_scroll=&#8221;no&#8221; woodmart_sticky_column=&#8221;false&#8221; wd_collapsible_content_switcher=&#8221;no&#8221; wd_column_role_offcanvas_desktop=&#8221;no&#8221; wd_column_role_offcanvas_tablet=&#8221;no&#8221; wd_column_role_offcanvas_mobile=&#8221;no&#8221; wd_column_role_content_desktop=&#8221;no&#8221; wd_column_role_content_tablet=&#8221;no&#8221; wd_column_role_content_mobile=&#8221;no&#8221; mobile_bg_img_hidden=&#8221;no&#8221; tablet_bg_img_hidden=&#8221;no&#8221; woodmart_parallax=&#8221;0&#8243; woodmart_box_shadow=&#8221;no&#8221; responsive_spacing=&#8221;eyJwYXJhbV90eXBlIjoid29vZG1hcnRfcmVzcG9uc2l2ZV9zcGFjaW5nIiwic2VsZWN0b3JfaWQiOiI2MzBkZjYxY2RlMjZiIiwic2hvcnRjb2RlIjoidmNfY29sdW1uIiwiZGF0YSI6eyJ0YWJsZXQiOnt9LCJtb2JpbGUiOnt9fX0=&#8221; mobile_reset_margin=&#8221;no&#8221; tablet_reset_margin=&#8221;no&#8221; wd_z_index=&#8221;no&#8221;]\t\t<div id=\"gallery_544\" class=\"wd-images-gallery wd-wpb wd-rs-65dd8fea48b1b vc_custom_1709019146446\" style=\"--wd-justify-content:center;--wd-align-items:center;\">\n\t\t\t\n\t\t\t<div class=\" wd-grid-g\" style=\"--wd-col-lg:2;--wd-col-md:2;--wd-col-sm:1;--wd-gap-lg:20px;--wd-gap-sm:10px;\">\n\t\t\t\t\n\t\t\t\t\t\t\t\t\t\t\t\t\t\t\t<div class=\"wd-gallery-item wd-col\">\n\t\t\t\t\t\t\t\n\t\t\t\t\t\t\t\t<img loading=\"lazy\" decoding=\"async\" width=\"800\" height=\"1106\" src=\"https:\/\/www.phoneaccessories.top\/wp-content\/uploads\/2024\/02\/Gold-Plated-HDMI-to-DVI-Cable-4K-60Hz-1080P-DVI-to-HDMI-Cable-Adapter-for-HDTV_view.jpg\" class=\"wd-gallery-image image-1\" alt=\"Gold Plated HDMI to DVI Cable 4K 60Hz 1080P DVI to HDMI Cable Adapter for HDTV_view\" srcset=\"https:\/\/www.phoneaccessories.top\/wp-content\/uploads\/2024\/02\/Gold-Plated-HDMI-to-DVI-Cable-4K-60Hz-1080P-DVI-to-HDMI-Cable-Adapter-for-HDTV_view.jpg 800w, https:\/\/www.phoneaccessories.top\/wp-content\/uploads\/2024\/02\/Gold-Plated-HDMI-to-DVI-Cable-4K-60Hz-1080P-DVI-to-HDMI-Cable-Adapter-for-HDTV_view-217x300.jpg 217w, https:\/\/www.phoneaccessories.top\/wp-content\/uploads\/2024\/02\/Gold-Plated-HDMI-to-DVI-Cable-4K-60Hz-1080P-DVI-to-HDMI-Cable-Adapter-for-HDTV_view-741x1024.jpg 741w, https:\/\/www.phoneaccessories.top\/wp-content\/uploads\/2024\/02\/Gold-Plated-HDMI-to-DVI-Cable-4K-60Hz-1080P-DVI-to-HDMI-Cable-Adapter-for-HDTV_view-768x1062.jpg 768w, https:\/\/www.phoneaccessories.top\/wp-content\/uploads\/2024\/02\/Gold-Plated-HDMI-to-DVI-Cable-4K-60Hz-1080P-DVI-to-HDMI-Cable-Adapter-for-HDTV_view-148x205.jpg 148w\" sizes=\"auto, (max-width: 800px) 100vw, 800px\" \/>\n\t\t\t\t\t\t\t\t\t\t\t\t\t\t<\/div>\n\t\t\t\t\t\t\t\t\t\n\t\t\t\t\t\t\t<\/div>\n\n\t\t\t\t\t<\/div>\n\t\t[\/vc_column][vc_column offset=&#8221;vc_col-lg-6&#8243; woodmart_css_id=&#8221;630df6239bd04&#8243; parallax_scroll=&#8221;no&#8221; woodmart_sticky_column=&#8221;false&#8221; wd_collapsible_content_switcher=&#8221;no&#8221; wd_column_role_offcanvas_desktop=&#8221;no&#8221; wd_column_role_offcanvas_tablet=&#8221;no&#8221; wd_column_role_offcanvas_mobile=&#8221;no&#8221; wd_column_role_content_desktop=&#8221;no&#8221; wd_column_role_content_tablet=&#8221;no&#8221; wd_column_role_content_mobile=&#8221;no&#8221; mobile_bg_img_hidden=&#8221;no&#8221; tablet_bg_img_hidden=&#8221;no&#8221; woodmart_parallax=&#8221;0&#8243; woodmart_box_shadow=&#8221;no&#8221; responsive_spacing=&#8221;eyJwYXJhbV90eXBlIjoid29vZG1hcnRfcmVzcG9uc2l2ZV9zcGFjaW5nIiwic2VsZWN0b3JfaWQiOiI2MzBkZjYyMzliZDA0Iiwic2hvcnRjb2RlIjoidmNfY29sdW1uIiwiZGF0YSI6eyJ0YWJsZXQiOnt9LCJtb2JpbGUiOnt9fX0=&#8221; mobile_reset_margin=&#8221;no&#8221; tablet_reset_margin=&#8221;no&#8221; wd_z_index=&#8221;no&#8221;]\n\t\t<div id=\"wd-630cbe63d8566\" class=\"title-wrapper wd-wpb set-mb-s reset-last-child  wd-rs-630cbe63d8566 wd-title-color-default wd-title-style-default text-left vc_custom_1661779559595 wd-underline-colored\">\n\t\t\t\n\t\t\t<div class=\"liner-continer\">\n\t\t\t\t<h4 class=\"woodmart-title-container title  wd-font-weight- wd-fontsize-l\" >Caracter\u00edsticas<\/h4>\n\t\t\t\t\t\t\t<\/div>\n\t\t\t\n\t\t\t\n\t\t\t\n\t\t<\/div>\n\t\t\n\t\t\t\t<div id=\"wd-65dd9014e73b9\" class=\"wd-text-block wd-wpb reset-last-child wd-rs-65dd9014e73b9 text-left \">\n\t\t\t<p>Tipo: HDMI, DVI<br \/>\nAplica\u00e7\u00e3o: COMPUTADOR, HDTV, HOME THEATRE, Multim\u00eddia, Monitor, Projetor<br \/>\nEmbalagem: SACO DE OPP<br \/>\nTipo de conector: HDMI<br \/>\nG\u00eanero: MASCULINO-MASCULINO<br \/>\nDi\u00e2metro externo: 6,0 mm<br \/>\nCor do conector: Ouro<br \/>\nBlindagem: Combina\u00e7\u00e3o<br \/>\nJaqueta: PVC<br \/>\nStatus dos produtos: estoque<br \/>\nCondutor: 24-30AWG TC\/BC\/CCS, banhado a ouro<br \/>\nNome do produto: cabo HDMI para DVI<br \/>\nCor preta<br \/>\nConector A: HDMI Macho<br \/>\nConector B: DVI Macho<br \/>\nMaterial: PVC<br \/>\nRecurso: resolu\u00e7\u00e3o de at\u00e9 1080p<br \/>\nSuporte: 1080P<br \/>\nQuantidade m\u00ednima: 100 PCS<\/p>\n\t\t<\/div>\n\t\t[vc_row_inner][vc_column_inner width=&#8221;1\/3&#8243;]\n\t\t<ul class=\" wd-rs-6329ddeed2dbc wd-list wd-wpb color-scheme-custom wd-fontsize-s wd-list-type-icon wd-list-style-default wd-justify-left \" id=\"wd-6329ddeed2dbc\">\n\t\t\t\t\t\t\t\t\t\t\t<li>\n\t\t\t\t\t<img loading=\"lazy\" decoding=\"async\"  src=\"https:\/\/www.phoneaccessories.top\/wp-content\/uploads\/2022\/09\/ecology.svg\" title=\"ecology\" width=\"25\" height=\"25\">\n\t\t\t\t\t<span class=\"list-content\">Ecology<\/span>\n\t\t\t\t\t\t\t\t\t<\/li>\n\t\t\t\t\t\t\t\t\t\t\t<li>\n\t\t\t\t\t<img loading=\"lazy\" decoding=\"async\"  src=\"https:\/\/www.phoneaccessories.top\/wp-content\/uploads\/2022\/09\/chargers.svg\" title=\"chargers\" width=\"25\" height=\"25\">\n\t\t\t\t\t<span class=\"list-content\">Chargers<\/span>\n\t\t\t\t\t\t\t\t\t<\/li>\n\t\t\t\t\t<\/ul>\n\t\t[\/vc_column_inner][vc_column_inner width=&#8221;1\/3&#8243;]\n\t\t<ul class=\" wd-rs-6329de09c6490 wd-list wd-wpb color-scheme-custom wd-fontsize-s wd-list-type-icon wd-list-style-default wd-justify-left vc_custom_1663688215487\" id=\"wd-6329de09c6490\">\n\t\t\t\t\t\t\t\t\t\t\t<li>\n\t\t\t\t\t<img loading=\"lazy\" decoding=\"async\"  src=\"https:\/\/www.phoneaccessories.top\/wp-content\/uploads\/2022\/09\/creativity.svg\" title=\"creativity\" width=\"25\" height=\"25\">\n\t\t\t\t\t<span class=\"list-content\">Creativity<\/span>\n\t\t\t\t\t\t\t\t\t<\/li>\n\t\t\t\t\t\t\t\t\t\t\t<li>\n\t\t\t\t\t<img loading=\"lazy\" decoding=\"async\"  src=\"https:\/\/www.phoneaccessories.top\/wp-content\/uploads\/2022\/09\/mag-safe.svg\" title=\"mag-safe\" width=\"25\" height=\"25\">\n\t\t\t\t\t<span class=\"list-content\">MagSafe<\/span>\n\t\t\t\t\t\t\t\t\t<\/li>\n\t\t\t\t\t<\/ul>\n\t\t[\/vc_column_inner][vc_column_inner width=&#8221;1\/3&#8243;]\n\t\t<ul class=\" wd-rs-6329de1889ca0 wd-list wd-wpb color-scheme-custom wd-fontsize-s wd-list-type-icon wd-list-style-default wd-justify-left \" id=\"wd-6329de1889ca0\">\n\t\t\t\t\t\t\t\t\t\t\t<li>\n\t\t\t\t\t<img loading=\"lazy\" decoding=\"async\"  src=\"https:\/\/www.phoneaccessories.top\/wp-content\/uploads\/2022\/09\/materials.svg\" title=\"materials\" width=\"25\" height=\"25\">\n\t\t\t\t\t<span class=\"list-content\">Materials<\/span>\n\t\t\t\t\t\t\t\t\t<\/li>\n\t\t\t\t\t\t\t\t\t\t\t<li>\n\t\t\t\t\t<img loading=\"lazy\" decoding=\"async\"  src=\"https:\/\/www.phoneaccessories.top\/wp-content\/uploads\/2022\/09\/power-cables.svg\" title=\"power-cables\" width=\"25\" height=\"25\">\n\t\t\t\t\t<span class=\"list-content\">Power & Cables<\/span>\n\t\t\t\t\t\t\t\t\t<\/li>\n\t\t\t\t\t<\/ul>\n\t\t[\/vc_column_inner][\/vc_row_inner][\/vc_column][\/vc_row][vc_row content_placement=&#8221;middle&#8221; css=&#8221;.vc_custom_1661859720606{margin-bottom: 30px !important;}&#8221; woodmart_css_id=&#8221;630df782efede&#8221; responsive_spacing=&#8221;eyJwYXJhbV90eXBlIjoid29vZG1hcnRfcmVzcG9uc2l2ZV9zcGFjaW5nIiwic2VsZWN0b3JfaWQiOiI2MzBkZjc4MmVmZWRlIiwic2hvcnRjb2RlIjoidmNfcm93IiwiZGF0YSI6eyJ0YWJsZXQiOnsibWFyZ2luLWJvdHRvbSI6IjEwIn0sIm1vYmlsZSI6e319fQ==&#8221; mobile_bg_img_hidden=&#8221;no&#8221; tablet_bg_img_hidden=&#8221;no&#8221; woodmart_parallax=&#8221;0&#8243; woodmart_gradient_switch=&#8221;no&#8221; woodmart_box_shadow=&#8221;no&#8221; wd_z_index=&#8221;no&#8221; woodmart_disable_overflow=&#8221;0&#8243; row_reverse_mobile=&#8221;0&#8243; row_reverse_tablet=&#8221;1&#8243;][vc_column offset=&#8221;vc_col-lg-6&#8243; woodmart_css_id=&#8221;630df69a597f9&#8243; parallax_scroll=&#8221;no&#8221; woodmart_sticky_column=&#8221;false&#8221; wd_collapsible_content_switcher=&#8221;no&#8221; wd_column_role_offcanvas_desktop=&#8221;no&#8221; wd_column_role_offcanvas_tablet=&#8221;no&#8221; wd_column_role_offcanvas_mobile=&#8221;no&#8221; wd_column_role_content_desktop=&#8221;no&#8221; wd_column_role_content_tablet=&#8221;no&#8221; wd_column_role_content_mobile=&#8221;no&#8221; mobile_bg_img_hidden=&#8221;no&#8221; tablet_bg_img_hidden=&#8221;no&#8221; woodmart_parallax=&#8221;0&#8243; woodmart_box_shadow=&#8221;no&#8221; responsive_spacing=&#8221;eyJwYXJhbV90eXBlIjoid29vZG1hcnRfcmVzcG9uc2l2ZV9zcGFjaW5nIiwic2VsZWN0b3JfaWQiOiI2MzBkZjY5YTU5N2Y5Iiwic2hvcnRjb2RlIjoidmNfY29sdW1uIiwiZGF0YSI6eyJ0YWJsZXQiOnt9LCJtb2JpbGUiOnt9fX0=&#8221; mobile_reset_margin=&#8221;no&#8221; tablet_reset_margin=&#8221;no&#8221; wd_z_index=&#8221;no&#8221;]\n\t\t<div id=\"wd-64d2fdbd0b283\" class=\"title-wrapper wd-wpb set-mb-s reset-last-child  wd-rs-64d2fdbd0b283 wd-title-color-default wd-title-style-default text-left vc_custom_1691549124766 wd-underline-colored\">\n\t\t\t\n\t\t\t<div class=\"liner-continer\">\n\t\t\t\t<h4 class=\"woodmart-title-container title  wd-font-weight- wd-fontsize-l\" >Descri\u00e7\u00e3o<\/h4>\n\t\t\t\t\t\t\t<\/div>\n\t\t\t\n\t\t\t\n\t\t\t\n\t\t<\/div>\n\t\t\n\t\t\t\t<div id=\"wd-65dd90a854252\" class=\"wd-text-block wd-wpb reset-last-child wd-rs-65dd90a854252 text-left \">\n\t\t\t<div class=\"J_module\">\n<div id=\"ali-anchor-AliMagic-gddeij\" class=\"magic-7\" data-section=\"AliMagic-gddeij\" data-section-title=\"Product Description\">Descri\u00e7\u00e3o do produto<\/div>\n<\/div>\n<div class=\"J_module\">\n<div class=\"ife-detail-decorate-table\">\n<table class=\"all magic-8\">\n<tbody>\n<tr>\n<td colspan=\"1\" rowspan=\"1\">\n<div class=\"magic-9\">Nome do Produto:<\/div>\n<\/td>\n<td colspan=\"3\" rowspan=\"1\">\n<div class=\"magic-10\">Cabo HDMI para DVI (24+1)<\/div>\n<\/td>\n<\/tr>\n<tr>\n<td colspan=\"1\" rowspan=\"1\">\n<div class=\"magic-9\">Cor:<\/div>\n<\/td>\n<td colspan=\"3\" rowspan=\"1\">\n<div class=\"magic-10\">Preto<\/div>\n<\/td>\n<\/tr>\n<tr>\n<td colspan=\"1\" rowspan=\"1\">\n<div class=\"magic-14\">Comprimento:<\/div>\n<\/td>\n<td colspan=\"3\" rowspan=\"1\">\n<div class=\"magic-15\">1m , 1.5m ,1.8m, 2m , 3m opcional<\/div>\n<\/td>\n<\/tr>\n<tr>\n<td colspan=\"1\" rowspan=\"1\">\n<div class=\"magic-14\"><span style=\"color: #000000;\">Tipo de conector:<\/span><\/div>\n<\/td>\n<td colspan=\"3\" rowspan=\"1\">\n<div class=\"magic-15\">HDMI , DVI-D<\/div>\n<\/td>\n<\/tr>\n<tr>\n<td colspan=\"1\" rowspan=\"1\">\n<div class=\"magic-14\">AWG:<\/div>\n<\/td>\n<td colspan=\"3\" rowspan=\"1\">\n<div class=\"magic-15\">30AWG<\/div>\n<\/td>\n<\/tr>\n<tr>\n<td colspan=\"1\" rowspan=\"1\">\n<div class=\"magic-14\">Di\u00e2metro do fio:<\/div>\n<\/td>\n<td colspan=\"3\" rowspan=\"1\">\n<div class=\"magic-15\">6.0mm<\/div>\n<\/td>\n<\/tr>\n<tr>\n<td colspan=\"1\" rowspan=\"1\">\n<div class=\"magic-14\">Resolu\u00e7\u00e3o:<\/div>\n<\/td>\n<td colspan=\"3\" rowspan=\"1\">\n<div class=\"magic-15\">1080P<\/div>\n<\/td>\n<\/tr>\n<tr>\n<td colspan=\"1\" rowspan=\"1\">\n<div class=\"magic-14\">Taxa de atualiza\u00e7\u00e3o:<\/div>\n<\/td>\n<td colspan=\"3\" rowspan=\"1\">\n<div class=\"magic-15\">Up to 1920&#215;1200 or 1080P<\/div>\n<\/td>\n<\/tr>\n<tr>\n<td colspan=\"1\" rowspan=\"1\">\n<div class=\"magic-9\">Material:<\/div>\n<\/td>\n<td colspan=\"3\" rowspan=\"1\">\n<div class=\"magic-10\">PVC<\/div>\n<\/td>\n<\/tr>\n<tr>\n<td colspan=\"1\" rowspan=\"1\">\n<div class=\"magic-9\">Produto em estoque:<\/div>\n<\/td>\n<td colspan=\"3\" rowspan=\"1\">\n<div class=\"magic-10\">Neutro sem logotipo<\/div>\n<\/td>\n<\/tr>\n<tr>\n<td colspan=\"1\" rowspan=\"1\">\n<div class=\"magic-9\">Pacote de varejo em estoque:<\/div>\n<\/td>\n<td colspan=\"3\" rowspan=\"1\">\n<div class=\"magic-10\" data-spm-anchor-id=\"a2700.wholesale.0.i85.296441feaxKVek\">Neutro sem logotipo<\/div>\n<\/td>\n<\/tr>\n<\/tbody>\n<\/table>\n<\/div>\n<\/div>\n\t\t<\/div>\n\t\t<div id=\"wd-630df814ba690\" class=\" wd-rs-630df814ba690 vc_custom_1661859865387 wd-button-wrapper text-left\"><a href=\"http:\/\/www.phoneaccessories.top\/accessories\/faqs\/\" title=\"perguntas frequentes\" class=\"btn btn-color-primary btn-style-default btn-style-semi-round btn-size-default\">Perguntas e Respostas<\/a><\/div>[\/vc_column][vc_column offset=&#8221;vc_col-lg-6&#8243; woodmart_css_id=&#8221;630df69f514f6&#8243; parallax_scroll=&#8221;no&#8221; woodmart_sticky_column=&#8221;false&#8221; wd_collapsible_content_switcher=&#8221;no&#8221; wd_column_role_offcanvas_desktop=&#8221;no&#8221; wd_column_role_offcanvas_tablet=&#8221;no&#8221; wd_column_role_offcanvas_mobile=&#8221;no&#8221; wd_column_role_content_desktop=&#8221;no&#8221; wd_column_role_content_tablet=&#8221;no&#8221; wd_column_role_content_mobile=&#8221;no&#8221; mobile_bg_img_hidden=&#8221;no&#8221; tablet_bg_img_hidden=&#8221;no&#8221; woodmart_parallax=&#8221;0&#8243; woodmart_box_shadow=&#8221;no&#8221; responsive_spacing=&#8221;eyJwYXJhbV90eXBlIjoid29vZG1hcnRfcmVzcG9uc2l2ZV9zcGFjaW5nIiwic2VsZWN0b3JfaWQiOiI2MzBkZjY5ZjUxNGY2Iiwic2hvcnRjb2RlIjoidmNfY29sdW1uIiwiZGF0YSI6eyJ0YWJsZXQiOnt9LCJtb2JpbGUiOnt9fX0=&#8221; mobile_reset_margin=&#8221;no&#8221; tablet_reset_margin=&#8221;no&#8221; wd_z_index=&#8221;no&#8221;]\t\t<div id=\"wd-65dd90ef6621f\" class=\"wd-image wd-wpb wd-rs-65dd90ef6621f text-left \">\n\t\t\t\n\t\t\t<img loading=\"lazy\" decoding=\"async\" width=\"800\" height=\"1007\" src=\"https:\/\/www.phoneaccessories.top\/wp-content\/uploads\/2024\/02\/Gold-Plated-HDMI-to-DVI-Cable-4K-60Hz-1080P-DVI-to-HDMI-Cable-Adapter-for-HDTV_des.jpg\" class=\"attachment-full size-full\" alt=\"Gold Plated HDMI to DVI Cable 4K 60Hz 1080P DVI to HDMI Cable Adapter for HDTV_des\" srcset=\"https:\/\/www.phoneaccessories.top\/wp-content\/uploads\/2024\/02\/Gold-Plated-HDMI-to-DVI-Cable-4K-60Hz-1080P-DVI-to-HDMI-Cable-Adapter-for-HDTV_des.jpg 800w, https:\/\/www.phoneaccessories.top\/wp-content\/uploads\/2024\/02\/Gold-Plated-HDMI-to-DVI-Cable-4K-60Hz-1080P-DVI-to-HDMI-Cable-Adapter-for-HDTV_des-238x300.jpg 238w, https:\/\/www.phoneaccessories.top\/wp-content\/uploads\/2024\/02\/Gold-Plated-HDMI-to-DVI-Cable-4K-60Hz-1080P-DVI-to-HDMI-Cable-Adapter-for-HDTV_des-768x967.jpg 768w, https:\/\/www.phoneaccessories.top\/wp-content\/uploads\/2024\/02\/Gold-Plated-HDMI-to-DVI-Cable-4K-60Hz-1080P-DVI-to-HDMI-Cable-Adapter-for-HDTV_des-148x186.jpg 148w\" sizes=\"auto, (max-width: 800px) 100vw, 800px\" \/>\n\t\t\t\t\t<\/div>\n\t\t[\/vc_column][\/vc_row][vc_row content_placement=&#8221;middle&#8221; css=&#8221;.vc_custom_1661859749753{margin-bottom: 5px !important;}&#8221; woodmart_css_id=&#8221;630df7a1901c8&#8243; responsive_spacing=&#8221;eyJwYXJhbV90eXBlIjoid29vZG1hcnRfcmVzcG9uc2l2ZV9zcGFjaW5nIiwic2VsZWN0b3JfaWQiOiI2MzBkZjdhMTkwMWM4Iiwic2hvcnRjb2RlIjoidmNfcm93IiwiZGF0YSI6eyJ0YWJsZXQiOnt9LCJtb2JpbGUiOnt9fX0=&#8221; mobile_bg_img_hidden=&#8221;no&#8221; tablet_bg_img_hidden=&#8221;no&#8221; woodmart_parallax=&#8221;0&#8243; woodmart_gradient_switch=&#8221;no&#8221; woodmart_box_shadow=&#8221;no&#8221; wd_z_index=&#8221;no&#8221; woodmart_disable_overflow=&#8221;0&#8243; row_reverse_mobile=&#8221;0&#8243; row_reverse_tablet=&#8221;0&#8243;][vc_column offset=&#8221;vc_col-lg-6&#8243; woodmart_css_id=&#8221;630df6ac333b1&#8243; parallax_scroll=&#8221;no&#8221; woodmart_sticky_column=&#8221;false&#8221; wd_collapsible_content_switcher=&#8221;no&#8221; wd_column_role_offcanvas_desktop=&#8221;no&#8221; wd_column_role_offcanvas_tablet=&#8221;no&#8221; wd_column_role_offcanvas_mobile=&#8221;no&#8221; wd_column_role_content_desktop=&#8221;no&#8221; wd_column_role_content_tablet=&#8221;no&#8221; wd_column_role_content_mobile=&#8221;no&#8221; mobile_bg_img_hidden=&#8221;no&#8221; tablet_bg_img_hidden=&#8221;no&#8221; woodmart_parallax=&#8221;0&#8243; woodmart_box_shadow=&#8221;no&#8221; responsive_spacing=&#8221;eyJwYXJhbV90eXBlIjoid29vZG1hcnRfcmVzcG9uc2l2ZV9zcGFjaW5nIiwic2VsZWN0b3JfaWQiOiI2MzBkZjZhYzMzM2IxIiwic2hvcnRjb2RlIjoidmNfY29sdW1uIiwiZGF0YSI6eyJ0YWJsZXQiOnt9LCJtb2JpbGUiOnt9fX0=&#8221; mobile_reset_margin=&#8221;no&#8221; tablet_reset_margin=&#8221;no&#8221; wd_z_index=&#8221;no&#8221;]\n\t\t<div id=\"wd-64d2fde515c47\" class=\"title-wrapper wd-wpb set-mb-s reset-last-child  wd-rs-64d2fde515c47 wd-title-color-default wd-title-style-default text-left vc_custom_1691549161013 wd-underline-colored\">\n\t\t\t\n\t\t\t<div class=\"liner-continer\">\n\t\t\t\t<h4 class=\"woodmart-title-container title  wd-font-weight- wd-fontsize-l\" >Embalagem<\/h4>\n\t\t\t\t\t\t\t<\/div>\n\t\t\t\n\t\t\t\n\t\t\t\n\t\t<\/div>\n\t\t\n\t\t\t\t<div id=\"wd-65dd90ca3737b\" class=\"wd-text-block wd-wpb reset-last-child wd-rs-65dd90ca3737b text-left \">\n\t\t\t<div class=\"attribute-item\">\n<div class=\"left\">Detalhes da embalagem: 100 pe\u00e7as embaladas em caixa, 1 pe\u00e7a embalada em pacote de varejo<\/div>\n<\/div>\n<div class=\"attribute-item\">\n<div class=\"left\">Unidades de venda: item \u00fanico<\/div>\n<\/div>\n<div class=\"attribute-item\">\n<div class=\"left\">Tamanho de pacote \u00fanico: 14X8X4 cm<\/div>\n<\/div>\n<div class=\"attribute-item\">\n<div class=\"left\">Peso bruto \u00fanico: 0.300 kg<\/div>\n<\/div>\n\t\t<\/div>\n\t\t\t\t\t<div class=\"info-box-wrapper\">\n\t\t\t\t<div id=\"wd-65b35e8a8a1b8\" class=\" wd-rs-65b35e8a8a1b8 wd-info-box wd-wpb text-left box-icon-align-left box-style- color-scheme- wd-bg-none wd-items-top \">\n\t\t\t\t\t\t\t\t\t\t\t<div class=\"box-icon-wrapper  box-with-icon box-icon-simple\">\n\t\t\t\t\t\t\t<div class=\"info-box-icon\">\n\n\t\t\t\t\t\t\t\n\t\t\t\t\t\t\t\t\t\t\t\t\t\t\t\t\t<br \/>\n<b>Warning<\/b>:  Trying to access array offset on value of type bool in <b>\/www\/wwwroot\/wwphoneaccessoriestop\/wp-includes\/media.php<\/b> on line <b>800<\/b><br \/>\n<br \/>\n<b>Warning<\/b>:  Trying to access array offset on value of type bool in <b>\/www\/wwwroot\/wwphoneaccessoriestop\/wp-includes\/media.php<\/b> on line <b>806<\/b><br \/>\n<img loading=\"lazy\" decoding=\"async\" width=\"65\" height=\"65\" src=\"https:\/\/www.phoneaccessories.top\/wp-content\/uploads\/2023\/08\/AllenLee.jpg\" class=\"attachment-65x65 size-65x65\" alt=\"AllenLee\" \/>\t\t\t\t\t\t\t\t\t\t\t\t\t\t\t\n\t\t\t\t\t\t\t<\/div>\n\t\t\t\t\t\t<\/div>\n\t\t\t\t\t\t\t\t\t\t<div class=\"info-box-content\">\n\t\t\t\t\t\t<h4 class=\"info-box-title title box-title-style-default wd-fontsize-m\">Allen<\/h4>\t\t\t\t\t\t<div class=\"info-box-inner set-cont-mb-s reset-last-child\"><p>YIWU XUANYING<\/p>\n<\/div>\n\n\t\t\t\t\t\t\t\t\t\t\t<\/div>\n\n\t\t\t\t\t\n\t\t\t\t\t\t\t\t\t<\/div>\n\t\t\t<\/div>\n\t\t[\/vc_column][\/vc_row]<\/p>\n<\/div>","protected":false},"excerpt":{"rendered":"<p>[vc_row content_placement=&#8221;middle&#8221; css=&#8221;.vc_custom_1661859699693{margin-bottom: 30px !important;}&#8221; woodmart_css_id=&#8221;630df76a36754&#8243; responsive_spacing=&#8221;eyJwYXJhbV90eXBlIjoid29vZG1hcnRfcmVzcG9uc2l2ZV9zcGFjaW5nIiwic2VsZWN0b3JfaWQiOiI2MzBkZjc2YTM2NzU0Iiwic2hvcnRjb2RlIjoidmNfcm93IiwiZGF0YSI6eyJ0YWJsZXQiOnsibWFyZ2luLWJvdHRvbSI6IjEwIn0sIm1vYmlsZSI6e319fQ==&#8221; mobile_bg_img_hidden=&#8221;no&#8221; tablet_bg_img_hidden=&#8221;no&#8221; woodmart_parallax=&#8221;0&#8243; woodmart_gradient_switch=&#8221;no&#8221; woodmart_box_shadow=&#8221;no&#8221; wd_z_index=&#8221;no&#8221; woodmart_disable_overflow=&#8221;0&#8243; row_reverse_mobile=&#8221;0&#8243; row_reverse_tablet=&#8221;0&#8243;][vc_column offset=&#8221;vc_col-lg-6&#8243; woodmart_css_id=&#8221;630df61cde26b&#8221; parallax_scroll=&#8221;no&#8221; woodmart_sticky_column=&#8221;false&#8221;<\/p>\n","protected":false},"featured_media":2633,"template":"","meta":{"_seopress_robots_primary_cat":"","_seopress_titles_title":"Cabo HDMI para DVI 4K 60Hz 1080P Adaptador de cabo DVI para HDMI para HDTV","_seopress_titles_desc":"Pre\u00e7o de atacado DVI 24 + 5 Cabo HDMI macho F\u00e1brica banhado a ouro HDMI para cabo DVI 4K 60Hz 1080P Adaptador de cabo DVI para HDMI para fabricante de HDTV","_seopress_robots_index":""},"product_brand":[],"product_cat":[99],"product_tag":[357,335],"class_list":{"0":"post-2656","1":"product","2":"type-product","3":"status-publish","4":"has-post-thumbnail","6":"product_cat-cabos-pt","7":"product_tag-cabo-dvi","8":"product_tag-hdmi-pt-br","10":"first","11":"instock","12":"shipping-taxable","13":"product-type-simple"},"_links":{"self":[{"href":"https:\/\/www.phoneaccessories.top\/pt-br\/wp-json\/wp\/v2\/product\/2656","targetHints":{"allow":["GET"]}}],"collection":[{"href":"https:\/\/www.phoneaccessories.top\/pt-br\/wp-json\/wp\/v2\/product"}],"about":[{"href":"https:\/\/www.phoneaccessories.top\/pt-br\/wp-json\/wp\/v2\/types\/product"}],"wp:featuredmedia":[{"embeddable":true,"href":"https:\/\/www.phoneaccessories.top\/pt-br\/wp-json\/wp\/v2\/media\/2633"}],"wp:attachment":[{"href":"https:\/\/www.phoneaccessories.top\/pt-br\/wp-json\/wp\/v2\/media?parent=2656"}],"wp:term":[{"taxonomy":"product_brand","embeddable":true,"href":"https:\/\/www.phoneaccessories.top\/pt-br\/wp-json\/wp\/v2\/product_brand?post=2656"},{"taxonomy":"product_cat","embeddable":true,"href":"https:\/\/www.phoneaccessories.top\/pt-br\/wp-json\/wp\/v2\/product_cat?post=2656"},{"taxonomy":"product_tag","embeddable":true,"href":"https:\/\/www.phoneaccessories.top\/pt-br\/wp-json\/wp\/v2\/product_tag?post=2656"}],"curies":[{"name":"wp","href":"https:\/\/api.w.org\/{rel}","templated":true}]}}